{"id":1941,"date":"2022-11-03T11:01:18","date_gmt":"2022-11-03T11:01:18","guid":{"rendered":"https:\/\/nissantravelguide.com\/?page_id=1941"},"modified":"2022-12-13T10:40:26","modified_gmt":"2022-12-13T10:40:26","slug":"sad-janka-krala","status":"publish","type":"page","link":"https:\/\/nissantravelguide.com\/en\/bratislava\/sad-janka-krala\/","title":{"rendered":"Sad Janka Kr\u00e1\u013ea"},"content":{"rendered":"<p>Need a moment to unwind? Lose yourself in the tranquil green oasis of Sad Janka Kr\u00e1\u013ea, the oldest public park in Central Europe. You\u2019ll forget you\u2019re in the middle of a bustling city as you relax and take in the natural beauty of this haven. Located between the Old Bridge and the New Bridge, it\u2019s the ideal place for a walk \u2013 one that allows you to take in the contrasting architecture that sees Bratislava combine the old and the new worlds.<\/p>\n<p>And while you take time to recharge, remember your car needs a moment to do the same. Take advantage of the local charging stations by parking your car at the Aupark shopping mall close by.<\/p>\n","protected":false},"excerpt":{"rendered":"<p>Need a moment to unwind? Lose yourself in the tranquil green oasis of Sad Janka Kr\u00e1\u013ea, the oldest public park in Central Europe. You\u2019ll forget you\u2019re in the middle of a bustling city as you relax and take in the natural beauty of this haven. Located between the Old Bridge and the New Bridge, it\u2019s [&hellip;]<\/p>\n","protected":false},"author":1,"featured_media":3016,"parent":1680,"menu_order":0,"comment_status":"closed","ping_status":"closed","template":"tpl-location.php","meta":{"_acf_changed":false,"footnotes":""},"acf":{"address":"Sad Janka Kr\u00e1\u013ea, 851 01 Petr\u017ealka, Slovakia","location_type":"beauty","map_link":"https:\/\/www.google.com\/maps\/place\/Sad+Janka+Kr%C3%A1%C4%BEa\/@48.1352454,17.1097314,15z\/data=!4m5!3m4!1s0x0:0xf2853fcb91ce053c!8m2!3d48.1352454!4d17.1097314","trip_advisor":"https:\/\/www.tripadvisor.co.uk\/Attraction_Review-g274924-d4155320-Reviews-Sad_Janka_KraLa-Bratislava_Bratislava_Region.html","coordinates":{"latitude":"48.1352454","longitude":"17.1097314"},"charging_stations":[{"charging_station":"Type 2, 22kW: Aupark Shopping Center Car Park (950m \/ 3 min)"}]},"aioseo_notices":[],"_links":{"self":[{"href":"https:\/\/nissantravelguide.com\/en\/wp-json\/wp\/v2\/pages\/1941"}],"collection":[{"href":"https:\/\/nissantravelguide.com\/en\/wp-json\/wp\/v2\/pages"}],"about":[{"href":"https:\/\/nissantravelguide.com\/en\/wp-json\/wp\/v2\/types\/page"}],"author":[{"embeddable":true,"href":"https:\/\/nissantravelguide.com\/en\/wp-json\/wp\/v2\/users\/1"}],"replies":[{"embeddable":true,"href":"https:\/\/nissantravelguide.com\/en\/wp-json\/wp\/v2\/comments?post=1941"}],"version-history":[{"count":5,"href":"https:\/\/nissantravelguide.com\/en\/wp-json\/wp\/v2\/pages\/1941\/revisions"}],"predecessor-version":[{"id":4291,"href":"https:\/\/nissantravelguide.com\/en\/wp-json\/wp\/v2\/pages\/1941\/revisions\/4291"}],"up":[{"embeddable":true,"href":"https:\/\/nissantravelguide.com\/en\/wp-json\/wp\/v2\/pages\/1680"}],"wp:featuredmedia":[{"embeddable":true,"href":"https:\/\/nissantravelguide.com\/en\/wp-json\/wp\/v2\/media\/3016"}],"wp:attachment":[{"href":"https:\/\/nissantravelguide.com\/en\/wp-json\/wp\/v2\/media?parent=1941"}],"curies":[{"name":"wp","href":"https:\/\/api.w.org\/{rel}","templated":true}]}}