{"id":1965,"date":"2022-11-03T11:28:00","date_gmt":"2022-11-03T11:28:00","guid":{"rendered":"https:\/\/nissantravelguide.com\/?page_id=1965"},"modified":"2022-12-13T10:54:56","modified_gmt":"2022-12-13T10:54:56","slug":"la-boheme-cafe","status":"publish","type":"page","link":"https:\/\/nissantravelguide.com\/en\/prague\/la-boheme-cafe\/","title":{"rendered":"La Boh\u00e8me Caf\u00e9"},"content":{"rendered":"<p>For lovers of fine coffee, La Boh\u00e8me Caf\u00e9 is a must-visit. Run by a dedicated team of enthusiasts, La Boh\u00e8me stocks unique and exceptional blends from all over the world. Going a step further to ensure that your morning coffee is truly the best, the caf\u00e9 follows a stringent fair-trade policy. It only sources coffee from business partners who treat their farm workers respectfully, provide them with good wages and follow environmentally-friendly practices in the cultivation and processing of their products.<\/p>\n","protected":false},"excerpt":{"rendered":"<p>For lovers of fine coffee, La Boh\u00e8me Caf\u00e9 is a must-visit. Run by a dedicated team of enthusiasts, La Boh\u00e8me stocks unique and exceptional blends from all over the world. Going a step further to ensure that your morning coffee is truly the best, the caf\u00e9 follows a stringent fair-trade policy. It only sources coffee [&hellip;]<\/p>\n","protected":false},"author":1,"featured_media":3619,"parent":1606,"menu_order":0,"comment_status":"closed","ping_status":"closed","template":"tpl-location.php","meta":{"_acf_changed":false,"footnotes":""},"acf":{"address":"S\u00e1zavsk\u00e1 2031\/32, 120 00 Vinohrady, Czechia","location_type":"beauty","map_link":"https:\/\/www.google.com\/maps\/place\/La+Boh%C3%A8me+Caf%C3%A9\/@50.0767609,14.4408578,15z\/data=!4m5!3m4!1s0x0:0xc8660818d935dd00!8m2!3d50.0767919!4d14.4407401","trip_advisor":"https:\/\/www.tripadvisor.com\/Restaurant_Review-g274707-d6707589-Reviews-La_Boheme_Cafe-Prague_Bohemia.html","coordinates":{"latitude":"50.0767609","longitude":"14.4408578"},"charging_stations":[{"charging_station":"Type 2 (22kW): Sokolovska 11 (2.7km \/ 9 min)"}]},"aioseo_notices":[],"_links":{"self":[{"href":"https:\/\/nissantravelguide.com\/en\/wp-json\/wp\/v2\/pages\/1965"}],"collection":[{"href":"https:\/\/nissantravelguide.com\/en\/wp-json\/wp\/v2\/pages"}],"about":[{"href":"https:\/\/nissantravelguide.com\/en\/wp-json\/wp\/v2\/types\/page"}],"author":[{"embeddable":true,"href":"https:\/\/nissantravelguide.com\/en\/wp-json\/wp\/v2\/users\/1"}],"replies":[{"embeddable":true,"href":"https:\/\/nissantravelguide.com\/en\/wp-json\/wp\/v2\/comments?post=1965"}],"version-history":[{"count":5,"href":"https:\/\/nissantravelguide.com\/en\/wp-json\/wp\/v2\/pages\/1965\/revisions"}],"predecessor-version":[{"id":4327,"href":"https:\/\/nissantravelguide.com\/en\/wp-json\/wp\/v2\/pages\/1965\/revisions\/4327"}],"up":[{"embeddable":true,"href":"https:\/\/nissantravelguide.com\/en\/wp-json\/wp\/v2\/pages\/1606"}],"wp:featuredmedia":[{"embeddable":true,"href":"https:\/\/nissantravelguide.com\/en\/wp-json\/wp\/v2\/media\/3619"}],"wp:attachment":[{"href":"https:\/\/nissantravelguide.com\/en\/wp-json\/wp\/v2\/media?parent=1965"}],"curies":[{"name":"wp","href":"https:\/\/api.w.org\/{rel}","templated":true}]}}