{"id":1969,"date":"2022-11-03T11:34:02","date_gmt":"2022-11-03T11:34:02","guid":{"rendered":"https:\/\/nissantravelguide.com\/?page_id=1969"},"modified":"2022-12-13T10:51:24","modified_gmt":"2022-12-13T10:51:24","slug":"babiccina-zahrada","status":"publish","type":"page","link":"https:\/\/nissantravelguide.com\/en\/prague\/babiccina-zahrada\/","title":{"rendered":"Babi\u010d\u010dina Zahrada"},"content":{"rendered":"<p>Take a step back in time and bask in the warm glow \u2013 and irresistible aromas \u2013 of Grandma\u2019s kitchen at Babi\u010d\u010dina Zahrada, an intimately-styled restaurant complete with outdoor dining (and its own guesthouse) set among beautiful gardens. There\u2019s one thing the team are strict about when it comes to the menu: every dish must be prepared from ingredients of Czech origin, which means sourcing them sustainably from local farmers and suppliers. What\u2019s more, they even offer free electric car charging for guests!<\/p>\n","protected":false},"excerpt":{"rendered":"<p>Take a step back in time and bask in the warm glow \u2013 and irresistible aromas \u2013 of Grandma\u2019s kitchen at Babi\u010d\u010dina Zahrada, an intimately-styled restaurant complete with outdoor dining (and its own guesthouse) set among beautiful gardens. There\u2019s one thing the team are strict about when it comes to the menu: every dish must [&hellip;]<\/p>\n","protected":false},"author":1,"featured_media":3504,"parent":1606,"menu_order":0,"comment_status":"closed","ping_status":"closed","template":"tpl-location.php","meta":{"_acf_changed":false,"footnotes":""},"acf":{"address":"Tov\u00e1rn\u00ed 536, 252 43 Pr\u016fhonice, Czechia","location_type":"restaurant","map_link":"https:\/\/www.google.com\/maps\/place\/Babi%C4%8D%C4%8Dina+zahrada\/@49.9965528,14.5500917,15z\/data=!4m5!3m4!1s0x0:0xe3d9e4d4ef592bce!8m2!3d49.9965528!4d14.5500917","trip_advisor":"https:\/\/www.tripadvisor.com\/Restaurant_Review-g274707-d4881536-Reviews-Babiccina_Zahrada-Prague_Bohemia.html","coordinates":{"latitude":"49.9965528","longitude":"14.5500917"},"charging_stations":[{"charging_station":"Automobilova 585 (7.8km \/ 12 min)"}]},"aioseo_notices":[],"_links":{"self":[{"href":"https:\/\/nissantravelguide.com\/en\/wp-json\/wp\/v2\/pages\/1969"}],"collection":[{"href":"https:\/\/nissantravelguide.com\/en\/wp-json\/wp\/v2\/pages"}],"about":[{"href":"https:\/\/nissantravelguide.com\/en\/wp-json\/wp\/v2\/types\/page"}],"author":[{"embeddable":true,"href":"https:\/\/nissantravelguide.com\/en\/wp-json\/wp\/v2\/users\/1"}],"replies":[{"embeddable":true,"href":"https:\/\/nissantravelguide.com\/en\/wp-json\/wp\/v2\/comments?post=1969"}],"version-history":[{"count":4,"href":"https:\/\/nissantravelguide.com\/en\/wp-json\/wp\/v2\/pages\/1969\/revisions"}],"predecessor-version":[{"id":4317,"href":"https:\/\/nissantravelguide.com\/en\/wp-json\/wp\/v2\/pages\/1969\/revisions\/4317"}],"up":[{"embeddable":true,"href":"https:\/\/nissantravelguide.com\/en\/wp-json\/wp\/v2\/pages\/1606"}],"wp:featuredmedia":[{"embeddable":true,"href":"https:\/\/nissantravelguide.com\/en\/wp-json\/wp\/v2\/media\/3504"}],"wp:attachment":[{"href":"https:\/\/nissantravelguide.com\/en\/wp-json\/wp\/v2\/media?parent=1969"}],"curies":[{"name":"wp","href":"https:\/\/api.w.org\/{rel}","templated":true}]}}