{"id":1971,"date":"2022-11-03T11:38:42","date_gmt":"2022-11-03T11:38:42","guid":{"rendered":"https:\/\/nissantravelguide.com\/?page_id=1971"},"modified":"2022-12-13T10:54:22","modified_gmt":"2022-12-13T10:54:22","slug":"kasarna-karlin","status":"publish","type":"page","link":"https:\/\/nissantravelguide.com\/en\/prague\/kasarna-karlin\/","title":{"rendered":"Kas\u00e1rna Karl\u00edn"},"content":{"rendered":"<p>Kas\u00e1rna Karl\u00edn (also known as the Karl\u00edn Barracks) is a hip cultural meeting spot located close to the heart of Prague. Led by a team of passionate volunteers and collaborators, Kasarna prides itself on being free of \u2018visual clutter\u2019 with its no-ads policy. It features a coffee shop, a cinema, a sand pit, a gallery, a campfire pit and a bar with a club (is that all\u2026). It\u2019s a lively place to visit for anyone looking for a truly unique local experience.<\/p>\n<p>Kasarna is also a site that\u2019s conscious of its impact on the local environment. No doubt you\u2019ll find its waste-sorting and recycling practices a little more rigorous than most\u2026<\/p>\n","protected":false},"excerpt":{"rendered":"<p>Kas\u00e1rna Karl\u00edn (also known as the Karl\u00edn Barracks) is a hip cultural meeting spot located close to the heart of Prague. Led by a team of passionate volunteers and collaborators, Kasarna prides itself on being free of \u2018visual clutter\u2019 with its no-ads policy. It features a coffee shop, a cinema, a sand pit, a gallery, [&hellip;]<\/p>\n","protected":false},"author":1,"featured_media":3599,"parent":1606,"menu_order":0,"comment_status":"closed","ping_status":"closed","template":"tpl-location.php","meta":{"_acf_changed":false,"footnotes":""},"acf":{"address":"Prvn\u00edho pluku 20\/2, 186 00 Karl\u00edn, Czechia","location_type":"interest","map_link":"https:\/\/www.google.com\/maps\/place\/Kas%C3%A1rna+Karl%C3%ADn\/@50.0898307,14.4434196,15z\/data=!4m5!3m4!1s0x0:0xb4ab62b11de22eb4!8m2!3d50.0898307!4d14.4434196","trip_advisor":"https:\/\/www.tripadvisor.co.nz\/Attraction_Review-g274707-d12702015-Reviews-Kasarna_Karlin-Prague_Bohemia.html","coordinates":{"latitude":"50.0898307","longitude":"14.4434196"},"charging_stations":[{"charging_station":"Type 2 (22kW): Sokolovska 11 (950m \/ 4 min)"}]},"aioseo_notices":[],"_links":{"self":[{"href":"https:\/\/nissantravelguide.com\/en\/wp-json\/wp\/v2\/pages\/1971"}],"collection":[{"href":"https:\/\/nissantravelguide.com\/en\/wp-json\/wp\/v2\/pages"}],"about":[{"href":"https:\/\/nissantravelguide.com\/en\/wp-json\/wp\/v2\/types\/page"}],"author":[{"embeddable":true,"href":"https:\/\/nissantravelguide.com\/en\/wp-json\/wp\/v2\/users\/1"}],"replies":[{"embeddable":true,"href":"https:\/\/nissantravelguide.com\/en\/wp-json\/wp\/v2\/comments?post=1971"}],"version-history":[{"count":6,"href":"https:\/\/nissantravelguide.com\/en\/wp-json\/wp\/v2\/pages\/1971\/revisions"}],"predecessor-version":[{"id":4325,"href":"https:\/\/nissantravelguide.com\/en\/wp-json\/wp\/v2\/pages\/1971\/revisions\/4325"}],"up":[{"embeddable":true,"href":"https:\/\/nissantravelguide.com\/en\/wp-json\/wp\/v2\/pages\/1606"}],"wp:featuredmedia":[{"embeddable":true,"href":"https:\/\/nissantravelguide.com\/en\/wp-json\/wp\/v2\/media\/3599"}],"wp:attachment":[{"href":"https:\/\/nissantravelguide.com\/en\/wp-json\/wp\/v2\/media?parent=1971"}],"curies":[{"name":"wp","href":"https:\/\/api.w.org\/{rel}","templated":true}]}}