{"id":1977,"date":"2022-11-03T11:44:03","date_gmt":"2022-11-03T11:44:03","guid":{"rendered":"https:\/\/nissantravelguide.com\/?page_id=1977"},"modified":"2022-12-13T10:53:14","modified_gmt":"2022-12-13T10:53:14","slug":"farmers-markets-naplavka-and-others","status":"publish","type":"page","link":"https:\/\/nissantravelguide.com\/en\/prague\/farmers-markets-naplavka-and-others\/","title":{"rendered":"Farmers Markets (Naplavka and others)"},"content":{"rendered":"<p>Here\u2019s how to discover the freshest and finest Czech produce right on the banks of the Vltava River. Browse more than 90 stalls at the Naplavka Farmers\u2019 Market, which has been running on Saturdays since 2010 and is now a fixture of the Prague weekend. Alongside the fresh produce, you\u2019ll find natural and ethical cosmetics, homemade artisanal items, coffee, fruit jams and preserves, fresh flowers and much more\u2026 Oh, and there\u2019s also delicious food and live music to enjoy while you stroll around the market.<\/p>\n<p>Note: Open on Saturdays from February until Christmas, 8AM \u2013 2PM. Visitors are encouraged to bring their own bags, preferably made of sustainable materials.<\/p>\n","protected":false},"excerpt":{"rendered":"<p>Here\u2019s how to discover the freshest and finest Czech produce right on the banks of the Vltava River. Browse more than 90 stalls at the Naplavka Farmers\u2019 Market, which has been running on Saturdays since 2010 and is now a fixture of the Prague weekend. Alongside the fresh produce, you\u2019ll find natural and ethical cosmetics, [&hellip;]<\/p>\n","protected":false},"author":1,"featured_media":3579,"parent":1606,"menu_order":0,"comment_status":"closed","ping_status":"closed","template":"tpl-location.php","meta":{"_acf_changed":false,"footnotes":""},"acf":{"address":"Ra\u0161\u00ednovo n\u00e1b\u0159e\u017e\u00ed Vltavsk\u00e1, N\u00e1plavka, 120 00 Praha 2, Czechia","location_type":"interest","map_link":"https:\/\/www.google.com\/maps\/place\/Farmers'+Saturday+market\/@50.0706661,14.4140813,15z\/data=!4m5!3m4!1s0x0:0xbe27b6c2d22d02c2!8m2!3d50.0706661!4d14.4140813","trip_advisor":"https:\/\/www.tripadvisor.com\/Attraction_Review-g274707-d7623543-Reviews-Naplavka_Farmer_s_Market-Prague_Bohemia.html","coordinates":{"latitude":"50.0706661","longitude":"14.4140813"},"charging_stations":[{"charging_station":"Type 2 (22kW): Sokolovska 11 (2.7km \/ 9 min)"}]},"aioseo_notices":[],"_links":{"self":[{"href":"https:\/\/nissantravelguide.com\/en\/wp-json\/wp\/v2\/pages\/1977"}],"collection":[{"href":"https:\/\/nissantravelguide.com\/en\/wp-json\/wp\/v2\/pages"}],"about":[{"href":"https:\/\/nissantravelguide.com\/en\/wp-json\/wp\/v2\/types\/page"}],"author":[{"embeddable":true,"href":"https:\/\/nissantravelguide.com\/en\/wp-json\/wp\/v2\/users\/1"}],"replies":[{"embeddable":true,"href":"https:\/\/nissantravelguide.com\/en\/wp-json\/wp\/v2\/comments?post=1977"}],"version-history":[{"count":5,"href":"https:\/\/nissantravelguide.com\/en\/wp-json\/wp\/v2\/pages\/1977\/revisions"}],"predecessor-version":[{"id":4323,"href":"https:\/\/nissantravelguide.com\/en\/wp-json\/wp\/v2\/pages\/1977\/revisions\/4323"}],"up":[{"embeddable":true,"href":"https:\/\/nissantravelguide.com\/en\/wp-json\/wp\/v2\/pages\/1606"}],"wp:featuredmedia":[{"embeddable":true,"href":"https:\/\/nissantravelguide.com\/en\/wp-json\/wp\/v2\/media\/3579"}],"wp:attachment":[{"href":"https:\/\/nissantravelguide.com\/en\/wp-json\/wp\/v2\/media?parent=1977"}],"curies":[{"name":"wp","href":"https:\/\/api.w.org\/{rel}","templated":true}]}}