{"id":1993,"date":"2022-11-03T11:55:04","date_gmt":"2022-11-03T11:55:04","guid":{"rendered":"https:\/\/nissantravelguide.com\/?page_id=1993"},"modified":"2022-12-13T10:56:25","modified_gmt":"2022-12-13T10:56:25","slug":"sonnentor","status":"publish","type":"page","link":"https:\/\/nissantravelguide.com\/en\/prague\/sonnentor\/","title":{"rendered":"Sonnentor"},"content":{"rendered":"<p>Discover the unique tastes and aromas of fine teas, spices, and herbs at Sonnentor, one of the Czech Republic\u2019s oldest organic businesses. In addition to selling fair-trade and carbon neutral products, Sonnentor offers extensive tours of their tea and spice processing units \u2013 so you can experience the genesis of your favourite infused tea bags first hand!<\/p>\n","protected":false},"excerpt":{"rendered":"<p>Discover the unique tastes and aromas of fine teas, spices, and herbs at Sonnentor, one of the Czech Republic\u2019s oldest organic businesses. In addition to selling fair-trade and carbon neutral products, Sonnentor offers extensive tours of their tea and spice processing units \u2013 so you can experience the genesis of your favourite infused tea bags [&hellip;]<\/p>\n","protected":false},"author":1,"featured_media":3654,"parent":1606,"menu_order":0,"comment_status":"closed","ping_status":"closed","template":"tpl-location.php","meta":{"_acf_changed":false,"footnotes":""},"acf":{"address":"P\u0159\u00edhon 943, 696 15 \u010cejkovice, Czechia","location_type":"beauty","map_link":"https:\/\/www.google.com\/maps\/place\/Sonnentor+s.r.o.\/@48.9023209,16.9448633,17z\/data=!3m1!4b1!4m5!3m4!1s0x4712d7bfa2136867:0x3a03e1f6c6183136!8m2!3d48.9023209!4d16.947052?shorturl=1","trip_advisor":"https:\/\/www.tripadvisor.com\/Attraction_Review-g4591497-d10412446-Reviews-SONNENTOR_Experience-Cejkovice_South_Moravian_Region_Moravia.html","coordinates":{"latitude":"48.9023209","longitude":"16.9448633"},"charging_stations":[{"charging_station":"Stara Posta 750 (50.6km \/ 45 min)"}]},"aioseo_notices":[],"_links":{"self":[{"href":"https:\/\/nissantravelguide.com\/en\/wp-json\/wp\/v2\/pages\/1993"}],"collection":[{"href":"https:\/\/nissantravelguide.com\/en\/wp-json\/wp\/v2\/pages"}],"about":[{"href":"https:\/\/nissantravelguide.com\/en\/wp-json\/wp\/v2\/types\/page"}],"author":[{"embeddable":true,"href":"https:\/\/nissantravelguide.com\/en\/wp-json\/wp\/v2\/users\/1"}],"replies":[{"embeddable":true,"href":"https:\/\/nissantravelguide.com\/en\/wp-json\/wp\/v2\/comments?post=1993"}],"version-history":[{"count":4,"href":"https:\/\/nissantravelguide.com\/en\/wp-json\/wp\/v2\/pages\/1993\/revisions"}],"predecessor-version":[{"id":4333,"href":"https:\/\/nissantravelguide.com\/en\/wp-json\/wp\/v2\/pages\/1993\/revisions\/4333"}],"up":[{"embeddable":true,"href":"https:\/\/nissantravelguide.com\/en\/wp-json\/wp\/v2\/pages\/1606"}],"wp:featuredmedia":[{"embeddable":true,"href":"https:\/\/nissantravelguide.com\/en\/wp-json\/wp\/v2\/media\/3654"}],"wp:attachment":[{"href":"https:\/\/nissantravelguide.com\/en\/wp-json\/wp\/v2\/media?parent=1993"}],"curies":[{"name":"wp","href":"https:\/\/api.w.org\/{rel}","templated":true}]}}