{"id":2047,"date":"2022-11-07T12:40:52","date_gmt":"2022-11-07T12:40:52","guid":{"rendered":"https:\/\/nissantravelguide.com\/?page_id=2047"},"modified":"2022-12-13T10:46:45","modified_gmt":"2022-12-13T10:46:45","slug":"hotel-clark","status":"publish","type":"page","link":"https:\/\/nissantravelguide.com\/en\/budapest\/hotel-clark\/","title":{"rendered":"Hotel Clark"},"content":{"rendered":"<p>If you\u2019re looking for somewhere stylish and exclusive to stay on your journey, Hotel Clark offers exactly that. It\u2019s an adult-only hotel where tradition and modern design meet \u2013 creating an immensely comfortable environment from which to begin your exploration of Budapest. Overlooking the famous Chain Bridge, the hotel sits near the banks of the Danube with the Castle District and tourist heartland of Pest not far away.<\/p>\n","protected":false},"excerpt":{"rendered":"<p>If you\u2019re looking for somewhere stylish and exclusive to stay on your journey, Hotel Clark offers exactly that. It\u2019s an adult-only hotel where tradition and modern design meet \u2013 creating an immensely comfortable environment from which to begin your exploration of Budapest. Overlooking the famous Chain Bridge, the hotel sits near the banks of the [&hellip;]<\/p>\n","protected":false},"author":1,"featured_media":3195,"parent":1665,"menu_order":0,"comment_status":"closed","ping_status":"closed","template":"tpl-location.php","meta":{"_acf_changed":false,"footnotes":""},"acf":{"address":"Budapest, Clark \u00c1d\u00e1m t\u00e9r 1, 1013 Hungary","location_type":"hotel","map_link":"https:\/\/www.google.com\/maps\/place\/Hotel+Clark+Budapest\/@47.4986712,19.0399433,15z\/data=!4m2!3m1!1s0x0:0xe97e4946649ecc5d?sa=X&ved=2ahUKEwj3pbDpjML6AhUrQ0EAHcFODA4Q_BJ6BQiBARAF","trip_advisor":"https:\/\/www.tripadvisor.co.uk\/Hotel_Review-g274887-d13392862-Reviews-Hotel_Clark_Budapest-Budapest_Central_Hungary.html","coordinates":{"latitude":"47.4986712","longitude":"19.0399433"},"charging_stations":[{"charging_station":"CHAdeMO (22.4kW) \/ CCS (22.4kW): Lovas Ut 41, 1012 (1.9km \/ 6 min)"}]},"aioseo_notices":[],"_links":{"self":[{"href":"https:\/\/nissantravelguide.com\/en\/wp-json\/wp\/v2\/pages\/2047"}],"collection":[{"href":"https:\/\/nissantravelguide.com\/en\/wp-json\/wp\/v2\/pages"}],"about":[{"href":"https:\/\/nissantravelguide.com\/en\/wp-json\/wp\/v2\/types\/page"}],"author":[{"embeddable":true,"href":"https:\/\/nissantravelguide.com\/en\/wp-json\/wp\/v2\/users\/1"}],"replies":[{"embeddable":true,"href":"https:\/\/nissantravelguide.com\/en\/wp-json\/wp\/v2\/comments?post=2047"}],"version-history":[{"count":5,"href":"https:\/\/nissantravelguide.com\/en\/wp-json\/wp\/v2\/pages\/2047\/revisions"}],"predecessor-version":[{"id":4306,"href":"https:\/\/nissantravelguide.com\/en\/wp-json\/wp\/v2\/pages\/2047\/revisions\/4306"}],"up":[{"embeddable":true,"href":"https:\/\/nissantravelguide.com\/en\/wp-json\/wp\/v2\/pages\/1665"}],"wp:featuredmedia":[{"embeddable":true,"href":"https:\/\/nissantravelguide.com\/en\/wp-json\/wp\/v2\/media\/3195"}],"wp:attachment":[{"href":"https:\/\/nissantravelguide.com\/en\/wp-json\/wp\/v2\/media?parent=2047"}],"curies":[{"name":"wp","href":"https:\/\/api.w.org\/{rel}","templated":true}]}}