{"id":2168,"date":"2022-11-23T14:11:23","date_gmt":"2022-11-23T14:11:23","guid":{"rendered":"https:\/\/nissantravelguide.com\/?page_id=2168"},"modified":"2022-12-13T10:44:33","modified_gmt":"2022-12-13T10:44:33","slug":"domus-peregrini-apartments","status":"publish","type":"page","link":"https:\/\/nissantravelguide.com\/en\/budapest\/domus-peregrini-apartments\/","title":{"rendered":"Domus Peregrini Apartments"},"content":{"rendered":"<p>If you are making your way from Budapest to Vienna or Bratislava, the town of Gy\u0151r is must see. In fact, getting off the highway and following the national road will enable you to enjoy some scenic routes taking you through vineyards, castles and medieval archabbeys. A great stopover on the way is Domus Peregini Apartments.<\/p>\n","protected":false},"excerpt":{"rendered":"<p>If you are making your way from Budapest to Vienna or Bratislava, the town of Gy\u0151r is must see. In fact, getting off the highway and following the national road will enable you to enjoy some scenic routes taking you through vineyards, castles and medieval archabbeys. A great stopover on the way is Domus Peregini [&hellip;]<\/p>\n","protected":false},"author":1,"featured_media":3125,"parent":1665,"menu_order":0,"comment_status":"closed","ping_status":"closed","template":"tpl-location.php","meta":{"_acf_changed":false,"footnotes":""},"acf":{"address":"Gy\u0151r, K\u00e1ptalandomb 8, 9021 Hungary","location_type":"hotel","map_link":"https:\/\/g.page\/domus-peregrini-apartmanok?share","trip_advisor":"https:\/\/www.tripadvisor.ca\/Hotel_Review-g274893-d21278428-Reviews-Domus_Peregrini_Apartmanok-Gyor_Gyor_Moson_Sopron_County_Central_Transdanubia.html","coordinates":{"latitude":"47.6883308","longitude":"17.6318387"},"charging_stations":[{"charging_station":"Type 2 22kW \/ CCS 75.2kW: Gy\u0151r, Audi Hung\u00e1ria \u00fat 1, 9027 Hungary (6.6km \/ 12 min)"}]},"aioseo_notices":[],"_links":{"self":[{"href":"https:\/\/nissantravelguide.com\/en\/wp-json\/wp\/v2\/pages\/2168"}],"collection":[{"href":"https:\/\/nissantravelguide.com\/en\/wp-json\/wp\/v2\/pages"}],"about":[{"href":"https:\/\/nissantravelguide.com\/en\/wp-json\/wp\/v2\/types\/page"}],"author":[{"embeddable":true,"href":"https:\/\/nissantravelguide.com\/en\/wp-json\/wp\/v2\/users\/1"}],"replies":[{"embeddable":true,"href":"https:\/\/nissantravelguide.com\/en\/wp-json\/wp\/v2\/comments?post=2168"}],"version-history":[{"count":4,"href":"https:\/\/nissantravelguide.com\/en\/wp-json\/wp\/v2\/pages\/2168\/revisions"}],"predecessor-version":[{"id":4300,"href":"https:\/\/nissantravelguide.com\/en\/wp-json\/wp\/v2\/pages\/2168\/revisions\/4300"}],"up":[{"embeddable":true,"href":"https:\/\/nissantravelguide.com\/en\/wp-json\/wp\/v2\/pages\/1665"}],"wp:featuredmedia":[{"embeddable":true,"href":"https:\/\/nissantravelguide.com\/en\/wp-json\/wp\/v2\/media\/3125"}],"wp:attachment":[{"href":"https:\/\/nissantravelguide.com\/en\/wp-json\/wp\/v2\/media?parent=2168"}],"curies":[{"name":"wp","href":"https:\/\/api.w.org\/{rel}","templated":true}]}}