{"id":4579,"date":"2023-02-07T13:39:56","date_gmt":"2023-02-07T13:39:56","guid":{"rendered":"https:\/\/nissantravelguide.com\/?page_id=4579"},"modified":"2023-02-08T12:20:02","modified_gmt":"2023-02-08T12:20:02","slug":"roznavska-28-a-bratislava-region-of-821-04-bratislava","status":"publish","type":"page","link":"https:\/\/nissantravelguide.com\/en\/bratislava\/roznavska-28-a-bratislava-region-of-821-04-bratislava\/","title":{"rendered":"Nissan Charging Station \u2013 Ro\u017e\u0148avsk\u00e1"},"content":{"rendered":"","protected":false},"excerpt":{"rendered":"","protected":false},"author":1,"featured_media":0,"parent":1680,"menu_order":0,"comment_status":"closed","ping_status":"closed","template":"tpl-location.php","meta":{"_acf_changed":false,"footnotes":""},"acf":{"address":"Ro\u017e\u0148avsk\u00e1 28\/A Bratislava Region of, 821 04 Bratislava \u2013 CHAdeMO (44kW)","location_type":"charging","map_link":"https:\/\/www.google.com\/maps\/place\/Nissan+Charging+Station\/@48.1811391,17.1345892,13.7z\/data=!4m8!1m2!2m1!1sBratislava,+Slovakia+electric+vehicle+charging+station!3m4!1s0x0:0x91e90b0858909a0a!8m2!3d48.1815255!4d17.1710091","trip_advisor":"","coordinates":{"latitude":"48.1811391","longitude":"17.1345892"},"charging_stations":null},"aioseo_notices":[],"_links":{"self":[{"href":"https:\/\/nissantravelguide.com\/en\/wp-json\/wp\/v2\/pages\/4579"}],"collection":[{"href":"https:\/\/nissantravelguide.com\/en\/wp-json\/wp\/v2\/pages"}],"about":[{"href":"https:\/\/nissantravelguide.com\/en\/wp-json\/wp\/v2\/types\/page"}],"author":[{"embeddable":true,"href":"https:\/\/nissantravelguide.com\/en\/wp-json\/wp\/v2\/users\/1"}],"replies":[{"embeddable":true,"href":"https:\/\/nissantravelguide.com\/en\/wp-json\/wp\/v2\/comments?post=4579"}],"version-history":[{"count":6,"href":"https:\/\/nissantravelguide.com\/en\/wp-json\/wp\/v2\/pages\/4579\/revisions"}],"predecessor-version":[{"id":4866,"href":"https:\/\/nissantravelguide.com\/en\/wp-json\/wp\/v2\/pages\/4579\/revisions\/4866"}],"up":[{"embeddable":true,"href":"https:\/\/nissantravelguide.com\/en\/wp-json\/wp\/v2\/pages\/1680"}],"wp:attachment":[{"href":"https:\/\/nissantravelguide.com\/en\/wp-json\/wp\/v2\/media?parent=4579"}],"curies":[{"name":"wp","href":"https:\/\/api.w.org\/{rel}","templated":true}]}}