{"id":4583,"date":"2023-02-07T13:41:34","date_gmt":"2023-02-07T13:41:34","guid":{"rendered":"https:\/\/nissantravelguide.com\/?page_id=4583"},"modified":"2023-02-09T14:39:42","modified_gmt":"2023-02-09T14:39:42","slug":"cesta-na-cerveny-most-831-01-nove-mesto","status":"publish","type":"page","link":"https:\/\/nissantravelguide.com\/en\/bratislava\/cesta-na-cerveny-most-831-01-nove-mesto\/","title":{"rendered":"ZSE Charging Station \u2013 Cesta na \u010cerven\u00fd most"},"content":{"rendered":"","protected":false},"excerpt":{"rendered":"","protected":false},"author":1,"featured_media":0,"parent":1680,"menu_order":0,"comment_status":"closed","ping_status":"closed","template":"tpl-location.php","meta":{"_acf_changed":false,"footnotes":""},"acf":{"address":"Cesta na \u010cerven\u00fd most, 831 01 Nov\u00e9 Mesto \u2013 Type 2 (22.1kW)","location_type":"charging","map_link":"https:\/\/www.google.com\/maps\/place\/ZSE+Charging+Station\/@48.1915315,16.9291187,11.38z\/data=!4m9!1m2!2m1!1sBratislava,+Slovakia+electric+vehicle+charging+station!3m5!1s0x476c8c716fd3b7b5:0x5dd7fcf455863ab!8m2!3d48.1751628!4d17.0735333!15sCjZCcmF0aXNsYXZhLCBTbG92YWtpYSBlbGVjdHJpYyB2ZWhpY2xlIGNoYXJnaW5nIHN0YXRpb26SASFlbGVjdHJpY192ZWhpY2xlX2NoYXJnaW5nX3N0YXRpb27gAQA","trip_advisor":"","coordinates":{"latitude":"48.1846648324421","longitude":"17.0736575722559"},"charging_stations":null},"aioseo_notices":[],"_links":{"self":[{"href":"https:\/\/nissantravelguide.com\/en\/wp-json\/wp\/v2\/pages\/4583"}],"collection":[{"href":"https:\/\/nissantravelguide.com\/en\/wp-json\/wp\/v2\/pages"}],"about":[{"href":"https:\/\/nissantravelguide.com\/en\/wp-json\/wp\/v2\/types\/page"}],"author":[{"embeddable":true,"href":"https:\/\/nissantravelguide.com\/en\/wp-json\/wp\/v2\/users\/1"}],"replies":[{"embeddable":true,"href":"https:\/\/nissantravelguide.com\/en\/wp-json\/wp\/v2\/comments?post=4583"}],"version-history":[{"count":6,"href":"https:\/\/nissantravelguide.com\/en\/wp-json\/wp\/v2\/pages\/4583\/revisions"}],"predecessor-version":[{"id":4888,"href":"https:\/\/nissantravelguide.com\/en\/wp-json\/wp\/v2\/pages\/4583\/revisions\/4888"}],"up":[{"embeddable":true,"href":"https:\/\/nissantravelguide.com\/en\/wp-json\/wp\/v2\/pages\/1680"}],"wp:attachment":[{"href":"https:\/\/nissantravelguide.com\/en\/wp-json\/wp\/v2\/media?parent=4583"}],"curies":[{"name":"wp","href":"https:\/\/api.w.org\/{rel}","templated":true}]}}