{"id":4595,"date":"2023-02-07T13:50:13","date_gmt":"2023-02-07T13:50:13","guid":{"rendered":"https:\/\/nissantravelguide.com\/?page_id=4595"},"modified":"2023-02-08T09:15:10","modified_gmt":"2023-02-08T09:15:10","slug":"budapest-teleki-laszlo-ter-1-1086","status":"publish","type":"page","link":"https:\/\/nissantravelguide.com\/en\/budapest\/budapest-teleki-laszlo-ter-1-1086\/","title":{"rendered":"Lidl Charging Station"},"content":{"rendered":"","protected":false},"excerpt":{"rendered":"","protected":false},"author":1,"featured_media":0,"parent":1665,"menu_order":0,"comment_status":"closed","ping_status":"closed","template":"tpl-location.php","meta":{"_acf_changed":false,"footnotes":""},"acf":{"address":"Budapest, Teleki L\u00e1szl\u00f3 t\u00e9r 1, 1086","location_type":"charging","map_link":"https:\/\/www.google.com\/maps\/place\/Lidl+Charging+Station\/@47.5013805,18.9869606,13z\/data=!4m9!1m2!2m1!1sbudapest+electric+vehicle+charging+stations!3m5!1s0x4741dcf4c85505a5:0x4ade81c95c0106f6!8m2!3d47.4931285!4d19.0841287!15sCitidWRhcGVzdCBlbGVjdHJpYyB2ZWhpY2xlIGNoYXJnaW5nIHN0YXRpb25zkgEhZWxlY3RyaWNfdmVoaWNsZV9jaGFyZ2luZ19zdGF0aW9u4AEA","trip_advisor":"","coordinates":{"latitude":"47.493138471140334","longitude":"19.084129272385915"},"charging_stations":null},"aioseo_notices":[],"_links":{"self":[{"href":"https:\/\/nissantravelguide.com\/en\/wp-json\/wp\/v2\/pages\/4595"}],"collection":[{"href":"https:\/\/nissantravelguide.com\/en\/wp-json\/wp\/v2\/pages"}],"about":[{"href":"https:\/\/nissantravelguide.com\/en\/wp-json\/wp\/v2\/types\/page"}],"author":[{"embeddable":true,"href":"https:\/\/nissantravelguide.com\/en\/wp-json\/wp\/v2\/users\/1"}],"replies":[{"embeddable":true,"href":"https:\/\/nissantravelguide.com\/en\/wp-json\/wp\/v2\/comments?post=4595"}],"version-history":[{"count":5,"href":"https:\/\/nissantravelguide.com\/en\/wp-json\/wp\/v2\/pages\/4595\/revisions"}],"predecessor-version":[{"id":4727,"href":"https:\/\/nissantravelguide.com\/en\/wp-json\/wp\/v2\/pages\/4595\/revisions\/4727"}],"up":[{"embeddable":true,"href":"https:\/\/nissantravelguide.com\/en\/wp-json\/wp\/v2\/pages\/1665"}],"wp:attachment":[{"href":"https:\/\/nissantravelguide.com\/en\/wp-json\/wp\/v2\/media?parent=4595"}],"curies":[{"name":"wp","href":"https:\/\/api.w.org\/{rel}","templated":true}]}}