{"id":4615,"date":"2023-02-07T14:00:34","date_gmt":"2023-02-07T14:00:34","guid":{"rendered":"https:\/\/nissantravelguide.com\/?page_id=4615"},"modified":"2023-02-08T10:55:34","modified_gmt":"2023-02-08T10:55:34","slug":"budapest-lovohaz-u-2-6-1024","status":"publish","type":"page","link":"https:\/\/nissantravelguide.com\/en\/budapest\/budapest-lovohaz-u-2-6-1024\/","title":{"rendered":"has.to.be Charging Station \u2013 L\u00f6v\u0151h\u00e1z u."},"content":{"rendered":"","protected":false},"excerpt":{"rendered":"","protected":false},"author":1,"featured_media":0,"parent":1665,"menu_order":0,"comment_status":"closed","ping_status":"closed","template":"tpl-location.php","meta":{"_acf_changed":false,"footnotes":""},"acf":{"address":"Budapest, L\u00f6v\u0151h\u00e1z u. 2-6, 1024","location_type":"charging","map_link":"https:\/\/www.google.com\/maps\/place\/has.to.be+Charging+Station\/@47.5018132,18.9833753,12.92z\/data=!4m9!1m2!2m1!1sbudapest+electric+vehicle+charging+stations!3m5!1s0x4741dea72c285ea5:0x6c18adf92f8359f6!8m2!3d47.508918!4d19.025492!15sCitidWRhcGVzdCBlbGVjdHJpYyB2ZWhpY2xlIGNoYXJnaW5nIHN0YXRpb25zkgEhZWxlY3RyaWNfdmVoaWNsZV9jaGFyZ2luZ19zdGF0aW9u4AEA","trip_advisor":"","coordinates":{"latitude":"47.51178556412715","longitude":"19.026977289431183"},"charging_stations":null},"aioseo_notices":[],"_links":{"self":[{"href":"https:\/\/nissantravelguide.com\/en\/wp-json\/wp\/v2\/pages\/4615"}],"collection":[{"href":"https:\/\/nissantravelguide.com\/en\/wp-json\/wp\/v2\/pages"}],"about":[{"href":"https:\/\/nissantravelguide.com\/en\/wp-json\/wp\/v2\/types\/page"}],"author":[{"embeddable":true,"href":"https:\/\/nissantravelguide.com\/en\/wp-json\/wp\/v2\/users\/1"}],"replies":[{"embeddable":true,"href":"https:\/\/nissantravelguide.com\/en\/wp-json\/wp\/v2\/comments?post=4615"}],"version-history":[{"count":3,"href":"https:\/\/nissantravelguide.com\/en\/wp-json\/wp\/v2\/pages\/4615\/revisions"}],"predecessor-version":[{"id":4802,"href":"https:\/\/nissantravelguide.com\/en\/wp-json\/wp\/v2\/pages\/4615\/revisions\/4802"}],"up":[{"embeddable":true,"href":"https:\/\/nissantravelguide.com\/en\/wp-json\/wp\/v2\/pages\/1665"}],"wp:attachment":[{"href":"https:\/\/nissantravelguide.com\/en\/wp-json\/wp\/v2\/media?parent=4615"}],"curies":[{"name":"wp","href":"https:\/\/api.w.org\/{rel}","templated":true}]}}