{"id":4637,"date":"2023-02-07T16:41:36","date_gmt":"2023-02-07T16:41:36","guid":{"rendered":"https:\/\/nissantravelguide.com\/?page_id=4637"},"modified":"2023-02-08T11:36:21","modified_gmt":"2023-02-08T11:36:21","slug":"1-pobrezni-186-00","status":"publish","type":"page","link":"https:\/\/nissantravelguide.com\/en\/prague\/1-pobrezni-186-00\/","title":{"rendered":"Pra\u017esk\u00e1 energetika Charging Station \u2013 Pob\u0159e\u017en\u00ed"},"content":{"rendered":"","protected":false},"excerpt":{"rendered":"","protected":false},"author":1,"featured_media":0,"parent":1606,"menu_order":0,"comment_status":"closed","ping_status":"closed","template":"tpl-location.php","meta":{"_acf_changed":false,"footnotes":""},"acf":{"address":"1 Pob\u0159e\u017en\u00ed, 186 00 \u2013 CHAdeMO (50kW), CCS (50kW)","location_type":"charging","map_link":"https:\/\/www.google.com\/maps\/place\/Pra%C5%BEsk%C3%A1+energetika+Charging+Station\/@50.0853696,14.3718978,13.09z\/data=!4m9!1m2!2m1!1sprague+electric+vehicle+charging+stations!3m5!1s0x470b94bec1134345:0x9a353e46cb612c3!8m2!3d50.093373!4d14.438608!15sCilwcmFndWUgZWxlY3RyaWMgdmVoaWNsZSBjaGFyZ2luZyBzdGF0aW9uc5IBIWVsZWN0cmljX3ZlaGljbGVfY2hhcmdpbmdfc3RhdGlvbuABAA","trip_advisor":"","coordinates":{"latitude":"50.096272788781434","longitude":"14.438330752401052"},"charging_stations":null},"aioseo_notices":[],"_links":{"self":[{"href":"https:\/\/nissantravelguide.com\/en\/wp-json\/wp\/v2\/pages\/4637"}],"collection":[{"href":"https:\/\/nissantravelguide.com\/en\/wp-json\/wp\/v2\/pages"}],"about":[{"href":"https:\/\/nissantravelguide.com\/en\/wp-json\/wp\/v2\/types\/page"}],"author":[{"embeddable":true,"href":"https:\/\/nissantravelguide.com\/en\/wp-json\/wp\/v2\/users\/1"}],"replies":[{"embeddable":true,"href":"https:\/\/nissantravelguide.com\/en\/wp-json\/wp\/v2\/comments?post=4637"}],"version-history":[{"count":2,"href":"https:\/\/nissantravelguide.com\/en\/wp-json\/wp\/v2\/pages\/4637\/revisions"}],"predecessor-version":[{"id":4817,"href":"https:\/\/nissantravelguide.com\/en\/wp-json\/wp\/v2\/pages\/4637\/revisions\/4817"}],"up":[{"embeddable":true,"href":"https:\/\/nissantravelguide.com\/en\/wp-json\/wp\/v2\/pages\/1606"}],"wp:attachment":[{"href":"https:\/\/nissantravelguide.com\/en\/wp-json\/wp\/v2\/media?parent=4637"}],"curies":[{"name":"wp","href":"https:\/\/api.w.org\/{rel}","templated":true}]}}