{"id":4639,"date":"2023-02-07T16:42:26","date_gmt":"2023-02-07T16:42:26","guid":{"rendered":"https:\/\/nissantravelguide.com\/?page_id=4639"},"modified":"2023-02-08T11:37:36","modified_gmt":"2023-02-08T11:37:36","slug":"213-krizikova-praha-186-00","status":"publish","type":"page","link":"https:\/\/nissantravelguide.com\/en\/prague\/213-krizikova-praha-186-00\/","title":{"rendered":"Pra\u017esk\u00e1 energetika Charging Station \u2013 K\u0159i\u017e\u00edkova"},"content":{"rendered":"","protected":false},"excerpt":{"rendered":"","protected":false},"author":1,"featured_media":0,"parent":1606,"menu_order":0,"comment_status":"closed","ping_status":"closed","template":"tpl-location.php","meta":{"_acf_changed":false,"footnotes":""},"acf":{"address":"213 K\u0159i\u017e\u00edkova Praha 186 00 \u2013 Type 2 (22kW)","location_type":"charging","map_link":"https:\/\/www.google.com\/maps\/place\/Pra%C5%BEsk%C3%A1+energetika+Charging+Station\/@50.0963233,14.3907903,13z\/data=!4m9!1m2!2m1!1sprague+electric+vehicle+charging+stations!3m5!1s0x470b94a475ac0dc1:0x244afa637194550e!8m2!3d50.0928106!4d14.4530385!15sCilwcmFndWUgZWxlY3RyaWMgdmVoaWNsZSBjaGFyZ2luZyBzdGF0aW9uc5IBIWVsZWN0cmljX3ZlaGljbGVfY2hhcmdpbmdfc3RhdGlvbuABAA","trip_advisor":"","coordinates":{"latitude":"50.09467146289542","longitude":"14.453961686262502"},"charging_stations":null},"aioseo_notices":[],"_links":{"self":[{"href":"https:\/\/nissantravelguide.com\/en\/wp-json\/wp\/v2\/pages\/4639"}],"collection":[{"href":"https:\/\/nissantravelguide.com\/en\/wp-json\/wp\/v2\/pages"}],"about":[{"href":"https:\/\/nissantravelguide.com\/en\/wp-json\/wp\/v2\/types\/page"}],"author":[{"embeddable":true,"href":"https:\/\/nissantravelguide.com\/en\/wp-json\/wp\/v2\/users\/1"}],"replies":[{"embeddable":true,"href":"https:\/\/nissantravelguide.com\/en\/wp-json\/wp\/v2\/comments?post=4639"}],"version-history":[{"count":2,"href":"https:\/\/nissantravelguide.com\/en\/wp-json\/wp\/v2\/pages\/4639\/revisions"}],"predecessor-version":[{"id":4818,"href":"https:\/\/nissantravelguide.com\/en\/wp-json\/wp\/v2\/pages\/4639\/revisions\/4818"}],"up":[{"embeddable":true,"href":"https:\/\/nissantravelguide.com\/en\/wp-json\/wp\/v2\/pages\/1606"}],"wp:attachment":[{"href":"https:\/\/nissantravelguide.com\/en\/wp-json\/wp\/v2\/media?parent=4639"}],"curies":[{"name":"wp","href":"https:\/\/api.w.org\/{rel}","templated":true}]}}