{"id":4647,"date":"2023-02-07T16:45:52","date_gmt":"2023-02-07T16:45:52","guid":{"rendered":"https:\/\/nissantravelguide.com\/?page_id=4647"},"modified":"2023-02-08T11:47:47","modified_gmt":"2023-02-08T11:47:47","slug":"vystaviste-67-170-00-praha-7-holesovice","status":"publish","type":"page","link":"https:\/\/nissantravelguide.com\/en\/prague\/vystaviste-67-170-00-praha-7-holesovice\/","title":{"rendered":"Smight Charging Station \u2013 V\u00fdstavi\u0161t\u011b"},"content":{"rendered":"","protected":false},"excerpt":{"rendered":"","protected":false},"author":1,"featured_media":0,"parent":1606,"menu_order":0,"comment_status":"closed","ping_status":"closed","template":"tpl-location.php","meta":{"_acf_changed":false,"footnotes":""},"acf":{"address":"V\u00fdstavi\u0161t\u011b 67, 170 00 Praha 7-Hole\u0161ovice \u2013\u00a0Type 2 (22kW)","location_type":"charging","map_link":"https:\/\/www.google.com\/maps\/place\/Smight+Charging+Station\/@50.1171041,14.3967512,14z\/data=!4m8!1m2!2m1!1sprague+electric+vehicle+charging+stations!3m4!1s0x0:0xa1aca242e20ac7b0!8m2!3d50.106546!4d14.429849","trip_advisor":"","coordinates":{"latitude":"50.10769195003534","longitude":"14.430568490821793"},"charging_stations":null},"aioseo_notices":[],"_links":{"self":[{"href":"https:\/\/nissantravelguide.com\/en\/wp-json\/wp\/v2\/pages\/4647"}],"collection":[{"href":"https:\/\/nissantravelguide.com\/en\/wp-json\/wp\/v2\/pages"}],"about":[{"href":"https:\/\/nissantravelguide.com\/en\/wp-json\/wp\/v2\/types\/page"}],"author":[{"embeddable":true,"href":"https:\/\/nissantravelguide.com\/en\/wp-json\/wp\/v2\/users\/1"}],"replies":[{"embeddable":true,"href":"https:\/\/nissantravelguide.com\/en\/wp-json\/wp\/v2\/comments?post=4647"}],"version-history":[{"count":3,"href":"https:\/\/nissantravelguide.com\/en\/wp-json\/wp\/v2\/pages\/4647\/revisions"}],"predecessor-version":[{"id":4824,"href":"https:\/\/nissantravelguide.com\/en\/wp-json\/wp\/v2\/pages\/4647\/revisions\/4824"}],"up":[{"embeddable":true,"href":"https:\/\/nissantravelguide.com\/en\/wp-json\/wp\/v2\/pages\/1606"}],"wp:attachment":[{"href":"https:\/\/nissantravelguide.com\/en\/wp-json\/wp\/v2\/media?parent=4647"}],"curies":[{"name":"wp","href":"https:\/\/api.w.org\/{rel}","templated":true}]}}