{"id":4669,"date":"2023-02-07T17:01:53","date_gmt":"2023-02-07T17:01:53","guid":{"rendered":"https:\/\/nissantravelguide.com\/?page_id=4669"},"modified":"2023-02-08T12:06:29","modified_gmt":"2023-02-08T12:06:29","slug":"ostra-jarnvagsgatan-21-111-20-stockholm","status":"publish","type":"page","link":"https:\/\/nissantravelguide.com\/en\/stockholm\/ostra-jarnvagsgatan-21-111-20-stockholm\/","title":{"rendered":"Electric Vehicle Charging Station \u2013 \u00d6stra J\u00e4rnv\u00e4gsgatan"},"content":{"rendered":"","protected":false},"excerpt":{"rendered":"","protected":false},"author":1,"featured_media":0,"parent":61,"menu_order":0,"comment_status":"closed","ping_status":"closed","template":"tpl-location.php","meta":{"_acf_changed":false,"footnotes":""},"acf":{"address":"\u00d6stra J\u00e4rnv\u00e4gsgatan 21, 111 20 Stockholm \u2013 Type 2 (3.6kW)","location_type":"charging","map_link":"https:\/\/www.google.com\/maps\/place\/Electric+Vehicle+Charging+Station\/@59.3318887,17.9670685,12.01z\/data=!4m9!1m2!2m1!1sstockholm+electric+vehicle+charging+stations!3m5!1s0x465f9d614c7d1827:0xa079f9c93b49105!8m2!3d59.33427!4d18.05389!15sCixzdG9ja2hvbG0gZWxlY3RyaWMgdmVoaWNsZSBjaGFyZ2luZyBzdGF0aW9uc5IBIWVsZWN0cmljX3ZlaGljbGVfY2hhcmdpbmdfc3RhdGlvbuABAA","trip_advisor":"","coordinates":{"latitude":"59.33766705864832","longitude":"18.056332414859558"},"charging_stations":null},"aioseo_notices":[],"_links":{"self":[{"href":"https:\/\/nissantravelguide.com\/en\/wp-json\/wp\/v2\/pages\/4669"}],"collection":[{"href":"https:\/\/nissantravelguide.com\/en\/wp-json\/wp\/v2\/pages"}],"about":[{"href":"https:\/\/nissantravelguide.com\/en\/wp-json\/wp\/v2\/types\/page"}],"author":[{"embeddable":true,"href":"https:\/\/nissantravelguide.com\/en\/wp-json\/wp\/v2\/users\/1"}],"replies":[{"embeddable":true,"href":"https:\/\/nissantravelguide.com\/en\/wp-json\/wp\/v2\/comments?post=4669"}],"version-history":[{"count":2,"href":"https:\/\/nissantravelguide.com\/en\/wp-json\/wp\/v2\/pages\/4669\/revisions"}],"predecessor-version":[{"id":4838,"href":"https:\/\/nissantravelguide.com\/en\/wp-json\/wp\/v2\/pages\/4669\/revisions\/4838"}],"up":[{"embeddable":true,"href":"https:\/\/nissantravelguide.com\/en\/wp-json\/wp\/v2\/pages\/61"}],"wp:attachment":[{"href":"https:\/\/nissantravelguide.com\/en\/wp-json\/wp\/v2\/media?parent=4669"}],"curies":[{"name":"wp","href":"https:\/\/api.w.org\/{rel}","templated":true}]}}