{"id":1400,"date":"2022-07-12T14:31:24","date_gmt":"2022-07-12T14:31:24","guid":{"rendered":"https:\/\/nissantravelguide.com\/viaje\/"},"modified":"2022-12-13T11:31:26","modified_gmt":"2022-12-13T11:31:26","slug":"viaje","status":"publish","type":"page","link":"https:\/\/nissantravelguide.com\/es\/viaje\/","title":{"rendered":"Viaje por Estocolmo"},"content":{"rendered":"<p>Si est\u00e1 buscando la escapada de fin de semana perfecta, no busque m\u00e1s. Haga clic a continuaci\u00f3n para descubrir nuestra ruta recomendada, \u00a1ideal para un viaje de 2 d\u00edas!<\/p>\n","protected":false},"excerpt":{"rendered":"<p>Si est\u00e1 buscando la escapada de fin de semana perfecta, no busque m\u00e1s. Haga clic a continuaci\u00f3n para descubrir nuestra ruta recomendada, \u00a1ideal para un viaje de 2 d\u00edas!<\/p>\n","protected":false},"author":1,"featured_media":1394,"parent":0,"menu_order":0,"comment_status":"closed","ping_status":"closed","template":"tpl-road-trip.php","meta":{"_acf_changed":false,"footnotes":""},"acf":[],"aioseo_notices":[],"_links":{"self":[{"href":"https:\/\/nissantravelguide.com\/es\/wp-json\/wp\/v2\/pages\/1400"}],"collection":[{"href":"https:\/\/nissantravelguide.com\/es\/wp-json\/wp\/v2\/pages"}],"about":[{"href":"https:\/\/nissantravelguide.com\/es\/wp-json\/wp\/v2\/types\/page"}],"author":[{"embeddable":true,"href":"https:\/\/nissantravelguide.com\/es\/wp-json\/wp\/v2\/users\/1"}],"replies":[{"embeddable":true,"href":"https:\/\/nissantravelguide.com\/es\/wp-json\/wp\/v2\/comments?post=1400"}],"version-history":[{"count":4,"href":"https:\/\/nissantravelguide.com\/es\/wp-json\/wp\/v2\/pages\/1400\/revisions"}],"predecessor-version":[{"id":1424,"href":"https:\/\/nissantravelguide.com\/es\/wp-json\/wp\/v2\/pages\/1400\/revisions\/1424"}],"wp:featuredmedia":[{"embeddable":true,"href":"https:\/\/nissantravelguide.com\/es\/wp-json\/wp\/v2\/media\/1394"}],"wp:attachment":[{"href":"https:\/\/nissantravelguide.com\/es\/wp-json\/wp\/v2\/media?parent=1400"}],"curies":[{"name":"wp","href":"https:\/\/api.w.org\/{rel}","templated":true}]}}