{"id":1602,"date":"2022-07-19T13:00:52","date_gmt":"2022-07-19T13:00:52","guid":{"rendered":"https:\/\/nissantravelguide.com\/estocolmo\/artipelag\/"},"modified":"2022-12-13T11:42:02","modified_gmt":"2022-12-13T11:42:02","slug":"artipelag","status":"publish","type":"page","link":"https:\/\/nissantravelguide.com\/es\/estocolmo\/artipelag\/","title":{"rendered":"Artipelag"},"content":{"rendered":"<p class=\"p1\">Ubicado entre imponentes pinos en el id\u00edlico archipi\u00e9lago de Estocolmo, Artipelag es uno de los principales lugares de la ciudad donde disfrutar de arte, cultura, entretenimiento, dise\u00f1o y gastronom\u00eda. Sum\u00e9rgete en la atm\u00f3sfera de galer\u00edas de arte que difuminan el concepto del tiempo combinando arte cl\u00e1sico y moderno o visita el taller de dise\u00f1o propio. Y no olvides hacer una parada en el restaurante o caf\u00e9 para disfrutar de las impresionantes vistas del archipi\u00e9lago. Y lo que es a\u00fan mejor, est\u00e1 a solo 30 minutos del centro de la ciudad. Recuerda que, aunque es necesario pagar la entrada a las exposiciones, puedes tambi\u00e9n explorar el parque y los exuberantes senderos naturales de las proximidades de forma gratuita.<\/p>\n","protected":false},"excerpt":{"rendered":"<p>Ubicado entre imponentes pinos en el id\u00edlico archipi\u00e9lago de Estocolmo, Artipelag es uno de los principales lugares de la ciudad donde disfrutar de arte, cultura, entretenimiento, dise\u00f1o y gastronom\u00eda. Sum\u00e9rgete en la atm\u00f3sfera de galer\u00edas de arte que difuminan el concepto del tiempo combinando arte cl\u00e1sico y moderno o visita el taller de dise\u00f1o propio. [&hellip;]<\/p>\n","protected":false},"author":1,"featured_media":1546,"parent":331,"menu_order":0,"comment_status":"closed","ping_status":"closed","template":"tpl-location.php","meta":{"_acf_changed":false,"footnotes":""},"acf":{"address":"Artipelagstigen 1, 134 40 Gustavsberg, Sweden","location_type":"interest","map_link":"https:\/\/www.google.com\/maps\/place\/Artipelag\/@59.306666,18.3467809,17z\/data=!3m1!4b1!4m5!3m4!1s0x465f8037034df0b5:0x3d60505b1f033910!8m2!3d59.306666!4d18.3467809","trip_advisor":"https:\/\/www.tripadvisor.co.uk\/Attraction_Review-g1954008-d3471548-Reviews-Artipelag-Gustavsberg.html","coordinates":{"latitude":"59.306666","longitude":"18.3467809"},"charging_stations":null},"aioseo_notices":[],"_links":{"self":[{"href":"https:\/\/nissantravelguide.com\/es\/wp-json\/wp\/v2\/pages\/1602"}],"collection":[{"href":"https:\/\/nissantravelguide.com\/es\/wp-json\/wp\/v2\/pages"}],"about":[{"href":"https:\/\/nissantravelguide.com\/es\/wp-json\/wp\/v2\/types\/page"}],"author":[{"embeddable":true,"href":"https:\/\/nissantravelguide.com\/es\/wp-json\/wp\/v2\/users\/1"}],"replies":[{"embeddable":true,"href":"https:\/\/nissantravelguide.com\/es\/wp-json\/wp\/v2\/comments?post=1602"}],"version-history":[{"count":1,"href":"https:\/\/nissantravelguide.com\/es\/wp-json\/wp\/v2\/pages\/1602\/revisions"}],"predecessor-version":[{"id":4394,"href":"https:\/\/nissantravelguide.com\/es\/wp-json\/wp\/v2\/pages\/1602\/revisions\/4394"}],"up":[{"embeddable":true,"href":"https:\/\/nissantravelguide.com\/es\/wp-json\/wp\/v2\/pages\/331"}],"wp:featuredmedia":[{"embeddable":true,"href":"https:\/\/nissantravelguide.com\/es\/wp-json\/wp\/v2\/media\/1546"}],"wp:attachment":[{"href":"https:\/\/nissantravelguide.com\/es\/wp-json\/wp\/v2\/media?parent=1602"}],"curies":[{"name":"wp","href":"https:\/\/api.w.org\/{rel}","templated":true}]}}