{"id":332,"date":"2022-06-21T07:47:16","date_gmt":"2022-06-21T07:47:16","guid":{"rendered":"https:\/\/nissantravelguide.com\/estocolmo\/yasuragi-hotel\/"},"modified":"2022-12-13T11:05:11","modified_gmt":"2022-12-13T11:05:11","slug":"yasuragi-hotel","status":"publish","type":"page","link":"https:\/\/nissantravelguide.com\/es\/estocolmo\/yasuragi-hotel\/","title":{"rendered":"Yasuragi Hotel"},"content":{"rendered":"<p><span data-sheets-value=\"{&quot;1&quot;:2,&quot;2&quot;:&quot;Yasuragi Hotel\\r\\n\u00bfAlguna vez te has metido en un ba\u00f1o de agua caliente y has soltado un largo y profundo suspiro al sentir que desaparec\u00eda todo el peso de tus hombros mientras te relajabas? Esa es exactamente la sensaci\u00f3n que describe la palabra japonesa \u201cYasuragi\u201d, y el Yasuragi Hotel al que da nombre, ubicado a 20 minutos de Estocolmo, realmente te la ofrece.\\r\\n\\r\\nUn hotel spa que te propone una aut\u00e9ntica experiencia de casa de ba\u00f1o japonesa \u00a1con su propia fuente termal! Es el santuario ideal para cualquiera que desee alejarse del ajetreo de la ciudad, y te da la oportunidad de escapar a la naturaleza. Explora el cercano Bosque N\u00f3rdico y disfruta de la impresionante belleza natural del archipi\u00e9lago que rodea al hotel, mientras recargas cuerpo y mente en este relajante refugio.\\r&quot;}\" data-sheets-userformat=\"{&quot;2&quot;:7041,&quot;3&quot;:{&quot;1&quot;:0},&quot;10&quot;:2,&quot;11&quot;:4,&quot;12&quot;:0,&quot;14&quot;:{&quot;1&quot;:2,&quot;2&quot;:0},&quot;15&quot;:&quot;Verdana, sans-serif&quot;}\">\u00bfAlguna vez te has metido en un ba\u00f1o de agua caliente y has soltado un largo y profundo suspiro al sentir que desaparec\u00eda todo el peso de tus hombros mientras te relajabas? Esa es exactamente la sensaci\u00f3n que describe la palabra japonesa \u201cYasuragi\u201d, y el Yasuragi Hotel al que da nombre, ubicado a 20 minutos de Estocolmo, realmente te la ofrece.<\/span><\/p>\n<p>Un hotel spa que te propone una aut\u00e9ntica experiencia de casa de ba\u00f1o japonesa \u00a1con su propia fuente termal! Es el santuario ideal para cualquiera que desee alejarse del ajetreo de la ciudad, y te da la oportunidad de escapar a la naturaleza. Explora el cercano Bosque N\u00f3rdico y disfruta de la impresionante belleza natural del archipi\u00e9lago que rodea al hotel, mientras recargas cuerpo y mente en este relajante refugio.<\/p>\n","protected":false},"excerpt":{"rendered":"<p>\u00bfAlguna vez te has metido en un ba\u00f1o de agua caliente y has soltado un largo y profundo suspiro al sentir que desaparec\u00eda todo el peso de tus hombros mientras te relajabas? Esa es exactamente la sensaci\u00f3n que describe la palabra japonesa \u201cYasuragi\u201d, y el Yasuragi Hotel al que da nombre, ubicado a 20 minutos [&hellip;]<\/p>\n","protected":false},"author":1,"featured_media":1530,"parent":331,"menu_order":13,"comment_status":"closed","ping_status":"closed","template":"tpl-location.php","meta":{"_acf_changed":false,"footnotes":""},"acf":{"address":"Hamndalsv\u00e4gen 8, 132 81 Saltsj\u00f6-Boo, Stockholm","location_type":"hotel","map_link":"https:\/\/www.google.co.uk\/maps\/place\/Yasuragi\/@59.3458178,18.2382682,17z\/data=!4m16!1m7!3m6!1s0x465f8235ae8ec91d:0x4af19c7cab53473e!2sHamndalsv%C3%A4gen+8,+132+39+Saltsj%C3%B6-boo,+Sweden!3b1!8m2!3d59.3458151!4d18.2404622!3m7!1s0x465f8235ae8ec4e3:0x318fdc3be1cbab58!5m2!4m1!1i2!8m2!3d59.3458151!4d18.2404622","trip_advisor":"https:\/\/www.tripadvisor.com\/Hotel_Review-g1799695-d497649-Reviews-Yasuragi-Saltsjo_Boo.html","coordinates":{"latitude":"59.3458178","longitude":"18.2382682"},"charging_stations":[{"charging_station":"3.7kw Type 2"}]},"aioseo_notices":[],"_links":{"self":[{"href":"https:\/\/nissantravelguide.com\/es\/wp-json\/wp\/v2\/pages\/332"}],"collection":[{"href":"https:\/\/nissantravelguide.com\/es\/wp-json\/wp\/v2\/pages"}],"about":[{"href":"https:\/\/nissantravelguide.com\/es\/wp-json\/wp\/v2\/types\/page"}],"author":[{"embeddable":true,"href":"https:\/\/nissantravelguide.com\/es\/wp-json\/wp\/v2\/users\/1"}],"replies":[{"embeddable":true,"href":"https:\/\/nissantravelguide.com\/es\/wp-json\/wp\/v2\/comments?post=332"}],"version-history":[{"count":1,"href":"https:\/\/nissantravelguide.com\/es\/wp-json\/wp\/v2\/pages\/332\/revisions"}],"predecessor-version":[{"id":628,"href":"https:\/\/nissantravelguide.com\/es\/wp-json\/wp\/v2\/pages\/332\/revisions\/628"}],"up":[{"embeddable":true,"href":"https:\/\/nissantravelguide.com\/es\/wp-json\/wp\/v2\/pages\/331"}],"wp:featuredmedia":[{"embeddable":true,"href":"https:\/\/nissantravelguide.com\/es\/wp-json\/wp\/v2\/media\/1530"}],"wp:attachment":[{"href":"https:\/\/nissantravelguide.com\/es\/wp-json\/wp\/v2\/media?parent=332"}],"curies":[{"name":"wp","href":"https:\/\/api.w.org\/{rel}","templated":true}]}}