{"id":358,"date":"2022-06-21T14:22:43","date_gmt":"2022-06-21T14:22:43","guid":{"rendered":"https:\/\/nissantravelguide.com\/estocolmo\/djurgarden\/"},"modified":"2022-07-01T12:01:05","modified_gmt":"2022-07-01T12:01:05","slug":"djurgarden","status":"publish","type":"page","link":"https:\/\/nissantravelguide.com\/es\/estocolmo\/djurgarden\/","title":{"rendered":"Djurg\u00e5rden"},"content":{"rendered":"<p><span data-sheets-value=\"{&quot;1&quot;:2,&quot;2&quot;:&quot;Djurg\u00e5rden\\r\\n\u00bfEres fan de ABBA? \u00a1No busques m\u00e1s! Aprovecha la oportunidad de visitar algunos de los museos y atracciones culturales m\u00e1s famosos de Estocolmo, todos a poca distancia unos de otros en la isla de Djurg\u00e5rden. Descubre la historia del barco que nunca sali\u00f3 del puerto de Estocolmo en el Museo Vasa, observa como la historia sueca cobra vida en el Museo Skansen y, por supuesto, di \u201cthank you for the music\u201d en ABBA: The Museum. Y, si eso no es suficiente, tambi\u00e9n hay atracciones que disfrutar en los parques tem\u00e1ticos de Gr\u00f6na Lund. Con su mezcla de espacios verdes, arte y cultura, Djurg\u00e5rden es realmente un oasis tranquilo en el centro de la ciudad.\\r&quot;}\" data-sheets-userformat=\"{&quot;2&quot;:7041,&quot;3&quot;:{&quot;1&quot;:0},&quot;10&quot;:2,&quot;11&quot;:4,&quot;12&quot;:0,&quot;14&quot;:{&quot;1&quot;:2,&quot;2&quot;:0},&quot;15&quot;:&quot;Verdana, sans-serif&quot;}\">\u00bfEres fan de ABBA? \u00a1No busques m\u00e1s! Aprovecha la oportunidad de visitar algunos de los museos y atracciones culturales m\u00e1s famosos de Estocolmo, todos a poca distancia unos de otros en la isla de Djurg\u00e5rden. Descubre la historia del barco que nunca sali\u00f3 del puerto de Estocolmo en el Museo Vasa, observa como la historia sueca cobra vida en el Museo Skansen y, por supuesto, di \u201cthank you for the music\u201d en ABBA: The Museum. Y, si eso no es suficiente, tambi\u00e9n hay atracciones que disfrutar en los parques tem\u00e1ticos de Gr\u00f6na Lund. Con su mezcla de espacios verdes, arte y cultura, Djurg\u00e5rden es realmente un oasis tranquilo en el centro de la ciudad. <\/span><\/p>\n","protected":false},"excerpt":{"rendered":"<p>\u00bfEres fan de ABBA? \u00a1No busques m\u00e1s! Aprovecha la oportunidad de visitar algunos de los museos y atracciones culturales m\u00e1s famosos de Estocolmo, todos a poca distancia unos de otros en la isla de Djurg\u00e5rden. Descubre la historia del barco que nunca sali\u00f3 del puerto de Estocolmo en el Museo Vasa, observa como la historia [&hellip;]<\/p>\n","protected":false},"author":1,"featured_media":1102,"parent":331,"menu_order":1,"comment_status":"closed","ping_status":"closed","template":"tpl-location.php","meta":{"_acf_changed":false,"footnotes":""},"acf":{"address":"\u00d6stermalm, Stockholm, Sweden","location_type":"beauty","map_link":"https:\/\/www.google.co.uk\/maps\/place\/Djurg%C3%A5rden\/@59.3251743,18.1042052,14z\/data=!3m1!4b1!4m5!3m4!1s0x465f82a5d9b7164f:0x5abd0eac4c5ed217!8m2!3d59.326284!4d18.1132151","trip_advisor":"https:\/\/www.tripadvisor.co.uk\/Tourism-g189851-Djurgarden-Vacations.html","coordinates":{"latitude":"59.3251743","longitude":"18.1042052"},"charging_stations":[{"charging_station":"3.7 kW Type 2: Djurg\u00e5rden, 115 21 Stockholm, Sweden"}]},"aioseo_notices":[],"_links":{"self":[{"href":"https:\/\/nissantravelguide.com\/es\/wp-json\/wp\/v2\/pages\/358"}],"collection":[{"href":"https:\/\/nissantravelguide.com\/es\/wp-json\/wp\/v2\/pages"}],"about":[{"href":"https:\/\/nissantravelguide.com\/es\/wp-json\/wp\/v2\/types\/page"}],"author":[{"embeddable":true,"href":"https:\/\/nissantravelguide.com\/es\/wp-json\/wp\/v2\/users\/1"}],"replies":[{"embeddable":true,"href":"https:\/\/nissantravelguide.com\/es\/wp-json\/wp\/v2\/comments?post=358"}],"version-history":[{"count":1,"href":"https:\/\/nissantravelguide.com\/es\/wp-json\/wp\/v2\/pages\/358\/revisions"}],"predecessor-version":[{"id":1216,"href":"https:\/\/nissantravelguide.com\/es\/wp-json\/wp\/v2\/pages\/358\/revisions\/1216"}],"up":[{"embeddable":true,"href":"https:\/\/nissantravelguide.com\/es\/wp-json\/wp\/v2\/pages\/331"}],"wp:featuredmedia":[{"embeddable":true,"href":"https:\/\/nissantravelguide.com\/es\/wp-json\/wp\/v2\/media\/1102"}],"wp:attachment":[{"href":"https:\/\/nissantravelguide.com\/es\/wp-json\/wp\/v2\/media?parent=358"}],"curies":[{"name":"wp","href":"https:\/\/api.w.org\/{rel}","templated":true}]}}