{"id":359,"date":"2022-06-21T14:23:03","date_gmt":"2022-06-21T14:23:03","guid":{"rendered":"https:\/\/nissantravelguide.com\/estocolmo\/isla-lidingo\/"},"modified":"2022-12-13T11:01:40","modified_gmt":"2022-12-13T11:01:40","slug":"isla-lidingo","status":"publish","type":"page","link":"https:\/\/nissantravelguide.com\/es\/estocolmo\/isla-lidingo\/","title":{"rendered":"Isla Liding\u00f6"},"content":{"rendered":"<p><span data-sheets-value=\"{&quot;1&quot;:2,&quot;2&quot;:&quot;Isla Liding\u00f6\\r\\nDa un corto paseo desde el Estocolmo en tierra firme y cruza el puente de Liding\u00f6bron para descubrir la belleza natural y el ritmo de vida m\u00e1s lento de la isla de Liding\u00f6. Conocida por sus fabulosas casas enclavadas en entornos pintorescos, sentir\u00e1s que has dejado la ciudad atr\u00e1s. Los amantes del cine disfrutar\u00e1n especialmente del estudio Svenska Bio, donde cineastas como Mauritz Stiller y Victor Sj\u00f6str\u00f6m cambiaron la forma en que vemos pel\u00edculas para siempre con su revolucionario uso de los efectos \u00f3pticos.\\r&quot;}\" data-sheets-userformat=\"{&quot;2&quot;:7041,&quot;3&quot;:{&quot;1&quot;:0},&quot;10&quot;:2,&quot;11&quot;:4,&quot;12&quot;:0,&quot;14&quot;:{&quot;1&quot;:2,&quot;2&quot;:0},&quot;15&quot;:&quot;Verdana, sans-serif&quot;}\">Da un corto paseo desde el Estocolmo en tierra firme y cruza el puente de Liding\u00f6bron para descubrir la belleza natural y el ritmo de vida m\u00e1s lento de la isla de Liding\u00f6. Conocida por sus fabulosas casas enclavadas en entornos pintorescos, sentir\u00e1s que has dejado la ciudad atr\u00e1s. Los amantes del cine disfrutar\u00e1n especialmente del estudio Svenska Bio, donde cineastas como Mauritz Stiller y Victor Sj\u00f6str\u00f6m cambiaron la forma en que vemos pel\u00edculas para siempre con su revolucionario uso de los efectos \u00f3pticos. <\/span><\/p>\n","protected":false},"excerpt":{"rendered":"<p>Da un corto paseo desde el Estocolmo en tierra firme y cruza el puente de Liding\u00f6bron para descubrir la belleza natural y el ritmo de vida m\u00e1s lento de la isla de Liding\u00f6. Conocida por sus fabulosas casas enclavadas en entornos pintorescos, sentir\u00e1s que has dejado la ciudad atr\u00e1s. Los amantes del cine disfrutar\u00e1n especialmente [&hellip;]<\/p>\n","protected":false},"author":1,"featured_media":1183,"parent":331,"menu_order":5,"comment_status":"closed","ping_status":"closed","template":"tpl-location.php","meta":{"_acf_changed":false,"footnotes":""},"acf":{"address":"Liding\u00f6, Sweden","location_type":"beauty","map_link":"https:\/\/www.google.co.uk\/maps\/place\/Liding%C3%B6\/@59.3651056,18.1051763,12z\/data=!3m1!4b1!4m5!3m4!1s0x465f83194c9a34a1:0x3c1e368224718a3f!8m2!3d59.3535946!4d18.1695734","trip_advisor":"https:\/\/www.tripadvisor.co.uk\/Tourism-g2368258-Lidingo-Vacations.html","coordinates":{"latitude":"59.363993078595115","longitude":"18.13312774658243"},"charging_stations":[{"charging_station":"11 kW Type 2: Parking lot, 181 32 Liding\u00f6, Sweden"}]},"aioseo_notices":[],"_links":{"self":[{"href":"https:\/\/nissantravelguide.com\/es\/wp-json\/wp\/v2\/pages\/359"}],"collection":[{"href":"https:\/\/nissantravelguide.com\/es\/wp-json\/wp\/v2\/pages"}],"about":[{"href":"https:\/\/nissantravelguide.com\/es\/wp-json\/wp\/v2\/types\/page"}],"author":[{"embeddable":true,"href":"https:\/\/nissantravelguide.com\/es\/wp-json\/wp\/v2\/users\/1"}],"replies":[{"embeddable":true,"href":"https:\/\/nissantravelguide.com\/es\/wp-json\/wp\/v2\/comments?post=359"}],"version-history":[{"count":1,"href":"https:\/\/nissantravelguide.com\/es\/wp-json\/wp\/v2\/pages\/359\/revisions"}],"predecessor-version":[{"id":1228,"href":"https:\/\/nissantravelguide.com\/es\/wp-json\/wp\/v2\/pages\/359\/revisions\/1228"}],"up":[{"embeddable":true,"href":"https:\/\/nissantravelguide.com\/es\/wp-json\/wp\/v2\/pages\/331"}],"wp:featuredmedia":[{"embeddable":true,"href":"https:\/\/nissantravelguide.com\/es\/wp-json\/wp\/v2\/media\/1183"}],"wp:attachment":[{"href":"https:\/\/nissantravelguide.com\/es\/wp-json\/wp\/v2\/media?parent=359"}],"curies":[{"name":"wp","href":"https:\/\/api.w.org\/{rel}","templated":true}]}}