{"id":360,"date":"2022-06-21T14:23:20","date_gmt":"2022-06-21T14:23:20","guid":{"rendered":"https:\/\/nissantravelguide.com\/estocolmo\/ellery-beach-house\/"},"modified":"2022-12-13T11:01:09","modified_gmt":"2022-12-13T11:01:09","slug":"ellery-beach-house","status":"publish","type":"page","link":"https:\/\/nissantravelguide.com\/es\/estocolmo\/ellery-beach-house\/","title":{"rendered":"Ellery Beach House"},"content":{"rendered":"<p><span data-sheets-value=\"{&quot;1&quot;:2,&quot;2&quot;:&quot;Ellery Beach House\\r\\nLo pasar\u00e1s fenomenal en la Ellery Beach House, el \u00fanico resort de playa de Estocolmo. Ubicada en el borde de la isla de Liding\u00f6, esta casa de playa con una decoraci\u00f3n alegre de los a\u00f1os 60 y 70 ofrece el tel\u00f3n de fondo para la mejor publicaci\u00f3n digna de Instagram. \u00bfHemos mencionado que cuenta con su propio embarcadero privado? Es el lugar ideal para relajarse suntuosamente rodeados de naturaleza, m\u00fasica y arte.\\r&quot;}\" data-sheets-userformat=\"{&quot;2&quot;:7041,&quot;3&quot;:{&quot;1&quot;:0},&quot;10&quot;:2,&quot;11&quot;:4,&quot;12&quot;:0,&quot;14&quot;:{&quot;1&quot;:2,&quot;2&quot;:0},&quot;15&quot;:&quot;Verdana, sans-serif&quot;}\">Lo pasar\u00e1s fenomenal en la Ellery Beach House, el \u00fanico resort de playa de Estocolmo. Ubicada en el borde de la isla de Liding\u00f6, esta casa de playa con una decoraci\u00f3n alegre de los a\u00f1os 60 y 70 ofrece el tel\u00f3n de fondo para la mejor publicaci\u00f3n digna de Instagram. \u00bfHemos mencionado que cuenta con su propio embarcadero privado? Es el lugar ideal para relajarse suntuosamente rodeados de naturaleza, m\u00fasica y arte. <\/span><\/p>\n","protected":false},"excerpt":{"rendered":"<p>Lo pasar\u00e1s fenomenal en la Ellery Beach House, el \u00fanico resort de playa de Estocolmo. Ubicada en el borde de la isla de Liding\u00f6, esta casa de playa con una decoraci\u00f3n alegre de los a\u00f1os 60 y 70 ofrece el tel\u00f3n de fondo para la mejor publicaci\u00f3n digna de Instagram. \u00bfHemos mencionado que cuenta con [&hellip;]<\/p>\n","protected":false},"author":1,"featured_media":1434,"parent":331,"menu_order":3,"comment_status":"closed","ping_status":"closed","template":"tpl-location.php","meta":{"_acf_changed":false,"footnotes":""},"acf":{"address":"Elfviks udde, 181 90 Liding\u00f6, Sweden","location_type":"beauty","map_link":"https:\/\/www.google.co.uk\/maps\/place\/Ellery+Beach+House+Stockholm\/@59.3642428,18.2517476,17z\/data=!3m1!4b1!4m8!3m7!1s0x465f83c75c96dcf3:0x16ab674dd94d8527!5m2!4m1!1i2!8m2!3d59.3642317!4d18.2539413","trip_advisor":"https:\/\/www.tripadvisor.co.uk\/Hotel_Review-g2368258-d20372134-Reviews-Ellery_Beach_House-Lidingo.html","coordinates":{"latitude":"59.3642428","longitude":"18.2517476"},"charging_stations":[{"charging_station":"22 kW Type 2"}]},"aioseo_notices":[],"_links":{"self":[{"href":"https:\/\/nissantravelguide.com\/es\/wp-json\/wp\/v2\/pages\/360"}],"collection":[{"href":"https:\/\/nissantravelguide.com\/es\/wp-json\/wp\/v2\/pages"}],"about":[{"href":"https:\/\/nissantravelguide.com\/es\/wp-json\/wp\/v2\/types\/page"}],"author":[{"embeddable":true,"href":"https:\/\/nissantravelguide.com\/es\/wp-json\/wp\/v2\/users\/1"}],"replies":[{"embeddable":true,"href":"https:\/\/nissantravelguide.com\/es\/wp-json\/wp\/v2\/comments?post=360"}],"version-history":[{"count":1,"href":"https:\/\/nissantravelguide.com\/es\/wp-json\/wp\/v2\/pages\/360\/revisions"}],"predecessor-version":[{"id":638,"href":"https:\/\/nissantravelguide.com\/es\/wp-json\/wp\/v2\/pages\/360\/revisions\/638"}],"up":[{"embeddable":true,"href":"https:\/\/nissantravelguide.com\/es\/wp-json\/wp\/v2\/pages\/331"}],"wp:featuredmedia":[{"embeddable":true,"href":"https:\/\/nissantravelguide.com\/es\/wp-json\/wp\/v2\/media\/1434"}],"wp:attachment":[{"href":"https:\/\/nissantravelguide.com\/es\/wp-json\/wp\/v2\/media?parent=360"}],"curies":[{"name":"wp","href":"https:\/\/api.w.org\/{rel}","templated":true}]}}