{"id":361,"date":"2022-06-21T14:23:43","date_gmt":"2022-06-21T14:23:43","guid":{"rendered":"https:\/\/nissantravelguide.com\/estocolmo\/archipielago-de-estocolmo\/"},"modified":"2022-12-13T11:03:46","modified_gmt":"2022-12-13T11:03:46","slug":"archipielago-de-estocolmo","status":"publish","type":"page","link":"https:\/\/nissantravelguide.com\/es\/estocolmo\/archipielago-de-estocolmo\/","title":{"rendered":"Archipi\u00e9lago de Estocolmo"},"content":{"rendered":"<p><span data-sheets-value=\"{&quot;1&quot;:2,&quot;2&quot;:&quot;Archipi\u00e9lago de Estocolmo\\r\\nHay m\u00e1s de 30 000 islas que conforman el archipi\u00e9lago de Estocolmo, de modo que no podr\u00e1s visitarlas todas de una sola vez. Aunque ser\u00eda justo decir que tiene para todos los gustos, desde acantilados rocosos que ofrecen vistas impresionantes hasta playas de arena que proporcionan el lugar perfecto para disfrutar de un poco de paz y relajaci\u00f3n. Y, si te apetece salir de aventura, hay muchos islotes e islas deshabitados que explorar...\\r&quot;}\" data-sheets-userformat=\"{&quot;2&quot;:7041,&quot;3&quot;:{&quot;1&quot;:0},&quot;10&quot;:2,&quot;11&quot;:4,&quot;12&quot;:0,&quot;14&quot;:{&quot;1&quot;:2,&quot;2&quot;:0},&quot;15&quot;:&quot;Verdana, sans-serif&quot;}\">Hay m\u00e1s de 30 000 islas que conforman el archipi\u00e9lago de Estocolmo, de modo que no podr\u00e1s visitarlas todas de una sola vez. Aunque ser\u00eda justo decir que tiene para todos<\/span> los<span data-sheets-value=\"{&quot;1&quot;:2,&quot;2&quot;:&quot;Archipi\u00e9lago de Estocolmo\\r\\nHay m\u00e1s de 30 000 islas que conforman el archipi\u00e9lago de Estocolmo, de modo que no podr\u00e1s visitarlas todas de una sola vez. Aunque ser\u00eda justo decir que tiene para todos los gustos, desde acantilados rocosos que ofrecen vistas impresionantes hasta playas de arena que proporcionan el lugar perfecto para disfrutar de un poco de paz y relajaci\u00f3n. Y, si te apetece salir de aventura, hay muchos islotes e islas deshabitados que explorar...\\r&quot;}\" data-sheets-userformat=\"{&quot;2&quot;:7041,&quot;3&quot;:{&quot;1&quot;:0},&quot;10&quot;:2,&quot;11&quot;:4,&quot;12&quot;:0,&quot;14&quot;:{&quot;1&quot;:2,&quot;2&quot;:0},&quot;15&quot;:&quot;Verdana, sans-serif&quot;}\"> gustos, desde acantilados rocosos que ofrecen vistas impresionantes hasta playas de arena que proporcionan el lugar perfecto para disfrutar de un poco de paz y relajaci\u00f3n. Y, si te apetece salir de aventura, hay muchos islotes e islas deshabitados que explorar&#8230; <\/span><\/p>\n","protected":false},"excerpt":{"rendered":"<p>Hay m\u00e1s de 30 000 islas que conforman el archipi\u00e9lago de Estocolmo, de modo que no podr\u00e1s visitarlas todas de una sola vez. Aunque ser\u00eda justo decir que tiene para todos los gustos, desde acantilados rocosos que ofrecen vistas impresionantes hasta playas de arena que proporcionan el lugar perfecto para disfrutar de un poco de [&hellip;]<\/p>\n","protected":false},"author":1,"featured_media":1149,"parent":331,"menu_order":9,"comment_status":"closed","ping_status":"closed","template":"tpl-location.php","meta":{"_acf_changed":false,"footnotes":""},"acf":{"address":"","location_type":"beauty","map_link":"https:\/\/www.google.com\/maps\/place\/Stockholm+archipelago\/@59.2756771,18.7668611,9.65z\/data=!4m13!1m7!3m6!1s0x465f573a1c77ef1d:0x2e04a31804f4096b!2sStockholm+archipelago!3b1!8m2!3d59.2844004!4d18.5745903!3m4!1s0x465f573a1c77ef1d:0x2e04a31804f4096b!8m2!3d59.2844004!4d18.5745903","trip_advisor":"https:\/\/www.tripadvisor.co.uk\/ShowUserReviews-g189852-d1869238-r286397809-Schaerenkreuzfahrt_Waxholmsbolaget-Stockholm.html","coordinates":{"latitude":"59.3209431","longitude":"18.1912126"},"charging_stations":[{"charging_station":"3.7 kW Type 2: Slottsbacken 6, 111 30 Stockholm, Sweden"}]},"aioseo_notices":[],"_links":{"self":[{"href":"https:\/\/nissantravelguide.com\/es\/wp-json\/wp\/v2\/pages\/361"}],"collection":[{"href":"https:\/\/nissantravelguide.com\/es\/wp-json\/wp\/v2\/pages"}],"about":[{"href":"https:\/\/nissantravelguide.com\/es\/wp-json\/wp\/v2\/types\/page"}],"author":[{"embeddable":true,"href":"https:\/\/nissantravelguide.com\/es\/wp-json\/wp\/v2\/users\/1"}],"replies":[{"embeddable":true,"href":"https:\/\/nissantravelguide.com\/es\/wp-json\/wp\/v2\/comments?post=361"}],"version-history":[{"count":2,"href":"https:\/\/nissantravelguide.com\/es\/wp-json\/wp\/v2\/pages\/361\/revisions"}],"predecessor-version":[{"id":4346,"href":"https:\/\/nissantravelguide.com\/es\/wp-json\/wp\/v2\/pages\/361\/revisions\/4346"}],"up":[{"embeddable":true,"href":"https:\/\/nissantravelguide.com\/es\/wp-json\/wp\/v2\/pages\/331"}],"wp:featuredmedia":[{"embeddable":true,"href":"https:\/\/nissantravelguide.com\/es\/wp-json\/wp\/v2\/media\/1149"}],"wp:attachment":[{"href":"https:\/\/nissantravelguide.com\/es\/wp-json\/wp\/v2\/media?parent=361"}],"curies":[{"name":"wp","href":"https:\/\/api.w.org\/{rel}","templated":true}]}}