{"id":362,"date":"2022-06-21T14:23:58","date_gmt":"2022-06-21T14:23:58","guid":{"rendered":"https:\/\/nissantravelguide.com\/estocolmo\/vaxholm\/"},"modified":"2022-12-13T11:04:22","modified_gmt":"2022-12-13T11:04:22","slug":"vaxholm","status":"publish","type":"page","link":"https:\/\/nissantravelguide.com\/es\/estocolmo\/vaxholm\/","title":{"rendered":"Vaxholm"},"content":{"rendered":"<p><span data-sheets-value=\"{&quot;1&quot;:2,&quot;2&quot;:&quot;Vaxholm\\r\\n\u00bfTe apetece visitar un lugar con muchos restaurantes encantadores, caf\u00e9s y tiendas? A qui\u00e9n no, \u00bfverdad? Dir\u00edgete a Vaxholm, una ciudad id\u00edlica en el coraz\u00f3n del archipi\u00e9lago de Estocolmo. Sus casas de madera bien conservadas, pintadas en distintivos tonos pastel, crean un ambiente \u00fanico. Al igual que el resto del archipi\u00e9lago, tampoco se queda corta en cuanto a la aventura. Hay muchas oportunidades de practicar kayak, remo o pesca. Y, cuando quieras relajarte al final del d\u00eda, te sugerimos que visites el Waxholms Hotell, que cuenta con vistas extraordinarias de la fortaleza y el puerto de la ciudad.\\r&quot;}\" data-sheets-userformat=\"{&quot;2&quot;:7041,&quot;3&quot;:{&quot;1&quot;:0},&quot;10&quot;:2,&quot;11&quot;:4,&quot;12&quot;:0,&quot;14&quot;:{&quot;1&quot;:2,&quot;2&quot;:0},&quot;15&quot;:&quot;Verdana, sans-serif&quot;}\">\u00bfTe apetece visitar un lugar con muchos restaurantes encantadores, caf\u00e9s y tiendas? A qui\u00e9n no, \u00bfverdad? Dir\u00edgete a Vaxholm, una ciudad id\u00edlica en el coraz\u00f3n del archipi\u00e9lago de Estocolmo. Sus casas de madera bien conservadas, pintadas en distintivos tonos pastel, crean un ambiente \u00fanico. Al igual que el resto del archipi\u00e9lago, tampoco se queda corta en cuanto a la aventura. Hay muchas oportunidades de practicar kayak, remo o pesca. Y, cuando quieras relajarte al final del d\u00eda, te sugerimos que visites el Waxholms Hotell, que cuenta con vistas extraordinarias de la fortaleza y el puerto de la ciudad. <\/span><\/p>\n","protected":false},"excerpt":{"rendered":"<p>\u00bfTe apetece visitar un lugar con muchos restaurantes encantadores, caf\u00e9s y tiendas? A qui\u00e9n no, \u00bfverdad? Dir\u00edgete a Vaxholm, una ciudad id\u00edlica en el coraz\u00f3n del archipi\u00e9lago de Estocolmo. Sus casas de madera bien conservadas, pintadas en distintivos tonos pastel, crean un ambiente \u00fanico. Al igual que el resto del archipi\u00e9lago, tampoco se queda corta [&hellip;]<\/p>\n","protected":false},"author":1,"featured_media":1203,"parent":331,"menu_order":11,"comment_status":"closed","ping_status":"closed","template":"tpl-location.php","meta":{"_acf_changed":false,"footnotes":""},"acf":{"address":"Vaxholm","location_type":"beauty","map_link":"https:\/\/www.google.co.uk\/maps\/place\/Vaxholm,+Sweden\/@59.4045249,18.3086513,14z\/data=!3m1!4b1!4m5!3m4!1s0x465ef319667a1fc1:0xca12483bf0358351!8m2!3d59.4032968!4d18.3263804","trip_advisor":"https:\/\/www.tripadvisor.co.uk\/Tourism-g679660-Vaxholm-Vacations.html","coordinates":{"latitude":"59.4045249","longitude":"18.3086513"},"charging_stations":[{"charging_station":"11 kW Type 2: Eriks\u00f6v\u00e4gen 27, 185 37 Vaxholm, Sweden"}]},"aioseo_notices":[],"_links":{"self":[{"href":"https:\/\/nissantravelguide.com\/es\/wp-json\/wp\/v2\/pages\/362"}],"collection":[{"href":"https:\/\/nissantravelguide.com\/es\/wp-json\/wp\/v2\/pages"}],"about":[{"href":"https:\/\/nissantravelguide.com\/es\/wp-json\/wp\/v2\/types\/page"}],"author":[{"embeddable":true,"href":"https:\/\/nissantravelguide.com\/es\/wp-json\/wp\/v2\/users\/1"}],"replies":[{"embeddable":true,"href":"https:\/\/nissantravelguide.com\/es\/wp-json\/wp\/v2\/comments?post=362"}],"version-history":[{"count":1,"href":"https:\/\/nissantravelguide.com\/es\/wp-json\/wp\/v2\/pages\/362\/revisions"}],"predecessor-version":[{"id":1243,"href":"https:\/\/nissantravelguide.com\/es\/wp-json\/wp\/v2\/pages\/362\/revisions\/1243"}],"up":[{"embeddable":true,"href":"https:\/\/nissantravelguide.com\/es\/wp-json\/wp\/v2\/pages\/331"}],"wp:featuredmedia":[{"embeddable":true,"href":"https:\/\/nissantravelguide.com\/es\/wp-json\/wp\/v2\/media\/1203"}],"wp:attachment":[{"href":"https:\/\/nissantravelguide.com\/es\/wp-json\/wp\/v2\/media?parent=362"}],"curies":[{"name":"wp","href":"https:\/\/api.w.org\/{rel}","templated":true}]}}