{"id":363,"date":"2022-06-21T14:24:54","date_gmt":"2022-06-21T14:24:54","guid":{"rendered":"https:\/\/nissantravelguide.com\/estocolmo\/museo-skansen\/"},"modified":"2022-12-13T11:02:40","modified_gmt":"2022-12-13T11:02:40","slug":"museo-skansen","status":"publish","type":"page","link":"https:\/\/nissantravelguide.com\/es\/estocolmo\/museo-skansen\/","title":{"rendered":"Museo Skansen"},"content":{"rendered":"<p>Retrocede en el tiempo (de alg\u00fan modo) a un lugar \u00fanico donde la historia se encuentra con el presente en el museo al aire libre m\u00e1s antiguo del mundo. En el Museo Skansen, puedes descubrir exactamente c\u00f3mo viv\u00edan antiguamente los suecos y c\u00f3mo han evolucionado sus costumbres y tradiciones con el tiempo. Y, al igual que la vida sueca cambiaba con las estaciones, el museo alberga algunos eventos festivos que no te puedes perder, desde conciertos de verano hasta mercados navide\u00f1os. Siempre hay algo emocionante que experimentar aqu\u00ed.<\/p>\n","protected":false},"excerpt":{"rendered":"<p>Retrocede en el tiempo (de alg\u00fan modo) a un lugar \u00fanico donde la historia se encuentra con el presente en el museo al aire libre m\u00e1s antiguo del mundo. En el Museo Skansen, puedes descubrir exactamente c\u00f3mo viv\u00edan antiguamente los suecos y c\u00f3mo han evolucionado sus costumbres y tradiciones con el tiempo. Y, al igual [&hellip;]<\/p>\n","protected":false},"author":1,"featured_media":1208,"parent":331,"menu_order":7,"comment_status":"closed","ping_status":"closed","template":"tpl-location.php","meta":{"_acf_changed":false,"footnotes":""},"acf":{"address":"Djurg\u00e5rdssl\u00e4tten 49-51, 115 21 Stockholm, Sweden","location_type":"interest","map_link":"https:\/\/www.google.co.uk\/maps\/place\/Skansen\/@59.3270453,18.1015516,17z\/data=!3m1!4b1!4m5!3m4!1s0x465f82aafeda9437:0x2c35b6cfd6468531!8m2!3d59.3270426!4d18.1037456","trip_advisor":"https:\/\/www.tripadvisor.co.uk\/Attraction_Review-g189852-d208296-Reviews-Skansen-Stockholm.html","coordinates":{"latitude":"59.3270453","longitude":"18.1015516"},"charging_stations":[{"charging_station":"3.7 kW Type 2: Djurg\u00e5rden, 115 21 Stockholm, Sweden"}]},"aioseo_notices":[],"_links":{"self":[{"href":"https:\/\/nissantravelguide.com\/es\/wp-json\/wp\/v2\/pages\/363"}],"collection":[{"href":"https:\/\/nissantravelguide.com\/es\/wp-json\/wp\/v2\/pages"}],"about":[{"href":"https:\/\/nissantravelguide.com\/es\/wp-json\/wp\/v2\/types\/page"}],"author":[{"embeddable":true,"href":"https:\/\/nissantravelguide.com\/es\/wp-json\/wp\/v2\/users\/1"}],"replies":[{"embeddable":true,"href":"https:\/\/nissantravelguide.com\/es\/wp-json\/wp\/v2\/comments?post=363"}],"version-history":[{"count":1,"href":"https:\/\/nissantravelguide.com\/es\/wp-json\/wp\/v2\/pages\/363\/revisions"}],"predecessor-version":[{"id":463,"href":"https:\/\/nissantravelguide.com\/es\/wp-json\/wp\/v2\/pages\/363\/revisions\/463"}],"up":[{"embeddable":true,"href":"https:\/\/nissantravelguide.com\/es\/wp-json\/wp\/v2\/pages\/331"}],"wp:featuredmedia":[{"embeddable":true,"href":"https:\/\/nissantravelguide.com\/es\/wp-json\/wp\/v2\/media\/1208"}],"wp:attachment":[{"href":"https:\/\/nissantravelguide.com\/es\/wp-json\/wp\/v2\/media?parent=363"}],"curies":[{"name":"wp","href":"https:\/\/api.w.org\/{rel}","templated":true}]}}