{"id":364,"date":"2022-06-21T14:25:17","date_gmt":"2022-06-21T14:25:17","guid":{"rendered":"https:\/\/nissantravelguide.com\/estocolmo\/museo-de-nordiska\/"},"modified":"2022-12-13T11:05:41","modified_gmt":"2022-12-13T11:05:41","slug":"museo-de-nordiska","status":"publish","type":"page","link":"https:\/\/nissantravelguide.com\/es\/estocolmo\/museo-de-nordiska\/","title":{"rendered":"Museo de Nordiska"},"content":{"rendered":"<p><span data-sheets-value=\"{&quot;1&quot;:2,&quot;2&quot;:&quot;Museo de Nordiska \\r\\n\u00bfEres un\/a cl\u00e1sico\/a y sue\u00f1as con vivir en un hogar retro perfecto? Bueno, ahora puedes vivir tus fantas\u00edas vintage con la exhibici\u00f3n de apartamentos de tama\u00f1o real de los a\u00f1os 40 en el Nordiska Museet. Para ofrecer una experiencia inmersiva, el Great Hall del museo alberga actualmente una exposici\u00f3n sobre la vida y las condiciones cambiantes del \u00c1rtico. Y, si eso no es lo tuyo, hay un mill\u00f3n de cosas m\u00e1s que ver y hacer. Literalmente el museo de historia cultural m\u00e1s grande de Suecia, con m\u00e1s de 1,5 millones de exposiciones, monumentales estatuas de roble e incluso pan reci\u00e9n horneado, realmente lo tiene todo. Est\u00e1 repleto de historias atemporales entretejidas a trav\u00e9s de la moda, los muebles, la porcelana y mucho, mucho, mucho, mucho m\u00e1s. \u00a1Sin duda saldr\u00e1s de aqu\u00ed sabi\u00e9ndolo todo sobre la cultura n\u00f3rdica!\\r&quot;}\" data-sheets-userformat=\"{&quot;2&quot;:7041,&quot;3&quot;:{&quot;1&quot;:0},&quot;10&quot;:2,&quot;11&quot;:4,&quot;12&quot;:0,&quot;14&quot;:{&quot;1&quot;:2,&quot;2&quot;:0},&quot;15&quot;:&quot;Verdana, sans-serif&quot;}\">\u00bfEres un\/a cl\u00e1sico\/a y sue\u00f1as con vivir en un hogar retro perfecto? Bueno, ahora puedes vivir tus fantas\u00edas vintage con la exhibici\u00f3n de apartamentos de tama\u00f1o real de los a\u00f1os 40 en el Nordiska Museet. Para ofrecer una experiencia inmersiva, el Great Hall del museo alberga actualmente una exposici\u00f3n sobre la vida y las condiciones cambiantes del \u00c1rtico. Y, si eso no es lo tuyo, hay un mill\u00f3n de cosas m\u00e1s que ver y hacer. Literalmente el museo de historia cultural m\u00e1s grande de Suecia, con m\u00e1s de 1,5 millones de exposiciones, monumentales estatuas de roble e incluso pan reci\u00e9n horneado, realmente lo tiene todo. Est\u00e1 repleto de historias atemporales entretejidas a trav\u00e9s de la moda, los muebles, la porcelana y mucho, mucho, mucho, mucho m\u00e1s. \u00a1Sin duda saldr\u00e1s de aqu\u00ed sabi\u00e9ndolo todo sobre la cultura n\u00f3rdica! <\/span><\/p>\n","protected":false},"excerpt":{"rendered":"<p>\u00bfEres un\/a cl\u00e1sico\/a y sue\u00f1as con vivir en un hogar retro perfecto? Bueno, ahora puedes vivir tus fantas\u00edas vintage con la exhibici\u00f3n de apartamentos de tama\u00f1o real de los a\u00f1os 40 en el Nordiska Museet. Para ofrecer una experiencia inmersiva, el Great Hall del museo alberga actualmente una exposici\u00f3n sobre la vida y las condiciones [&hellip;]<\/p>\n","protected":false},"author":1,"featured_media":1171,"parent":331,"menu_order":14,"comment_status":"closed","ping_status":"closed","template":"tpl-location.php","meta":{"_acf_changed":false,"footnotes":""},"acf":{"address":"Djurg\u00e5rdsv\u00e4gen 6-16, 115 93 Stockholm, Sweden","location_type":"interest","map_link":"https:\/\/www.google.com\/maps\/place\/Nordiska+museet\/@59.3290107,18.092074,17z\/data=!3m1!4b1!4m5!3m4!1s0x465f9d538319a8c5:0xd78b9c1c85cfa918!8m2!3d59.329008!4d18.094268","trip_advisor":"https:\/\/www.tripadvisor.co.uk\/Attraction_Review-g189852-d244309-Reviews-Nordiska_Museet-Stockholm.html","coordinates":{"latitude":"59.3290107","longitude":"18.092074"},"charging_stations":[{"charging_station":"3.7 kW Type 2: Djurg\u00e5rden, 115 21 Stockholm, Sweden"}]},"aioseo_notices":[],"_links":{"self":[{"href":"https:\/\/nissantravelguide.com\/es\/wp-json\/wp\/v2\/pages\/364"}],"collection":[{"href":"https:\/\/nissantravelguide.com\/es\/wp-json\/wp\/v2\/pages"}],"about":[{"href":"https:\/\/nissantravelguide.com\/es\/wp-json\/wp\/v2\/types\/page"}],"author":[{"embeddable":true,"href":"https:\/\/nissantravelguide.com\/es\/wp-json\/wp\/v2\/users\/1"}],"replies":[{"embeddable":true,"href":"https:\/\/nissantravelguide.com\/es\/wp-json\/wp\/v2\/comments?post=364"}],"version-history":[{"count":1,"href":"https:\/\/nissantravelguide.com\/es\/wp-json\/wp\/v2\/pages\/364\/revisions"}],"predecessor-version":[{"id":1235,"href":"https:\/\/nissantravelguide.com\/es\/wp-json\/wp\/v2\/pages\/364\/revisions\/1235"}],"up":[{"embeddable":true,"href":"https:\/\/nissantravelguide.com\/es\/wp-json\/wp\/v2\/pages\/331"}],"wp:featuredmedia":[{"embeddable":true,"href":"https:\/\/nissantravelguide.com\/es\/wp-json\/wp\/v2\/media\/1171"}],"wp:attachment":[{"href":"https:\/\/nissantravelguide.com\/es\/wp-json\/wp\/v2\/media?parent=364"}],"curies":[{"name":"wp","href":"https:\/\/api.w.org\/{rel}","templated":true}]}}