{"id":3977,"date":"2022-12-12T09:36:32","date_gmt":"2022-12-12T09:36:32","guid":{"rendered":"https:\/\/nissantravelguide.com\/bratislava\/restauracia-sluk\/"},"modified":"2022-12-12T09:36:32","modified_gmt":"2022-12-12T09:36:32","slug":"restauracia-sluk","status":"publish","type":"page","link":"https:\/\/nissantravelguide.com\/es\/bratislava\/restauracia-sluk\/","title":{"rendered":"Re\u0161taur\u00e1cia S\u013dUK"},"content":{"rendered":"<p class=\"p1\">Si te apetece probar la cocina y diversi\u00f3n tradicionales eslovacas, no busques m\u00e1s: ve al Re\u0161taur\u00e1cia SL\u2019UK. Ubicado dentro del castillo Rusovce, puedes cenar en el restaurante mientras disfrutas del espect\u00e1culo del baile folcl\u00f3rico eslovaco local. Re\u0161taur\u00e1cia SL\u2019UK, en donde se sirve una mezcla de delicias de inspiraci\u00f3n local e internacional, es una excelente opci\u00f3n para cualquier persona que desee encontrar el aut\u00e9ntico sabor de Bratislava.<\/p>\n","protected":false},"excerpt":{"rendered":"<p>Si te apetece probar la cocina y diversi\u00f3n tradicionales eslovacas, no busques m\u00e1s: ve al Re\u0161taur\u00e1cia SL\u2019UK. Ubicado dentro del castillo Rusovce, puedes cenar en el restaurante mientras disfrutas del espect\u00e1culo del baile folcl\u00f3rico eslovaco local. Re\u0161taur\u00e1cia SL\u2019UK, en donde se sirve una mezcla de delicias de inspiraci\u00f3n local e internacional, es una excelente opci\u00f3n [&hellip;]<\/p>\n","protected":false},"author":1,"featured_media":3001,"parent":2873,"menu_order":0,"comment_status":"closed","ping_status":"closed","template":"tpl-location.php","meta":{"_acf_changed":false,"footnotes":""},"acf":{"address":"Ma\u010farsk\u00e1 31, 851 10 Rusovce, Slovakia","location_type":"restaurant","map_link":"https:\/\/www.google.com\/maps\/place\/S%C4%BDUK+Restaurant\/@48.0531528,17.0186944,12z\/data=!4m9!1m2!2m1!1zcmXFoXRhdXLDoWNpYSBzxL51ayB0cmlwYWR2aXNvcg!3m5!1s0x476c62ca62eac959:0x222090fbf3506378!8m2!3d48.0536034!4d17.1500503!15sCh9yZcWhdGF1csOhY2lhIHPEvnVrIHRyaXBhZHZpc29yWiEiH3JlxaF0YXVyw6FjaWEgc8S-dWsgdHJpcGFkdmlzb3KSAQpyZXN0YXVyYW504AEA","trip_advisor":"https:\/\/www.tripadvisor.com\/Restaurant_Review-g274924-d1115449-Reviews-SLUK_Restaurant-Bratislava_Bratislava_Region.html","coordinates":{"latitude":"48.0531528","longitude":"17.0186944"},"charging_stations":[{"charging_station":"Type 2 11kW: Hauptplatz 31 (8.3km \/ 12 min) "}]},"aioseo_notices":[],"_links":{"self":[{"href":"https:\/\/nissantravelguide.com\/es\/wp-json\/wp\/v2\/pages\/3977"}],"collection":[{"href":"https:\/\/nissantravelguide.com\/es\/wp-json\/wp\/v2\/pages"}],"about":[{"href":"https:\/\/nissantravelguide.com\/es\/wp-json\/wp\/v2\/types\/page"}],"author":[{"embeddable":true,"href":"https:\/\/nissantravelguide.com\/es\/wp-json\/wp\/v2\/users\/1"}],"replies":[{"embeddable":true,"href":"https:\/\/nissantravelguide.com\/es\/wp-json\/wp\/v2\/comments?post=3977"}],"version-history":[{"count":0,"href":"https:\/\/nissantravelguide.com\/es\/wp-json\/wp\/v2\/pages\/3977\/revisions"}],"up":[{"embeddable":true,"href":"https:\/\/nissantravelguide.com\/es\/wp-json\/wp\/v2\/pages\/2873"}],"wp:featuredmedia":[{"embeddable":true,"href":"https:\/\/nissantravelguide.com\/es\/wp-json\/wp\/v2\/media\/3001"}],"wp:attachment":[{"href":"https:\/\/nissantravelguide.com\/es\/wp-json\/wp\/v2\/media?parent=3977"}],"curies":[{"name":"wp","href":"https:\/\/api.w.org\/{rel}","templated":true}]}}