{"id":3978,"date":"2022-12-12T09:36:50","date_gmt":"2022-12-12T09:36:50","guid":{"rendered":"https:\/\/nissantravelguide.com\/bratislava\/husacina-u-galika\/"},"modified":"2022-12-12T09:36:50","modified_gmt":"2022-12-12T09:36:50","slug":"husacina-u-galika","status":"publish","type":"page","link":"https:\/\/nissantravelguide.com\/es\/bratislava\/husacina-u-galika\/","title":{"rendered":"Husacina u Galika"},"content":{"rendered":"<p class=\"p1\">Dicen que todo lo que necesitas es amor y una comida casera. Y, si esto es cierto, Husacina u Galika es una visita obligada. Te enamorar\u00e1s de la comida casera y tradicional que ofrece este famoso restaurante impregnado de tradici\u00f3n y ubicado en el pintoresco pueblo de Slovensk\u00fd Grob. Presta atenci\u00f3n a la presencia de ganso, pato y una variedad de especialidades eslovacas en el men\u00fa, todas cocinadas mediante m\u00e9todos centenarios con hornos de arcilla que mantienen este restaurante fiel a su legado.<\/p>\n","protected":false},"excerpt":{"rendered":"<p>Dicen que todo lo que necesitas es amor y una comida casera. Y, si esto es cierto, Husacina u Galika es una visita obligada. Te enamorar\u00e1s de la comida casera y tradicional que ofrece este famoso restaurante impregnado de tradici\u00f3n y ubicado en el pintoresco pueblo de Slovensk\u00fd Grob. Presta atenci\u00f3n a la presencia de [&hellip;]<\/p>\n","protected":false},"author":1,"featured_media":2956,"parent":2873,"menu_order":0,"comment_status":"closed","ping_status":"closed","template":"tpl-location.php","meta":{"_acf_changed":false,"footnotes":""},"acf":{"address":"Lipov\u00e1 21, 900 26 Slovensk\u00fd Grob, Slovakia","location_type":"restaurant","map_link":"https:\/\/www.google.com\/maps\/place\/Husacina+u+Galika\/@48.2658925,17.2589442,14z\/data=!4m5!3m4!1s0x476c9080b153880b:0xdb5eae8b1c8bb960!8m2!3d48.2597222!4d17.2752778","trip_advisor":"https:\/\/www.tripadvisor.co.uk\/Restaurant_Review-g1602209-d4769946-Reviews-Husacina_U_Galika-Slovensky_Grob_Bratislava_Region.html","coordinates":{"latitude":"48.2658925","longitude":"17.2589442"},"charging_stations":[{"charging_station":"Type 2 22kW \/ CCS 150kW: Janosikova 1484\/1 (11.7km \/ 16 min)"}]},"aioseo_notices":[],"_links":{"self":[{"href":"https:\/\/nissantravelguide.com\/es\/wp-json\/wp\/v2\/pages\/3978"}],"collection":[{"href":"https:\/\/nissantravelguide.com\/es\/wp-json\/wp\/v2\/pages"}],"about":[{"href":"https:\/\/nissantravelguide.com\/es\/wp-json\/wp\/v2\/types\/page"}],"author":[{"embeddable":true,"href":"https:\/\/nissantravelguide.com\/es\/wp-json\/wp\/v2\/users\/1"}],"replies":[{"embeddable":true,"href":"https:\/\/nissantravelguide.com\/es\/wp-json\/wp\/v2\/comments?post=3978"}],"version-history":[{"count":0,"href":"https:\/\/nissantravelguide.com\/es\/wp-json\/wp\/v2\/pages\/3978\/revisions"}],"up":[{"embeddable":true,"href":"https:\/\/nissantravelguide.com\/es\/wp-json\/wp\/v2\/pages\/2873"}],"wp:featuredmedia":[{"embeddable":true,"href":"https:\/\/nissantravelguide.com\/es\/wp-json\/wp\/v2\/media\/2956"}],"wp:attachment":[{"href":"https:\/\/nissantravelguide.com\/es\/wp-json\/wp\/v2\/media?parent=3978"}],"curies":[{"name":"wp","href":"https:\/\/api.w.org\/{rel}","templated":true}]}}