{"id":3979,"date":"2022-12-12T09:37:08","date_gmt":"2022-12-12T09:37:08","guid":{"rendered":"https:\/\/nissantravelguide.com\/bratislava\/ufo\/"},"modified":"2022-12-12T09:37:08","modified_gmt":"2022-12-12T09:37:08","slug":"ufo","status":"publish","type":"page","link":"https:\/\/nissantravelguide.com\/es\/bratislava\/ufo\/","title":{"rendered":"UFO"},"content":{"rendered":"<p class=\"p1\">\u00bfTe apetece comer o cenar en un gigantesco UFO mientras contemplas las amplias vistas panor\u00e1micas de la hermosa ciudad de Bratislava? Ese es exactamente el tipo de experiencia \u00fanica y memorable que puedes disfrutar en la cima del famoso puente SNP, mientras disfrutas de una fusi\u00f3n de cocina mediterr\u00e1nea y asi\u00e1tica. Los interiores son deliberadamente minimalistas, para permitir que te centres en la vista impresionante: especialmente por la noche, cuando tienes la oportunidad de cenar entre las estrellas.<\/p>\n","protected":false},"excerpt":{"rendered":"<p>\u00bfTe apetece comer o cenar en un gigantesco UFO mientras contemplas las amplias vistas panor\u00e1micas de la hermosa ciudad de Bratislava? Ese es exactamente el tipo de experiencia \u00fanica y memorable que puedes disfrutar en la cima del famoso puente SNP, mientras disfrutas de una fusi\u00f3n de cocina mediterr\u00e1nea y asi\u00e1tica. Los interiores son deliberadamente [&hellip;]<\/p>\n","protected":false},"author":1,"featured_media":3055,"parent":2873,"menu_order":0,"comment_status":"closed","ping_status":"closed","template":"tpl-location.php","meta":{"_acf_changed":false,"footnotes":""},"acf":{"address":"Most SNP 1, 851 01 Petr\u017ealka, Slovakia","location_type":"restaurant","map_link":"https:\/\/www.google.com\/maps\/place\/UFO\/@48.1365156,17.1023245,17z\/data=!4m13!1m7!3m6!1s0x476c89662a3c4537:0x5c43175bf221189b!2sMost+SNP,+Petr%C5%BEalka,+Slovakia!3b1!8m2!3d48.136512!4d17.1045185!3m4!1s0x476c89689cfbbd2d:0xf618d269deefd75!8m2!3d48.1366422!4d17.1046613","trip_advisor":"https:\/\/www.tripadvisor.co.uk\/Restaurant_Review-g274924-d697355-Reviews-UFO_Restauracia-Bratislava_Bratislava_Region.html","coordinates":{"latitude":"48.1365156","longitude":"17.1023245"},"charging_stations":[{"charging_station":"Type 2 43kW: Kaufland, Trnavska Cesta (7.3km \/ 13 min)"}]},"aioseo_notices":[],"_links":{"self":[{"href":"https:\/\/nissantravelguide.com\/es\/wp-json\/wp\/v2\/pages\/3979"}],"collection":[{"href":"https:\/\/nissantravelguide.com\/es\/wp-json\/wp\/v2\/pages"}],"about":[{"href":"https:\/\/nissantravelguide.com\/es\/wp-json\/wp\/v2\/types\/page"}],"author":[{"embeddable":true,"href":"https:\/\/nissantravelguide.com\/es\/wp-json\/wp\/v2\/users\/1"}],"replies":[{"embeddable":true,"href":"https:\/\/nissantravelguide.com\/es\/wp-json\/wp\/v2\/comments?post=3979"}],"version-history":[{"count":0,"href":"https:\/\/nissantravelguide.com\/es\/wp-json\/wp\/v2\/pages\/3979\/revisions"}],"up":[{"embeddable":true,"href":"https:\/\/nissantravelguide.com\/es\/wp-json\/wp\/v2\/pages\/2873"}],"wp:featuredmedia":[{"embeddable":true,"href":"https:\/\/nissantravelguide.com\/es\/wp-json\/wp\/v2\/media\/3055"}],"wp:attachment":[{"href":"https:\/\/nissantravelguide.com\/es\/wp-json\/wp\/v2\/media?parent=3979"}],"curies":[{"name":"wp","href":"https:\/\/api.w.org\/{rel}","templated":true}]}}