{"id":3980,"date":"2022-12-12T09:37:23","date_gmt":"2022-12-12T09:37:23","guid":{"rendered":"https:\/\/nissantravelguide.com\/bratislava\/slovak-pub\/"},"modified":"2022-12-12T09:37:23","modified_gmt":"2022-12-12T09:37:23","slug":"slovak-pub","status":"publish","type":"page","link":"https:\/\/nissantravelguide.com\/es\/bratislava\/slovak-pub\/","title":{"rendered":"Slovak Pub"},"content":{"rendered":"<p class=\"p1\">Conocido por tener habitaciones tem\u00e1ticas y su propia granja bio, el Slovak Pub es el m\u00e1s grande de Bratislava (y tambi\u00e9n uno de los m\u00e1s populares). Disfruta de un ambiente \u00fanico en cada una de sus 11 habitaciones, dise\u00f1adas para evocar diferentes \u00e9pocas de la historia eslovaca, desde la caba\u00f1a del pastor de hace 200 a\u00f1os hasta la sala de los caballeros de Pribina. Adem\u00e1s, puedes disfrutar de delicias locales y productos horneados preparados con los ingredientes m\u00e1s frescos de la granja del pub. Y no te olvides de acompa\u00f1ar tu plato con una bebida elaborada en la propia cervecer\u00eda del pub.<\/p>\n","protected":false},"excerpt":{"rendered":"<p>Conocido por tener habitaciones tem\u00e1ticas y su propia granja bio, el Slovak Pub es el m\u00e1s grande de Bratislava (y tambi\u00e9n uno de los m\u00e1s populares). Disfruta de un ambiente \u00fanico en cada una de sus 11 habitaciones, dise\u00f1adas para evocar diferentes \u00e9pocas de la historia eslovaca, desde la caba\u00f1a del pastor de hace 200 [&hellip;]<\/p>\n","protected":false},"author":1,"featured_media":3035,"parent":2873,"menu_order":0,"comment_status":"closed","ping_status":"closed","template":"tpl-location.php","meta":{"_acf_changed":false,"footnotes":""},"acf":{"address":"62 613, Obchodn\u00e1, 811 06 Bratislava, Slovakia","location_type":"restaurant","map_link":"https:\/\/www.google.com\/maps\/place\/Slovak+Pub\/@48.148371,17.1123577,15z\/data=!4m5!3m4!1s0x0:0x1261e75938998ecc!8m2!3d48.148371!4d17.1123577","trip_advisor":"https:\/\/www.tripadvisor.com\/Restaurant_Review-g274924-d697348-Reviews-Slovak_Pub-Bratislava_Bratislava_Region.html","coordinates":{"latitude":"48.148371","longitude":"17.1123577"},"charging_stations":[{"charging_station":"Type 2 43kW: Kaufland, Trnavska Cesta (3.8km \/ 14 min)"}]},"aioseo_notices":[],"_links":{"self":[{"href":"https:\/\/nissantravelguide.com\/es\/wp-json\/wp\/v2\/pages\/3980"}],"collection":[{"href":"https:\/\/nissantravelguide.com\/es\/wp-json\/wp\/v2\/pages"}],"about":[{"href":"https:\/\/nissantravelguide.com\/es\/wp-json\/wp\/v2\/types\/page"}],"author":[{"embeddable":true,"href":"https:\/\/nissantravelguide.com\/es\/wp-json\/wp\/v2\/users\/1"}],"replies":[{"embeddable":true,"href":"https:\/\/nissantravelguide.com\/es\/wp-json\/wp\/v2\/comments?post=3980"}],"version-history":[{"count":0,"href":"https:\/\/nissantravelguide.com\/es\/wp-json\/wp\/v2\/pages\/3980\/revisions"}],"up":[{"embeddable":true,"href":"https:\/\/nissantravelguide.com\/es\/wp-json\/wp\/v2\/pages\/2873"}],"wp:featuredmedia":[{"embeddable":true,"href":"https:\/\/nissantravelguide.com\/es\/wp-json\/wp\/v2\/media\/3035"}],"wp:attachment":[{"href":"https:\/\/nissantravelguide.com\/es\/wp-json\/wp\/v2\/media?parent=3980"}],"curies":[{"name":"wp","href":"https:\/\/api.w.org\/{rel}","templated":true}]}}