{"id":3981,"date":"2022-12-12T09:37:39","date_gmt":"2022-12-12T09:37:39","guid":{"rendered":"https:\/\/nissantravelguide.com\/bratislava\/sad-janka-krala\/"},"modified":"2022-12-12T09:37:39","modified_gmt":"2022-12-12T09:37:39","slug":"sad-janka-krala","status":"publish","type":"page","link":"https:\/\/nissantravelguide.com\/es\/bratislava\/sad-janka-krala\/","title":{"rendered":"Sad Janka Kr\u00e1\u013ea"},"content":{"rendered":"<p class=\"p1\">\u00bfNecesitas un momento para relajarte? Pi\u00e9rdete en el tranquilo oasis verde de Sad Janka Kr\u00e1\u013ea, el parque m\u00e1s antiguo de Europa Central. Te olvidar\u00e1s de que est\u00e1s en medio de una bulliciosa ciudad, mientras te relajas y disfrutas de la belleza natural de este lugar de calma. Este lugar, ubicado entre el Puente Antiguo y el Puente Nuevo, es ideal para pasear y disfrutar de los contrastes arquitect\u00f3nicos de Bratislava, que combina el mundo antiguo y el nuevo.<\/p>\n<p class=\"p1\">Y, mientras te tomas tiempo para recargar las bater\u00edas, recuerda que tu coche tambi\u00e9n necesita un momento para ello. Aparca tu autom\u00f3vil en el centro comercial Aupark cercano para aprovechar las estaciones de carga locales.<\/p>\n","protected":false},"excerpt":{"rendered":"<p>\u00bfNecesitas un momento para relajarte? Pi\u00e9rdete en el tranquilo oasis verde de Sad Janka Kr\u00e1\u013ea, el parque m\u00e1s antiguo de Europa Central. Te olvidar\u00e1s de que est\u00e1s en medio de una bulliciosa ciudad, mientras te relajas y disfrutas de la belleza natural de este lugar de calma. Este lugar, ubicado entre el Puente Antiguo y [&hellip;]<\/p>\n","protected":false},"author":1,"featured_media":3020,"parent":2873,"menu_order":0,"comment_status":"closed","ping_status":"closed","template":"tpl-location.php","meta":{"_acf_changed":false,"footnotes":""},"acf":{"address":"Sad Janka Kr\u00e1\u013ea, 851 01 Petr\u017ealka, Slovakia","location_type":"beauty","map_link":"https:\/\/www.google.com\/maps\/place\/Sad+Janka+Kr%C3%A1%C4%BEa\/@48.1352454,17.1097314,15z\/data=!4m5!3m4!1s0x0:0xf2853fcb91ce053c!8m2!3d48.1352454!4d17.1097314","trip_advisor":"https:\/\/www.tripadvisor.co.uk\/Attraction_Review-g274924-d4155320-Reviews-Sad_Janka_KraLa-Bratislava_Bratislava_Region.html","coordinates":{"latitude":"48.1352454","longitude":"17.1097314"},"charging_stations":[{"charging_station":"Type 2, 22kW: Aupark Shopping Center Car Park (950m \/ 3 min)"}]},"aioseo_notices":[],"_links":{"self":[{"href":"https:\/\/nissantravelguide.com\/es\/wp-json\/wp\/v2\/pages\/3981"}],"collection":[{"href":"https:\/\/nissantravelguide.com\/es\/wp-json\/wp\/v2\/pages"}],"about":[{"href":"https:\/\/nissantravelguide.com\/es\/wp-json\/wp\/v2\/types\/page"}],"author":[{"embeddable":true,"href":"https:\/\/nissantravelguide.com\/es\/wp-json\/wp\/v2\/users\/1"}],"replies":[{"embeddable":true,"href":"https:\/\/nissantravelguide.com\/es\/wp-json\/wp\/v2\/comments?post=3981"}],"version-history":[{"count":0,"href":"https:\/\/nissantravelguide.com\/es\/wp-json\/wp\/v2\/pages\/3981\/revisions"}],"up":[{"embeddable":true,"href":"https:\/\/nissantravelguide.com\/es\/wp-json\/wp\/v2\/pages\/2873"}],"wp:featuredmedia":[{"embeddable":true,"href":"https:\/\/nissantravelguide.com\/es\/wp-json\/wp\/v2\/media\/3020"}],"wp:attachment":[{"href":"https:\/\/nissantravelguide.com\/es\/wp-json\/wp\/v2\/media?parent=3981"}],"curies":[{"name":"wp","href":"https:\/\/api.w.org\/{rel}","templated":true}]}}