{"id":3982,"date":"2022-12-12T09:37:50","date_gmt":"2022-12-12T09:37:50","guid":{"rendered":"https:\/\/nissantravelguide.com\/bratislava\/devin\/"},"modified":"2022-12-12T09:37:50","modified_gmt":"2022-12-12T09:37:50","slug":"devin","status":"publish","type":"page","link":"https:\/\/nissantravelguide.com\/es\/bratislava\/devin\/","title":{"rendered":"Devin"},"content":{"rendered":"<p class=\"p1\">Situado a pocos kil\u00f3metros al oeste de Bratislava, Devin es uno de los castillos m\u00e1s antiguos de Eslovaquia, a orillas del Danubio. Puedes visitar las ruinas o dar un paseo por el r\u00edo. Es f\u00e1cil entender por qu\u00e9 Devin es uno de los lugares m\u00e1s visitados de Eslovaquia: la vista es sencillamente impresionante, e incluso se puede ver hasta Viena y las cimas nevadas de los Alpes austriacos. El lugar tambi\u00e9n es conocido por su vino de grosella roja.<span class=\"Apple-converted-space\">\u00a0<\/span><\/p>\n","protected":false},"excerpt":{"rendered":"<p>Situado a pocos kil\u00f3metros al oeste de Bratislava, Devin es uno de los castillos m\u00e1s antiguos de Eslovaquia, a orillas del Danubio. Puedes visitar las ruinas o dar un paseo por el r\u00edo. Es f\u00e1cil entender por qu\u00e9 Devin es uno de los lugares m\u00e1s visitados de Eslovaquia: la vista es sencillamente impresionante, e incluso [&hellip;]<\/p>\n","protected":false},"author":1,"featured_media":2946,"parent":2873,"menu_order":0,"comment_status":"closed","ping_status":"closed","template":"tpl-location.php","meta":{"_acf_changed":false,"footnotes":""},"acf":{"address":"841 10 Bratislava Slovakia","location_type":"beauty","map_link":"https:\/\/goo.gl\/maps\/wUaVeBrYb9Tmgou48","trip_advisor":"https:\/\/www.tripadvisor.co.uk\/Attraction_Review-g274924-d290673-Reviews-Devin_Castle-Bratislava_Bratislava_Region.html","coordinates":{"latitude":"48.1765565","longitude":"16.9854218"},"charging_stations":[{"charging_station":"Type 2 22.1kW \/ CCS 50kW CHAdeMO 50kW: Star\u00e9 Grunty 56, 841 04 Bratislava, Slovakia (9.8km \/ 15 min) "}]},"aioseo_notices":[],"_links":{"self":[{"href":"https:\/\/nissantravelguide.com\/es\/wp-json\/wp\/v2\/pages\/3982"}],"collection":[{"href":"https:\/\/nissantravelguide.com\/es\/wp-json\/wp\/v2\/pages"}],"about":[{"href":"https:\/\/nissantravelguide.com\/es\/wp-json\/wp\/v2\/types\/page"}],"author":[{"embeddable":true,"href":"https:\/\/nissantravelguide.com\/es\/wp-json\/wp\/v2\/users\/1"}],"replies":[{"embeddable":true,"href":"https:\/\/nissantravelguide.com\/es\/wp-json\/wp\/v2\/comments?post=3982"}],"version-history":[{"count":0,"href":"https:\/\/nissantravelguide.com\/es\/wp-json\/wp\/v2\/pages\/3982\/revisions"}],"up":[{"embeddable":true,"href":"https:\/\/nissantravelguide.com\/es\/wp-json\/wp\/v2\/pages\/2873"}],"wp:featuredmedia":[{"embeddable":true,"href":"https:\/\/nissantravelguide.com\/es\/wp-json\/wp\/v2\/media\/2946"}],"wp:attachment":[{"href":"https:\/\/nissantravelguide.com\/es\/wp-json\/wp\/v2\/media?parent=3982"}],"curies":[{"name":"wp","href":"https:\/\/api.w.org\/{rel}","templated":true}]}}