{"id":3983,"date":"2022-12-12T09:38:11","date_gmt":"2022-12-12T09:38:11","guid":{"rendered":"https:\/\/nissantravelguide.com\/bratislava\/ciudad-antigua\/"},"modified":"2022-12-12T09:38:11","modified_gmt":"2022-12-12T09:38:11","slug":"ciudad-antigua","status":"publish","type":"page","link":"https:\/\/nissantravelguide.com\/es\/bratislava\/ciudad-antigua\/","title":{"rendered":"Ciudad antigua"},"content":{"rendered":"<p class=\"p1\">Viaja en el tiempo y visita el coraz\u00f3n hist\u00f3rico de Bratislava. El casco antiguo es una mezcla ecl\u00e9ctica de estilos de arquitectura extraordinarios y diversos, que incluyen un castillo medieval y edificios restaurados con su belleza original. Sin duda, vale la pena caminar por los muchos callejones adoquinados y disfrutar de la magnificencia de los palacios barrocos, mientras te empapas del ambiente vibrante de la ciudad. Adem\u00e1s, cuenta con una amplia variedad de restaurantes, vida nocturna y tiendas, que har\u00e1n imposible que pases hambre mientras exploras.<span class=\"Apple-converted-space\">\u00a0<\/span><\/p>\n","protected":false},"excerpt":{"rendered":"<p>Viaja en el tiempo y visita el coraz\u00f3n hist\u00f3rico de Bratislava. El casco antiguo es una mezcla ecl\u00e9ctica de estilos de arquitectura extraordinarios y diversos, que incluyen un castillo medieval y edificios restaurados con su belleza original. Sin duda, vale la pena caminar por los muchos callejones adoquinados y disfrutar de la magnificencia de los [&hellip;]<\/p>\n","protected":false},"author":1,"featured_media":2991,"parent":2873,"menu_order":0,"comment_status":"closed","ping_status":"closed","template":"tpl-location.php","meta":{"_acf_changed":false,"footnotes":""},"acf":{"address":"Star\u00e9 Mesto, Slovakia","location_type":"beauty","map_link":"https:\/\/www.google.com\/maps\/place\/Old+Town,+Slovakia\/@48.1562582,17.102516,14z\/data=!3m1!4b1!4m5!3m4!1s0x476c895b04c53fd5:0x2600f7d2cfb8d0c2!8m2!3d48.148598!4d17.1077474","trip_advisor":"https:\/\/www.tripadvisor.co.uk\/Attraction_Review-g274924-d290671-Reviews-Bratislava_Old_Town-Bratislava_Bratislava_Region.html","coordinates":{"latitude":"48.1562582","longitude":"17.102516"},"charging_stations":[{"charging_station":"Type 2, 43kW: Kaufland, Trnavska Cesta (4.5km \/ 17 min)"}]},"aioseo_notices":[],"_links":{"self":[{"href":"https:\/\/nissantravelguide.com\/es\/wp-json\/wp\/v2\/pages\/3983"}],"collection":[{"href":"https:\/\/nissantravelguide.com\/es\/wp-json\/wp\/v2\/pages"}],"about":[{"href":"https:\/\/nissantravelguide.com\/es\/wp-json\/wp\/v2\/types\/page"}],"author":[{"embeddable":true,"href":"https:\/\/nissantravelguide.com\/es\/wp-json\/wp\/v2\/users\/1"}],"replies":[{"embeddable":true,"href":"https:\/\/nissantravelguide.com\/es\/wp-json\/wp\/v2\/comments?post=3983"}],"version-history":[{"count":0,"href":"https:\/\/nissantravelguide.com\/es\/wp-json\/wp\/v2\/pages\/3983\/revisions"}],"up":[{"embeddable":true,"href":"https:\/\/nissantravelguide.com\/es\/wp-json\/wp\/v2\/pages\/2873"}],"wp:featuredmedia":[{"embeddable":true,"href":"https:\/\/nissantravelguide.com\/es\/wp-json\/wp\/v2\/media\/2991"}],"wp:attachment":[{"href":"https:\/\/nissantravelguide.com\/es\/wp-json\/wp\/v2\/media?parent=3983"}],"curies":[{"name":"wp","href":"https:\/\/api.w.org\/{rel}","templated":true}]}}