{"id":3984,"date":"2022-12-12T09:39:18","date_gmt":"2022-12-12T09:39:18","guid":{"rendered":"https:\/\/nissantravelguide.com\/budapest\/hotel-clark\/"},"modified":"2022-12-12T09:39:18","modified_gmt":"2022-12-12T09:39:18","slug":"hotel-clark","status":"publish","type":"page","link":"https:\/\/nissantravelguide.com\/es\/budapest\/hotel-clark\/","title":{"rendered":"Hotel Clark"},"content":{"rendered":"<p class=\"p1\">Si buscas un lugar elegante y exclusivo para hospedarte en tu viaje, el Hotel Clark te ofrece justo eso. Es un hotel solo para adultos donde se combinan la tradici\u00f3n y el dise\u00f1o moderno, creando un entorno inmensamente c\u00f3modo desde el que comenzar a explorar Budapest. El hotel, con vistas al famoso Puente de las Cadenas, se encuentra cerca de las orillas del Danubio, y a poca distancia del Barrio del Castillo y el coraz\u00f3n tur\u00edstico de Pest.<\/p>\n","protected":false},"excerpt":{"rendered":"<p>Si buscas un lugar elegante y exclusivo para hospedarte en tu viaje, el Hotel Clark te ofrece justo eso. Es un hotel solo para adultos donde se combinan la tradici\u00f3n y el dise\u00f1o moderno, creando un entorno inmensamente c\u00f3modo desde el que comenzar a explorar Budapest. El hotel, con vistas al famoso Puente de las [&hellip;]<\/p>\n","protected":false},"author":1,"featured_media":3199,"parent":2907,"menu_order":0,"comment_status":"closed","ping_status":"closed","template":"tpl-location.php","meta":{"_acf_changed":false,"footnotes":""},"acf":{"address":"Budapest, Clark \u00c1d\u00e1m t\u00e9r 1, 1013 Hungary","location_type":"hotel","map_link":"https:\/\/www.google.com\/maps\/place\/Hotel+Clark+Budapest\/@47.4986712,19.0399433,15z\/data=!4m2!3m1!1s0x0:0xe97e4946649ecc5d?sa=X&ved=2ahUKEwj3pbDpjML6AhUrQ0EAHcFODA4Q_BJ6BQiBARAF","trip_advisor":"https:\/\/www.tripadvisor.co.uk\/Hotel_Review-g274887-d13392862-Reviews-Hotel_Clark_Budapest-Budapest_Central_Hungary.html","coordinates":{"latitude":"47.4986712","longitude":"19.0399433"},"charging_stations":[{"charging_station":"CHAdeMO (22.4kW) \/ CCS (22.4kW): Lovas Ut 41, 1012 (1.9km \/ 6 min)"}]},"aioseo_notices":[],"_links":{"self":[{"href":"https:\/\/nissantravelguide.com\/es\/wp-json\/wp\/v2\/pages\/3984"}],"collection":[{"href":"https:\/\/nissantravelguide.com\/es\/wp-json\/wp\/v2\/pages"}],"about":[{"href":"https:\/\/nissantravelguide.com\/es\/wp-json\/wp\/v2\/types\/page"}],"author":[{"embeddable":true,"href":"https:\/\/nissantravelguide.com\/es\/wp-json\/wp\/v2\/users\/1"}],"replies":[{"embeddable":true,"href":"https:\/\/nissantravelguide.com\/es\/wp-json\/wp\/v2\/comments?post=3984"}],"version-history":[{"count":0,"href":"https:\/\/nissantravelguide.com\/es\/wp-json\/wp\/v2\/pages\/3984\/revisions"}],"up":[{"embeddable":true,"href":"https:\/\/nissantravelguide.com\/es\/wp-json\/wp\/v2\/pages\/2907"}],"wp:featuredmedia":[{"embeddable":true,"href":"https:\/\/nissantravelguide.com\/es\/wp-json\/wp\/v2\/media\/3199"}],"wp:attachment":[{"href":"https:\/\/nissantravelguide.com\/es\/wp-json\/wp\/v2\/media?parent=3984"}],"curies":[{"name":"wp","href":"https:\/\/api.w.org\/{rel}","templated":true}]}}