{"id":3985,"date":"2022-12-12T09:39:44","date_gmt":"2022-12-12T09:39:44","guid":{"rendered":"https:\/\/nissantravelguide.com\/budapest\/apartamentos-domus-peregrini\/"},"modified":"2022-12-12T09:39:44","modified_gmt":"2022-12-12T09:39:44","slug":"apartamentos-domus-peregrini","status":"publish","type":"page","link":"https:\/\/nissantravelguide.com\/es\/budapest\/apartamentos-domus-peregrini\/","title":{"rendered":"Apartamentos Domus Peregrini"},"content":{"rendered":"<p class=\"p1\">Si te diriges de Budapest a Viena o Bratislava, Gy\u0151r es una ciudad de visita obligada. De hecho, salir de la autopista y seguir la carretera nacional te permitir\u00e1 disfrutar de algunas rutas pintorescas que te llevar\u00e1n a trav\u00e9s de vi\u00f1edos, castillos y abad\u00edas medievales. Los apartamentos Domus Peregini son una estupenda parada en el camino.<\/p>\n","protected":false},"excerpt":{"rendered":"<p>Si te diriges de Budapest a Viena o Bratislava, Gy\u0151r es una ciudad de visita obligada. De hecho, salir de la autopista y seguir la carretera nacional te permitir\u00e1 disfrutar de algunas rutas pintorescas que te llevar\u00e1n a trav\u00e9s de vi\u00f1edos, castillos y abad\u00edas medievales. Los apartamentos Domus Peregini son una estupenda parada en el [&hellip;]<\/p>\n","protected":false},"author":1,"featured_media":3129,"parent":2907,"menu_order":0,"comment_status":"closed","ping_status":"closed","template":"tpl-location.php","meta":{"_acf_changed":false,"footnotes":""},"acf":{"address":"Gy\u0151r, K\u00e1ptalandomb 8, 9021 Hungary","location_type":"hotel","map_link":"https:\/\/g.page\/domus-peregrini-apartmanok?share","trip_advisor":"https:\/\/www.tripadvisor.ca\/Hotel_Review-g274893-d21278428-Reviews-Domus_Peregrini_Apartmanok-Gyor_Gyor_Moson_Sopron_County_Central_Transdanubia.html","coordinates":{"latitude":"47.6883308","longitude":"17.6318387"},"charging_stations":[{"charging_station":"Type 2 22kW \/ CCS 75.2kW: Gy\u0151r, Audi Hung\u00e1ria \u00fat 1, 9027 Hungary (6.6km \/ 12 min)"}]},"aioseo_notices":[],"_links":{"self":[{"href":"https:\/\/nissantravelguide.com\/es\/wp-json\/wp\/v2\/pages\/3985"}],"collection":[{"href":"https:\/\/nissantravelguide.com\/es\/wp-json\/wp\/v2\/pages"}],"about":[{"href":"https:\/\/nissantravelguide.com\/es\/wp-json\/wp\/v2\/types\/page"}],"author":[{"embeddable":true,"href":"https:\/\/nissantravelguide.com\/es\/wp-json\/wp\/v2\/users\/1"}],"replies":[{"embeddable":true,"href":"https:\/\/nissantravelguide.com\/es\/wp-json\/wp\/v2\/comments?post=3985"}],"version-history":[{"count":0,"href":"https:\/\/nissantravelguide.com\/es\/wp-json\/wp\/v2\/pages\/3985\/revisions"}],"up":[{"embeddable":true,"href":"https:\/\/nissantravelguide.com\/es\/wp-json\/wp\/v2\/pages\/2907"}],"wp:featuredmedia":[{"embeddable":true,"href":"https:\/\/nissantravelguide.com\/es\/wp-json\/wp\/v2\/media\/3129"}],"wp:attachment":[{"href":"https:\/\/nissantravelguide.com\/es\/wp-json\/wp\/v2\/media?parent=3985"}],"curies":[{"name":"wp","href":"https:\/\/api.w.org\/{rel}","templated":true}]}}