{"id":3986,"date":"2022-12-12T09:40:03","date_gmt":"2022-12-12T09:40:03","guid":{"rendered":"https:\/\/nissantravelguide.com\/budapest\/up-hotel-budapest\/"},"modified":"2022-12-12T09:40:03","modified_gmt":"2022-12-12T09:40:03","slug":"up-hotel-budapest","status":"publish","type":"page","link":"https:\/\/nissantravelguide.com\/es\/budapest\/up-hotel-budapest\/","title":{"rendered":"Up Hotel Budapest"},"content":{"rendered":"<p class=\"p1\">El Up Hotel, situado en el animado barrio de Ter\u00e9zv\u00e1ros, se encuentra junto al Broadway de Budapest. Adem\u00e1s, no est\u00e1 muy lejos del emblem\u00e1tico edificio del Parlamento H\u00fangaro. El hotel est\u00e1 construido seg\u00fan la idea de \u201chospedaje inteligente\u201d, utilizando la tecnolog\u00eda para crear un entorno relajado y moderno donde todo sea f\u00e1cil. Y, por supuesto, este estilo con visi\u00f3n de futuro se centra m\u00e1s en la sostenibilidad. Tambi\u00e9n hay un gui\u00f1o al pasado en el Posner Bistro del hotel, ubicado en lo que sol\u00eda ser una imprenta del siglo XIX. En lugar de copias impresas, ahora se sirven platos en un ambiente \u00fanico y moderno, \u00a1con algunos p\u00f3steres incre\u00edbles!, lo que lo convierte en un lugar popular tanto entre los lugare\u00f1os como entre los visitantes.<\/p>\n","protected":false},"excerpt":{"rendered":"<p>El Up Hotel, situado en el animado barrio de Ter\u00e9zv\u00e1ros, se encuentra junto al Broadway de Budapest. Adem\u00e1s, no est\u00e1 muy lejos del emblem\u00e1tico edificio del Parlamento H\u00fangaro. El hotel est\u00e1 construido seg\u00fan la idea de \u201chospedaje inteligente\u201d, utilizando la tecnolog\u00eda para crear un entorno relajado y moderno donde todo sea f\u00e1cil. Y, por supuesto, [&hellip;]<\/p>\n","protected":false},"author":1,"featured_media":3279,"parent":2907,"menu_order":0,"comment_status":"closed","ping_status":"closed","template":"tpl-location.php","meta":{"_acf_changed":false,"footnotes":""},"acf":{"address":"Budapest, Csengery u. 31, 1067 Hungary","location_type":"hotel","map_link":"https:\/\/www.google.com\/maps\/place\/Up+Hotel+Budapest\/@47.5051119,19.0672847,15z\/data=!4m8!3m7!1s0x0:0xd69c9ea7800bd219!5m2!4m1!1i2!8m2!3d47.5051119!4d19.0672847","trip_advisor":"https:\/\/www.tripadvisor.co.uk\/Hotel_Review-g274887-d20182086-Reviews-Up_Hotel_Budapest-Budapest_Central_Hungary.html","coordinates":{"latitude":"47.5051119","longitude":"19.0672847"},"charging_stations":[{"charging_station":"Type 2 (22kW): Bajza Ut 3, 1071 (2.0km \/ 7 min)"}]},"aioseo_notices":[],"_links":{"self":[{"href":"https:\/\/nissantravelguide.com\/es\/wp-json\/wp\/v2\/pages\/3986"}],"collection":[{"href":"https:\/\/nissantravelguide.com\/es\/wp-json\/wp\/v2\/pages"}],"about":[{"href":"https:\/\/nissantravelguide.com\/es\/wp-json\/wp\/v2\/types\/page"}],"author":[{"embeddable":true,"href":"https:\/\/nissantravelguide.com\/es\/wp-json\/wp\/v2\/users\/1"}],"replies":[{"embeddable":true,"href":"https:\/\/nissantravelguide.com\/es\/wp-json\/wp\/v2\/comments?post=3986"}],"version-history":[{"count":0,"href":"https:\/\/nissantravelguide.com\/es\/wp-json\/wp\/v2\/pages\/3986\/revisions"}],"up":[{"embeddable":true,"href":"https:\/\/nissantravelguide.com\/es\/wp-json\/wp\/v2\/pages\/2907"}],"wp:featuredmedia":[{"embeddable":true,"href":"https:\/\/nissantravelguide.com\/es\/wp-json\/wp\/v2\/media\/3279"}],"wp:attachment":[{"href":"https:\/\/nissantravelguide.com\/es\/wp-json\/wp\/v2\/media?parent=3986"}],"curies":[{"name":"wp","href":"https:\/\/api.w.org\/{rel}","templated":true}]}}