{"id":3987,"date":"2022-12-12T09:40:23","date_gmt":"2022-12-12T09:40:23","guid":{"rendered":"https:\/\/nissantravelguide.com\/budapest\/cortile-budapest-hotel\/"},"modified":"2022-12-12T09:40:23","modified_gmt":"2022-12-12T09:40:23","slug":"cortile-budapest-hotel","status":"publish","type":"page","link":"https:\/\/nissantravelguide.com\/es\/budapest\/cortile-budapest-hotel\/","title":{"rendered":"Cortile Budapest Hotel"},"content":{"rendered":"<p class=\"p1\">\u00bfSituaci\u00f3n c\u00e9ntrica? S\u00ed. \u00bfA pocos pasos de los mejores bares, restaurantes y atracciones de Budapest, incluida la Casa de la Fotograf\u00eda de Hungr\u00eda? S\u00ed. \u00bfPiscina en la azotea? S\u00ed, tambi\u00e9n. No hay mucho que no tenga el Cortile Budapest Hotel solo para adultos, lo que lo convierte en una ubicaci\u00f3n ideal desde la que explorar la ciudad. Disfruta de una estad\u00eda relajante en uno de los cuatro estilos de habitaci\u00f3n de tem\u00e1tica natural, y prueba los productos m\u00e1s frescos de proveedores locales en el desayuno. El hotel tambi\u00e9n cuenta con impecables credenciales ecol\u00f3gicas, ya que se utilizan pr\u00e1cticas respetuosas con el medio ambiente en todo el edificio: desde energ\u00eda geot\u00e9rmica y solar para la calefacci\u00f3n, hasta lavander\u00eda ecol\u00f3gica.<\/p>\n","protected":false},"excerpt":{"rendered":"<p>\u00bfSituaci\u00f3n c\u00e9ntrica? S\u00ed. \u00bfA pocos pasos de los mejores bares, restaurantes y atracciones de Budapest, incluida la Casa de la Fotograf\u00eda de Hungr\u00eda? S\u00ed. \u00bfPiscina en la azotea? S\u00ed, tambi\u00e9n. No hay mucho que no tenga el Cortile Budapest Hotel solo para adultos, lo que lo convierte en una ubicaci\u00f3n ideal desde la que explorar [&hellip;]<\/p>\n","protected":false},"author":1,"featured_media":3099,"parent":2907,"menu_order":0,"comment_status":"closed","ping_status":"closed","template":"tpl-location.php","meta":{"_acf_changed":false,"footnotes":""},"acf":{"address":"Budapest, Dessewffy u. 14, 1066 Hungary","location_type":"hotel","map_link":"https:\/\/www.google.com\/maps\/place\/Cortile+Budapest+Hotel\/@47.5049602,19.0565027,15z\/data=!4m2!3m1!1s0x0:0xe0bdf359c1e87105?sa=X&ved=2ahUKEwiEx5PMsN_6AhUGLsAKHb4qD5UQ_BJ6BAh5EAU","trip_advisor":"https:\/\/www.tripadvisor.co.uk\/Hotel_Review-g274887-d19138993-Reviews-Cortile_Budapest_Hotel-Budapest_Central_Hungary.html","coordinates":{"latitude":"47.5049602","longitude":"19.0565027"},"charging_stations":[{"charging_station":"Type 2 (22kW): Bajza Ut 3, 1071 (2.3km \/ 8 min)"}]},"aioseo_notices":[],"_links":{"self":[{"href":"https:\/\/nissantravelguide.com\/es\/wp-json\/wp\/v2\/pages\/3987"}],"collection":[{"href":"https:\/\/nissantravelguide.com\/es\/wp-json\/wp\/v2\/pages"}],"about":[{"href":"https:\/\/nissantravelguide.com\/es\/wp-json\/wp\/v2\/types\/page"}],"author":[{"embeddable":true,"href":"https:\/\/nissantravelguide.com\/es\/wp-json\/wp\/v2\/users\/1"}],"replies":[{"embeddable":true,"href":"https:\/\/nissantravelguide.com\/es\/wp-json\/wp\/v2\/comments?post=3987"}],"version-history":[{"count":0,"href":"https:\/\/nissantravelguide.com\/es\/wp-json\/wp\/v2\/pages\/3987\/revisions"}],"up":[{"embeddable":true,"href":"https:\/\/nissantravelguide.com\/es\/wp-json\/wp\/v2\/pages\/2907"}],"wp:featuredmedia":[{"embeddable":true,"href":"https:\/\/nissantravelguide.com\/es\/wp-json\/wp\/v2\/media\/3099"}],"wp:attachment":[{"href":"https:\/\/nissantravelguide.com\/es\/wp-json\/wp\/v2\/media?parent=3987"}],"curies":[{"name":"wp","href":"https:\/\/api.w.org\/{rel}","templated":true}]}}