{"id":3988,"date":"2022-12-12T09:40:41","date_gmt":"2022-12-12T09:40:41","guid":{"rendered":"https:\/\/nissantravelguide.com\/budapest\/deryne\/"},"modified":"2022-12-12T09:40:41","modified_gmt":"2022-12-12T09:40:41","slug":"deryne","status":"publish","type":"page","link":"https:\/\/nissantravelguide.com\/es\/budapest\/deryne\/","title":{"rendered":"D\u00e9ryn\u00e9"},"content":{"rendered":"<p class=\"p1\">El D\u00e9ryn\u00e9 Bistro es un lugar de encuentro favorito de artistas, profesionales y estrellas de cine. Aqu\u00ed se sirven aut\u00e9nticos platos de bistro y posiblemente es m\u00e1s conocido por su selecci\u00f3n de ostras, caviar y bistecs. Este restaurante es muy famoso, y es el m\u00e1s grande y antiguo de la ciudad, recomendado por la gu\u00eda Michelin desde 2014. Ya te dirijas a la panader\u00eda y confiter\u00eda casera o al bar nocturno con m\u00fasica en vivo, cede a la tentaci\u00f3n de acudir a un lugar realmente interesante, lejos de las trampas tur\u00edsticas.<span class=\"s1\"><span class=\"Apple-converted-space\">\u00a0<\/span><\/span><\/p>\n","protected":false},"excerpt":{"rendered":"<p>El D\u00e9ryn\u00e9 Bistro es un lugar de encuentro favorito de artistas, profesionales y estrellas de cine. Aqu\u00ed se sirven aut\u00e9nticos platos de bistro y posiblemente es m\u00e1s conocido por su selecci\u00f3n de ostras, caviar y bistecs. Este restaurante es muy famoso, y es el m\u00e1s grande y antiguo de la ciudad, recomendado por la gu\u00eda [&hellip;]<\/p>\n","protected":false},"author":1,"featured_media":3119,"parent":2907,"menu_order":0,"comment_status":"closed","ping_status":"closed","template":"tpl-location.php","meta":{"_acf_changed":false,"footnotes":""},"acf":{"address":"Budapest, Krisztina t\u00e9r 3, 1013 Hungary","location_type":"restaurant","map_link":"https:\/\/www.google.com\/maps\/place\/D%25C3%25A9ryn%25C3%25A9\/@47.4972401,19.0316417,15z\/data=!4m2!3m1!1s0x0:0x6a6ee7d8f6dfbe9e?sa=X&ved=2ahUKEwi5z7eOlML6AhWXSEEAHUqCDacQ_BJ6BAhxEAU","trip_advisor":"https:\/\/www.tripadvisor.co.uk\/Restaurant_Review-g274887-d1016692-Reviews-Deryne-Budapest_Central_Hungary.html","coordinates":{"latitude":"47.4972401","longitude":"19.0316417"},"charging_stations":[{"charging_station":"CHAdeMO 22.4kW CCS 22.4kW: Lovas Ut 41, 1012 (1.8km \/ 6 min)"}]},"aioseo_notices":[],"_links":{"self":[{"href":"https:\/\/nissantravelguide.com\/es\/wp-json\/wp\/v2\/pages\/3988"}],"collection":[{"href":"https:\/\/nissantravelguide.com\/es\/wp-json\/wp\/v2\/pages"}],"about":[{"href":"https:\/\/nissantravelguide.com\/es\/wp-json\/wp\/v2\/types\/page"}],"author":[{"embeddable":true,"href":"https:\/\/nissantravelguide.com\/es\/wp-json\/wp\/v2\/users\/1"}],"replies":[{"embeddable":true,"href":"https:\/\/nissantravelguide.com\/es\/wp-json\/wp\/v2\/comments?post=3988"}],"version-history":[{"count":0,"href":"https:\/\/nissantravelguide.com\/es\/wp-json\/wp\/v2\/pages\/3988\/revisions"}],"up":[{"embeddable":true,"href":"https:\/\/nissantravelguide.com\/es\/wp-json\/wp\/v2\/pages\/2907"}],"wp:featuredmedia":[{"embeddable":true,"href":"https:\/\/nissantravelguide.com\/es\/wp-json\/wp\/v2\/media\/3119"}],"wp:attachment":[{"href":"https:\/\/nissantravelguide.com\/es\/wp-json\/wp\/v2\/media?parent=3988"}],"curies":[{"name":"wp","href":"https:\/\/api.w.org\/{rel}","templated":true}]}}