{"id":3989,"date":"2022-12-12T09:40:54","date_gmt":"2022-12-12T09:40:54","guid":{"rendered":"https:\/\/nissantravelguide.com\/budapest\/hilda\/"},"modified":"2022-12-12T09:40:54","modified_gmt":"2022-12-12T09:40:54","slug":"hilda","status":"publish","type":"page","link":"https:\/\/nissantravelguide.com\/es\/budapest\/hilda\/","title":{"rendered":"Hilda"},"content":{"rendered":"<p class=\"p1\">A la vuelta de la esquina de la Bas\u00edlica de San Esteban se encuentra una delicia gastron\u00f3mica para los visitantes de Budapest. Basado en siglos de experiencia culinaria, Hilda es el lugar ideal para disfrutar de especialidades de temporada llenas de sabor. El restaurante, situado en una construcci\u00f3n originalmente dise\u00f1ada por el famoso arquitecto h\u00fangaro J\u00f3zsef Hild (que inspir\u00f3 su nombre), cuenta con magn\u00edficos interiores art dec\u00f3 en un ambiente elegante. La calidad y la sostenibilidad son las palabras clave aqu\u00ed, desde el uso de productos locales hasta el men\u00fa org\u00e1nico quincenal dise\u00f1ado pensando en platos \u201cde la granja a la mesa\u201d. No te pierdas este&#8230;<\/p>\n","protected":false},"excerpt":{"rendered":"<p>A la vuelta de la esquina de la Bas\u00edlica de San Esteban se encuentra una delicia gastron\u00f3mica para los visitantes de Budapest. Basado en siglos de experiencia culinaria, Hilda es el lugar ideal para disfrutar de especialidades de temporada llenas de sabor. El restaurante, situado en una construcci\u00f3n originalmente dise\u00f1ada por el famoso arquitecto h\u00fangaro [&hellip;]<\/p>\n","protected":false},"author":1,"featured_media":3184,"parent":2907,"menu_order":0,"comment_status":"closed","ping_status":"closed","template":"tpl-location.php","meta":{"_acf_changed":false,"footnotes":""},"acf":{"address":"Budapest, N\u00e1dor u. 5, 1051 Hungary","location_type":"restaurant","map_link":"https:\/\/www.google.com\/maps\/place\/HILDA+Budapest\/@47.4995957,19.0497124,15z\/data=!4m5!3m4!1s0x0:0x589f5469224cc779!8m2!3d47.4995957!4d19.0497124","trip_advisor":"https:\/\/www.tripadvisor.co.uk\/Restaurant_Review-g274887-d11962520-Reviews-HILDA_Budapest-Budapest_Central_Hungary.html","coordinates":{"latitude":"47.4995957","longitude":"19.0497124"},"charging_stations":[{"charging_station":"Type 2 (22kW): Bajza Ut 3, 1071 (2.8km \/ 10 min)"}]},"aioseo_notices":[],"_links":{"self":[{"href":"https:\/\/nissantravelguide.com\/es\/wp-json\/wp\/v2\/pages\/3989"}],"collection":[{"href":"https:\/\/nissantravelguide.com\/es\/wp-json\/wp\/v2\/pages"}],"about":[{"href":"https:\/\/nissantravelguide.com\/es\/wp-json\/wp\/v2\/types\/page"}],"author":[{"embeddable":true,"href":"https:\/\/nissantravelguide.com\/es\/wp-json\/wp\/v2\/users\/1"}],"replies":[{"embeddable":true,"href":"https:\/\/nissantravelguide.com\/es\/wp-json\/wp\/v2\/comments?post=3989"}],"version-history":[{"count":0,"href":"https:\/\/nissantravelguide.com\/es\/wp-json\/wp\/v2\/pages\/3989\/revisions"}],"up":[{"embeddable":true,"href":"https:\/\/nissantravelguide.com\/es\/wp-json\/wp\/v2\/pages\/2907"}],"wp:featuredmedia":[{"embeddable":true,"href":"https:\/\/nissantravelguide.com\/es\/wp-json\/wp\/v2\/media\/3184"}],"wp:attachment":[{"href":"https:\/\/nissantravelguide.com\/es\/wp-json\/wp\/v2\/media?parent=3989"}],"curies":[{"name":"wp","href":"https:\/\/api.w.org\/{rel}","templated":true}]}}