{"id":3990,"date":"2022-12-12T09:41:08","date_gmt":"2022-12-12T09:41:08","guid":{"rendered":"https:\/\/nissantravelguide.com\/budapest\/la-perle-noire\/"},"modified":"2022-12-12T09:41:08","modified_gmt":"2022-12-12T09:41:08","slug":"la-perle-noire","status":"publish","type":"page","link":"https:\/\/nissantravelguide.com\/es\/budapest\/la-perle-noire\/","title":{"rendered":"La Perle Noire"},"content":{"rendered":"<p class=\"p1\">La Perle Noire, pr\u00e1cticamente junto al hermoso Parque de la Ciudad, es un restaurante elegante y sofisticado en el que se sirve variedad de cocina de gran calidad, desde platos h\u00fangaros tradicionales hasta comida francesa gourmet. El esp\u00edritu del restaurante se basa en el respeto por el medio ambiente, por lo que cada ingrediente que se utiliza en la cocina es ecol\u00f3gico, fresco y procedente de agricultores h\u00fangaros locales. Y eso se suma al propio jard\u00edn de hierbas y especias del restaurante. \u00a1Estamos seguros de ning\u00fan plato te decepcionar\u00e1!<\/p>\n","protected":false},"excerpt":{"rendered":"<p>La Perle Noire, pr\u00e1cticamente junto al hermoso Parque de la Ciudad, es un restaurante elegante y sofisticado en el que se sirve variedad de cocina de gran calidad, desde platos h\u00fangaros tradicionales hasta comida francesa gourmet. El esp\u00edritu del restaurante se basa en el respeto por el medio ambiente, por lo que cada ingrediente que [&hellip;]<\/p>\n","protected":false},"author":1,"featured_media":3234,"parent":2907,"menu_order":0,"comment_status":"closed","ping_status":"closed","template":"tpl-location.php","meta":{"_acf_changed":false,"footnotes":""},"acf":{"address":"Budapest, Andr\u00e1ssy \u00fat 111, 1063 Hungary","location_type":"restaurant","map_link":"https:\/\/www.google.com\/maps\/place\/La+Perle+Noire+Restaurant+%26+Lounge\/@47.5121653,19.0743102,15z\/data=!4m5!3m4!1s0x0:0xf6f1a90ab1c0cc36!8m2!3d47.5121653!4d19.0743102","trip_advisor":"https:\/\/www.tripadvisor.co.uk\/Restaurant_Review-g274887-d4607670-Reviews-La_Perle_Noire_Restaurant_and_Lounge-Budapest_Central_Hungary.html","coordinates":{"latitude":"47.5121653","longitude":"19.0743102"},"charging_stations":[{"charging_station":"Type 2 (22kW): Bajza Ut 3, 1071 (700m \/ 2 min)"}]},"aioseo_notices":[],"_links":{"self":[{"href":"https:\/\/nissantravelguide.com\/es\/wp-json\/wp\/v2\/pages\/3990"}],"collection":[{"href":"https:\/\/nissantravelguide.com\/es\/wp-json\/wp\/v2\/pages"}],"about":[{"href":"https:\/\/nissantravelguide.com\/es\/wp-json\/wp\/v2\/types\/page"}],"author":[{"embeddable":true,"href":"https:\/\/nissantravelguide.com\/es\/wp-json\/wp\/v2\/users\/1"}],"replies":[{"embeddable":true,"href":"https:\/\/nissantravelguide.com\/es\/wp-json\/wp\/v2\/comments?post=3990"}],"version-history":[{"count":0,"href":"https:\/\/nissantravelguide.com\/es\/wp-json\/wp\/v2\/pages\/3990\/revisions"}],"up":[{"embeddable":true,"href":"https:\/\/nissantravelguide.com\/es\/wp-json\/wp\/v2\/pages\/2907"}],"wp:featuredmedia":[{"embeddable":true,"href":"https:\/\/nissantravelguide.com\/es\/wp-json\/wp\/v2\/media\/3234"}],"wp:attachment":[{"href":"https:\/\/nissantravelguide.com\/es\/wp-json\/wp\/v2\/media?parent=3990"}],"curies":[{"name":"wp","href":"https:\/\/api.w.org\/{rel}","templated":true}]}}