{"id":3991,"date":"2022-12-12T09:41:26","date_gmt":"2022-12-12T09:41:26","guid":{"rendered":"https:\/\/nissantravelguide.com\/budapest\/robinson-restaurant\/"},"modified":"2022-12-12T09:41:26","modified_gmt":"2022-12-12T09:41:26","slug":"robinson-restaurant","status":"publish","type":"page","link":"https:\/\/nissantravelguide.com\/es\/budapest\/robinson-restaurant\/","title":{"rendered":"Robinson Restaurant"},"content":{"rendered":"<p class=\"p1\">Disfruta de una cocina excepcional con una magn\u00edfica vista al lago V\u00e1rosliget (Parque de la Ciudad) en el Robinson Restaurant, que ha recibido a varias celebridades de alto perfil a lo largo de los a\u00f1os: Sylvester Stallone, David Bowie y Arnold Schwarzenegger, entre otros. El men\u00fa cambia seg\u00fan la temporada y ofrece una variedad de opciones, desde platos h\u00fangaros tradicionales hasta comida italiana ligera.<span class=\"Apple-converted-space\">\u00a0<\/span><\/p>\n","protected":false},"excerpt":{"rendered":"<p>Disfruta de una cocina excepcional con una magn\u00edfica vista al lago V\u00e1rosliget (Parque de la Ciudad) en el Robinson Restaurant, que ha recibido a varias celebridades de alto perfil a lo largo de los a\u00f1os: Sylvester Stallone, David Bowie y Arnold Schwarzenegger, entre otros. El men\u00fa cambia seg\u00fan la temporada y ofrece una variedad de [&hellip;]<\/p>\n","protected":false},"author":1,"featured_media":3259,"parent":2907,"menu_order":0,"comment_status":"closed","ping_status":"closed","template":"tpl-location.php","meta":{"_acf_changed":false,"footnotes":""},"acf":{"address":"Budapest, 1146 Hungary","location_type":"restaurant","map_link":"https:\/\/www.google.com\/maps\/place\/Robinson+Restaurant\/@47.516939,19.078145,15z\/data=!4m5!3m4!1s0x0:0xc09e6357df4510c0!8m2!3d47.516939!4d19.078145?hl=en","trip_advisor":"https:\/\/www.tripadvisor.com\/Restaurant_Review-g274887-d858391-Reviews-Robinson_Restaurant-Budapest_Central_Hungary.html","coordinates":{"latitude":"47.516939","longitude":"19.078145"},"charging_stations":[{"charging_station":"Type 2 (22kW): Bajza Ut 3, 1071 (1.5km \/ 4 min)"}]},"aioseo_notices":[],"_links":{"self":[{"href":"https:\/\/nissantravelguide.com\/es\/wp-json\/wp\/v2\/pages\/3991"}],"collection":[{"href":"https:\/\/nissantravelguide.com\/es\/wp-json\/wp\/v2\/pages"}],"about":[{"href":"https:\/\/nissantravelguide.com\/es\/wp-json\/wp\/v2\/types\/page"}],"author":[{"embeddable":true,"href":"https:\/\/nissantravelguide.com\/es\/wp-json\/wp\/v2\/users\/1"}],"replies":[{"embeddable":true,"href":"https:\/\/nissantravelguide.com\/es\/wp-json\/wp\/v2\/comments?post=3991"}],"version-history":[{"count":0,"href":"https:\/\/nissantravelguide.com\/es\/wp-json\/wp\/v2\/pages\/3991\/revisions"}],"up":[{"embeddable":true,"href":"https:\/\/nissantravelguide.com\/es\/wp-json\/wp\/v2\/pages\/2907"}],"wp:featuredmedia":[{"embeddable":true,"href":"https:\/\/nissantravelguide.com\/es\/wp-json\/wp\/v2\/media\/3259"}],"wp:attachment":[{"href":"https:\/\/nissantravelguide.com\/es\/wp-json\/wp\/v2\/media?parent=3991"}],"curies":[{"name":"wp","href":"https:\/\/api.w.org\/{rel}","templated":true}]}}