{"id":3993,"date":"2022-12-12T09:42:12","date_gmt":"2022-12-12T09:42:12","guid":{"rendered":"https:\/\/nissantravelguide.com\/budapest\/varkert-bazar\/"},"modified":"2022-12-12T09:42:12","modified_gmt":"2022-12-12T09:42:12","slug":"varkert-bazar","status":"publish","type":"page","link":"https:\/\/nissantravelguide.com\/es\/budapest\/varkert-bazar\/","title":{"rendered":"V\u00e1rkert Baz\u00e1r"},"content":{"rendered":"<p class=\"p1\">El bazar V\u00e1rkert es un complejo neorrenacentista restaurado en un lateral de la Colina del Castillo que ofrece vistas a la hermosa ribera de Buda, a los pies del Palacio Real. Renovada en 2014, esta imponente serie de paseos alberga ahora un espacio cultural con \u00e1reas de exposici\u00f3n, un hermoso jard\u00edn de flores, un parque y un cine. El V\u00e1rkert Bazar re\u00fane el pasado y el presente, lo cl\u00e1sico y lo moderno, la cultura y el entretenimiento, y alberga una amplia variedad de emocionantes conciertos, exposiciones e iniciativas culturales.<\/p>\n","protected":false},"excerpt":{"rendered":"<p>El bazar V\u00e1rkert es un complejo neorrenacentista restaurado en un lateral de la Colina del Castillo que ofrece vistas a la hermosa ribera de Buda, a los pies del Palacio Real. Renovada en 2014, esta imponente serie de paseos alberga ahora un espacio cultural con \u00e1reas de exposici\u00f3n, un hermoso jard\u00edn de flores, un parque [&hellip;]<\/p>\n","protected":false},"author":1,"featured_media":3294,"parent":2907,"menu_order":0,"comment_status":"closed","ping_status":"closed","template":"tpl-location.php","meta":{"_acf_changed":false,"footnotes":""},"acf":{"address":"Budapest, Ybl Mikl\u00f3s t\u00e9r 2-6, 1013 Hungary","location_type":"beauty","map_link":"https:\/\/www.google.com\/maps\/place\/Castle+Garden+Bazaar\/@47.4949042,19.0426074,15z\/data=!4m5!3m4!1s0x0:0xd5817ed16b048e4a!8m2!3d47.4949067!4d19.0426174","trip_advisor":"https:\/\/www.tripadvisor.co.uk\/ShowUserReviews-g274887-d7178088-r492180070-Castle_Garden-Budapest_Central_Hungary.html","coordinates":{"latitude":"47.4949042","longitude":"19.0426074"},"charging_stations":[{"charging_station":"CHAdeMO (22.4kW) \/ CCS (22.4kW):  Lovas Ut 41, 1012 (2.5km \/ 7 min)"}]},"aioseo_notices":[],"_links":{"self":[{"href":"https:\/\/nissantravelguide.com\/es\/wp-json\/wp\/v2\/pages\/3993"}],"collection":[{"href":"https:\/\/nissantravelguide.com\/es\/wp-json\/wp\/v2\/pages"}],"about":[{"href":"https:\/\/nissantravelguide.com\/es\/wp-json\/wp\/v2\/types\/page"}],"author":[{"embeddable":true,"href":"https:\/\/nissantravelguide.com\/es\/wp-json\/wp\/v2\/users\/1"}],"replies":[{"embeddable":true,"href":"https:\/\/nissantravelguide.com\/es\/wp-json\/wp\/v2\/comments?post=3993"}],"version-history":[{"count":0,"href":"https:\/\/nissantravelguide.com\/es\/wp-json\/wp\/v2\/pages\/3993\/revisions"}],"up":[{"embeddable":true,"href":"https:\/\/nissantravelguide.com\/es\/wp-json\/wp\/v2\/pages\/2907"}],"wp:featuredmedia":[{"embeddable":true,"href":"https:\/\/nissantravelguide.com\/es\/wp-json\/wp\/v2\/media\/3294"}],"wp:attachment":[{"href":"https:\/\/nissantravelguide.com\/es\/wp-json\/wp\/v2\/media?parent=3993"}],"curies":[{"name":"wp","href":"https:\/\/api.w.org\/{rel}","templated":true}]}}