{"id":3994,"date":"2022-12-12T09:42:41","date_gmt":"2022-12-12T09:42:41","guid":{"rendered":"https:\/\/nissantravelguide.com\/budapest\/bastion-de-los-pescadores\/"},"modified":"2022-12-12T09:42:41","modified_gmt":"2022-12-12T09:42:41","slug":"bastion-de-los-pescadores","status":"publish","type":"page","link":"https:\/\/nissantravelguide.com\/es\/budapest\/bastion-de-los-pescadores\/","title":{"rendered":"Basti\u00f3n de los Pescadores"},"content":{"rendered":"<p class=\"p1\">Para disfrutar de las mejores vistas de la ciudad, este lugar es sin duda una visita obligada. La impresionante torre de observaci\u00f3n, adornada con intrincadas torrecillas y agujas, ofrece las mejores vistas panor\u00e1micas de Budapest. Puedes captarlo todo desde este \u00fanico lugar: el Parlamento H\u00fangaro, los cuatro puentes principales de Budapest, la catedral de San Esteban, la colina Gellert, la isla Margarita y el paisaje urbano de Pest. El Basti\u00f3n de los Pescadores es uno de los monumentos m\u00e1s famosos que la ciudad tiene que ofrecer, y no necesitar\u00e1s m\u00e1s de 30 minutos para explorarlo todo y comprender por qu\u00e9.<\/p>\n","protected":false},"excerpt":{"rendered":"<p>Para disfrutar de las mejores vistas de la ciudad, este lugar es sin duda una visita obligada. La impresionante torre de observaci\u00f3n, adornada con intrincadas torrecillas y agujas, ofrece las mejores vistas panor\u00e1micas de Budapest. Puedes captarlo todo desde este \u00fanico lugar: el Parlamento H\u00fangaro, los cuatro puentes principales de Budapest, la catedral de San [&hellip;]<\/p>\n","protected":false},"author":1,"featured_media":3154,"parent":2907,"menu_order":0,"comment_status":"closed","ping_status":"closed","template":"tpl-location.php","meta":{"_acf_changed":false,"footnotes":""},"acf":{"address":"Budapest, Szenth\u00e1roms\u00e1g t\u00e9r, 1014 Hungary","location_type":"beauty","map_link":"https:\/\/www.google.com\/maps\/place\/Fisherman's+Bastion\/@47.5021827,19.0347812,15z\/data=!4m5!3m4!1s0x0:0x2f263ca844235e46!8m2!3d47.5021827!4d19.0347812","trip_advisor":"https:\/\/www.tripadvisor.co.uk\/Attraction_Review-g274887-d21229283-Reviews-Fishermen_s_Bastion-Budapest_Central_Hungary.html","coordinates":{"latitude":"47.5021827","longitude":"19.0347812"},"charging_stations":[{"charging_station":"CHAdeMO (22.4kW) \/ CCS (22.4kW): Lovas Ut 41, 1012 (800m \/ 3 min)"}]},"aioseo_notices":[],"_links":{"self":[{"href":"https:\/\/nissantravelguide.com\/es\/wp-json\/wp\/v2\/pages\/3994"}],"collection":[{"href":"https:\/\/nissantravelguide.com\/es\/wp-json\/wp\/v2\/pages"}],"about":[{"href":"https:\/\/nissantravelguide.com\/es\/wp-json\/wp\/v2\/types\/page"}],"author":[{"embeddable":true,"href":"https:\/\/nissantravelguide.com\/es\/wp-json\/wp\/v2\/users\/1"}],"replies":[{"embeddable":true,"href":"https:\/\/nissantravelguide.com\/es\/wp-json\/wp\/v2\/comments?post=3994"}],"version-history":[{"count":0,"href":"https:\/\/nissantravelguide.com\/es\/wp-json\/wp\/v2\/pages\/3994\/revisions"}],"up":[{"embeddable":true,"href":"https:\/\/nissantravelguide.com\/es\/wp-json\/wp\/v2\/pages\/2907"}],"wp:featuredmedia":[{"embeddable":true,"href":"https:\/\/nissantravelguide.com\/es\/wp-json\/wp\/v2\/media\/3154"}],"wp:attachment":[{"href":"https:\/\/nissantravelguide.com\/es\/wp-json\/wp\/v2\/media?parent=3994"}],"curies":[{"name":"wp","href":"https:\/\/api.w.org\/{rel}","templated":true}]}}