{"id":3995,"date":"2022-12-12T09:42:57","date_gmt":"2022-12-12T09:42:57","guid":{"rendered":"https:\/\/nissantravelguide.com\/budapest\/parque-de-la-ciudad-de-budapest\/"},"modified":"2022-12-12T09:42:57","modified_gmt":"2022-12-12T09:42:57","slug":"parque-de-la-ciudad-de-budapest","status":"publish","type":"page","link":"https:\/\/nissantravelguide.com\/es\/budapest\/parque-de-la-ciudad-de-budapest\/","title":{"rendered":"Parque de la Ciudad de Budapest"},"content":{"rendered":"<p class=\"p1\">El Parque de la Ciudad de Budapest gusta a todos. Aun estando cerca del centro de la ciudad, ha demostrado ser un lugar de descanso del ajetreo urbano que lo rodea. Sin embargo, ten cuidado; es f\u00e1cil perderse en su encantador castillo, m\u00faltiples museos y hermosos lagos. Incluso tiene una gran selecci\u00f3n de restaurantes, por lo que ni siquiera tendr\u00e1s que salir de \u00e9l para comer. Este parque de 200 a\u00f1os de antig\u00fcedad es la combinaci\u00f3n perfecta de magia y misterio.<\/p>\n","protected":false},"excerpt":{"rendered":"<p>El Parque de la Ciudad de Budapest gusta a todos. Aun estando cerca del centro de la ciudad, ha demostrado ser un lugar de descanso del ajetreo urbano que lo rodea. Sin embargo, ten cuidado; es f\u00e1cil perderse en su encantador castillo, m\u00faltiples museos y hermosos lagos. Incluso tiene una gran selecci\u00f3n de restaurantes, por [&hellip;]<\/p>\n","protected":false},"author":1,"featured_media":3089,"parent":2907,"menu_order":0,"comment_status":"closed","ping_status":"closed","template":"tpl-location.php","meta":{"_acf_changed":false,"footnotes":""},"acf":{"address":"Budapest, K\u00f3s K\u00e1roly stny., 1146 Hungary","location_type":"beauty","map_link":"https:\/\/www.google.com\/maps\/place\/City+Park\/@47.514292,19.085244,15z\/data=!4m5!3m4!1s0x0:0x757db90f482bea97!8m2!3d47.514292!4d19.085244","trip_advisor":"https:\/\/www.tripadvisor.co.uk\/Attraction_Review-g274887-d276830-Reviews-Varosliget-Budapest_Central_Hungary.html","coordinates":{"latitude":"47.514292","longitude":"19.085244"},"charging_stations":[{"charging_station":"Type 2 (22kW): Bajza Ut 3, 1071 (1.5km \/ 4 min)"}]},"aioseo_notices":[],"_links":{"self":[{"href":"https:\/\/nissantravelguide.com\/es\/wp-json\/wp\/v2\/pages\/3995"}],"collection":[{"href":"https:\/\/nissantravelguide.com\/es\/wp-json\/wp\/v2\/pages"}],"about":[{"href":"https:\/\/nissantravelguide.com\/es\/wp-json\/wp\/v2\/types\/page"}],"author":[{"embeddable":true,"href":"https:\/\/nissantravelguide.com\/es\/wp-json\/wp\/v2\/users\/1"}],"replies":[{"embeddable":true,"href":"https:\/\/nissantravelguide.com\/es\/wp-json\/wp\/v2\/comments?post=3995"}],"version-history":[{"count":0,"href":"https:\/\/nissantravelguide.com\/es\/wp-json\/wp\/v2\/pages\/3995\/revisions"}],"up":[{"embeddable":true,"href":"https:\/\/nissantravelguide.com\/es\/wp-json\/wp\/v2\/pages\/2907"}],"wp:featuredmedia":[{"embeddable":true,"href":"https:\/\/nissantravelguide.com\/es\/wp-json\/wp\/v2\/media\/3089"}],"wp:attachment":[{"href":"https:\/\/nissantravelguide.com\/es\/wp-json\/wp\/v2\/media?parent=3995"}],"curies":[{"name":"wp","href":"https:\/\/api.w.org\/{rel}","templated":true}]}}