{"id":3996,"date":"2022-12-12T09:43:15","date_gmt":"2022-12-12T09:43:15","guid":{"rendered":"https:\/\/nissantravelguide.com\/budapest\/plaza-de-los-heroes\/"},"modified":"2022-12-12T09:43:15","modified_gmt":"2022-12-12T09:43:15","slug":"plaza-de-los-heroes","status":"publish","type":"page","link":"https:\/\/nissantravelguide.com\/es\/budapest\/plaza-de-los-heroes\/","title":{"rendered":"Plaza de los H\u00e9roes"},"content":{"rendered":"<p class=\"p1\">La Plaza de los H\u00e9roes, construida en 1896 para celebrar 1000 a\u00f1os de civilizaci\u00f3n h\u00fangara, es la m\u00e1s grande y simb\u00f3lica de Budapest. Con el Arc\u00e1ngel Gabriel (que vigila desde la cima del Monumento del Milenio en el centro) y las estatuas de cinco luchadores por la libertad en las cercan\u00edas, este es un atractivo sitio al aire libre declarado Patrimonio de la Humanidad, que te llevar\u00e1 en un recorrido por el legado h\u00fangaro.<\/p>\n","protected":false},"excerpt":{"rendered":"<p>La Plaza de los H\u00e9roes, construida en 1896 para celebrar 1000 a\u00f1os de civilizaci\u00f3n h\u00fangara, es la m\u00e1s grande y simb\u00f3lica de Budapest. Con el Arc\u00e1ngel Gabriel (que vigila desde la cima del Monumento del Milenio en el centro) y las estatuas de cinco luchadores por la libertad en las cercan\u00edas, este es un atractivo [&hellip;]<\/p>\n","protected":false},"author":1,"featured_media":3169,"parent":2907,"menu_order":0,"comment_status":"closed","ping_status":"closed","template":"tpl-location.php","meta":{"_acf_changed":false,"footnotes":""},"acf":{"address":"Budapest, H\u0151s\u00f6k tere, 1146 Hungary","location_type":"beauty","map_link":"https:\/\/www.google.com\/maps\/place\/Heroes'+Square\/@47.5149429,19.0778626,15z\/data=!4m5!3m4!1s0x0:0x34417cbcba48293f!8m2!3d47.5149429!4d19.0778626","trip_advisor":"https:\/\/www.tripadvisor.co.uk\/Attraction_Review-g274887-d276827-Reviews-Heroes_Square-Budapest_Central_Hungary.html","coordinates":{"latitude":"47.5149429","longitude":"19.0778626"},"charging_stations":[{"charging_station":"Type 2 (22kW): Bajza Ut 3, 1071 (1.1km \/ 3 min)"}]},"aioseo_notices":[],"_links":{"self":[{"href":"https:\/\/nissantravelguide.com\/es\/wp-json\/wp\/v2\/pages\/3996"}],"collection":[{"href":"https:\/\/nissantravelguide.com\/es\/wp-json\/wp\/v2\/pages"}],"about":[{"href":"https:\/\/nissantravelguide.com\/es\/wp-json\/wp\/v2\/types\/page"}],"author":[{"embeddable":true,"href":"https:\/\/nissantravelguide.com\/es\/wp-json\/wp\/v2\/users\/1"}],"replies":[{"embeddable":true,"href":"https:\/\/nissantravelguide.com\/es\/wp-json\/wp\/v2\/comments?post=3996"}],"version-history":[{"count":0,"href":"https:\/\/nissantravelguide.com\/es\/wp-json\/wp\/v2\/pages\/3996\/revisions"}],"up":[{"embeddable":true,"href":"https:\/\/nissantravelguide.com\/es\/wp-json\/wp\/v2\/pages\/2907"}],"wp:featuredmedia":[{"embeddable":true,"href":"https:\/\/nissantravelguide.com\/es\/wp-json\/wp\/v2\/media\/3169"}],"wp:attachment":[{"href":"https:\/\/nissantravelguide.com\/es\/wp-json\/wp\/v2\/media?parent=3996"}],"curies":[{"name":"wp","href":"https:\/\/api.w.org\/{rel}","templated":true}]}}