{"id":3997,"date":"2022-12-12T09:43:43","date_gmt":"2022-12-12T09:43:43","guid":{"rendered":"https:\/\/nissantravelguide.com\/budapest\/abadia-de-pannonhalma\/"},"modified":"2022-12-12T09:43:43","modified_gmt":"2022-12-12T09:43:43","slug":"abadia-de-pannonhalma","status":"publish","type":"page","link":"https:\/\/nissantravelguide.com\/es\/budapest\/abadia-de-pannonhalma\/","title":{"rendered":"Abad\u00eda de Pannonhalma"},"content":{"rendered":"<p class=\"p1\">Este Patrimonio de la UNESCO es una de las joyas arquitect\u00f3nicas y culturales de Hungr\u00eda. Tambi\u00e9n es uno de los monumentos hist\u00f3ricos m\u00e1s antiguos del pa\u00eds, que ofrece mucho que explorar y sorprender\u00e1 tanto a ni\u00f1os como a padres. Da un paseo por los jardines, admira la vista desde su monumental torre o pi\u00e9rdete entre los 300\u00a0000 libros de su biblioteca.<span class=\"Apple-converted-space\">\u00a0<\/span><\/p>\n","protected":false},"excerpt":{"rendered":"<p>Este Patrimonio de la UNESCO es una de las joyas arquitect\u00f3nicas y culturales de Hungr\u00eda. Tambi\u00e9n es uno de los monumentos hist\u00f3ricos m\u00e1s antiguos del pa\u00eds, que ofrece mucho que explorar y sorprender\u00e1 tanto a ni\u00f1os como a padres. Da un paseo por los jardines, admira la vista desde su monumental torre o pi\u00e9rdete entre [&hellip;]<\/p>\n","protected":false},"author":1,"featured_media":3244,"parent":2907,"menu_order":0,"comment_status":"closed","ping_status":"closed","template":"tpl-location.php","meta":{"_acf_changed":false,"footnotes":""},"acf":{"address":"Budapest, Szent Gy\u00f6rgy t\u00e9r 2, 1014 Hungary","location_type":"interest","map_link":"https:\/\/www.google.com\/maps\/place\/Pannonhalma+Archabbey\/@47.55212,17.7599177,17z\/data=!3m1!4b1!4m5!3m4!1s0x476bc58be5c1f541:0xf3b9254193936839!8m2!3d47.55212!4d17.7621064","trip_advisor":"https:\/\/www.tripadvisor.co.uk\/Attraction_Review-g754048-d7055227-Reviews-Pannonhalma_Archabbey-Pannonhalma_Gyor_Moson_Sopron_County_Central_Transdanubia.html","coordinates":{"latitude":"47.4962048","longitude":"19.0395666"},"charging_stations":[{"charging_station":"Type 2 (22.1 kW): Pannonhalma, Varaja, 9090 (1.9 km \/ 4 min)"}]},"aioseo_notices":[],"_links":{"self":[{"href":"https:\/\/nissantravelguide.com\/es\/wp-json\/wp\/v2\/pages\/3997"}],"collection":[{"href":"https:\/\/nissantravelguide.com\/es\/wp-json\/wp\/v2\/pages"}],"about":[{"href":"https:\/\/nissantravelguide.com\/es\/wp-json\/wp\/v2\/types\/page"}],"author":[{"embeddable":true,"href":"https:\/\/nissantravelguide.com\/es\/wp-json\/wp\/v2\/users\/1"}],"replies":[{"embeddable":true,"href":"https:\/\/nissantravelguide.com\/es\/wp-json\/wp\/v2\/comments?post=3997"}],"version-history":[{"count":0,"href":"https:\/\/nissantravelguide.com\/es\/wp-json\/wp\/v2\/pages\/3997\/revisions"}],"up":[{"embeddable":true,"href":"https:\/\/nissantravelguide.com\/es\/wp-json\/wp\/v2\/pages\/2907"}],"wp:featuredmedia":[{"embeddable":true,"href":"https:\/\/nissantravelguide.com\/es\/wp-json\/wp\/v2\/media\/3244"}],"wp:attachment":[{"href":"https:\/\/nissantravelguide.com\/es\/wp-json\/wp\/v2\/media?parent=3997"}],"curies":[{"name":"wp","href":"https:\/\/api.w.org\/{rel}","templated":true}]}}