{"id":3998,"date":"2022-12-12T09:44:02","date_gmt":"2022-12-12T09:44:02","guid":{"rendered":"https:\/\/nissantravelguide.com\/budapest\/tata\/"},"modified":"2022-12-13T11:47:40","modified_gmt":"2022-12-13T11:47:40","slug":"tata","status":"publish","type":"page","link":"https:\/\/nissantravelguide.com\/es\/budapest\/tata\/","title":{"rendered":"Tata"},"content":{"rendered":"<p class=\"p1\">La peque\u00f1a ciudad de Tata constituye una gran escapada de la ciudad de Budapest. Caminar por el lago tomar\u00e1 aproximadamente una hora. En la punta del lago se encuentra un castillo del siglo XIV que es tambi\u00e9n un lugar excelente que visitar.<span class=\"Apple-converted-space\">\u00a0<\/span><\/p>\n","protected":false},"excerpt":{"rendered":"<p>La peque\u00f1a ciudad de Tata constituye una gran escapada de la ciudad de Budapest. Caminar por el lago tomar\u00e1 aproximadamente una hora. En la punta del lago se encuentra un castillo del siglo XIV que es tambi\u00e9n un lugar excelente que visitar.\u00a0<\/p>\n","protected":false},"author":1,"featured_media":3274,"parent":2907,"menu_order":0,"comment_status":"closed","ping_status":"closed","template":"tpl-location.php","meta":{"_acf_changed":false,"footnotes":""},"acf":{"address":"Varalja ut 3, 2890","location_type":"interest","map_link":"https:\/\/www.google.co.uk\/maps\/place\/Tata,+Hungary\/@47.629845,18.3258791,12z\/data=!3m1!4b1!4m5!3m4!1s0x476a460d6f84ab01:0xb620f00f0720fe22!8m2!3d47.6458172!4d18.3303022","trip_advisor":"https:\/\/www.google.com\/url?q=https:\/\/www.tripadvisor.co.uk\/Tourism-g274917-Tata_Komarom_Esztergom_County_Central_Transdanubia-Vacations.html&sa=D&source=editors&ust=1669216928306062&usg=AOvVaw3QLz9-FV4Iuv-btmh_B0mI","coordinates":{"latitude":"47.629845","longitude":"18.3258791"},"charging_stations":[{"charging_station":"Type 2 (22 kW): Lidl Charging Station, Tata, Piac Ter 4, 2890 (700m \/ 2 min)"}]},"aioseo_notices":[],"_links":{"self":[{"href":"https:\/\/nissantravelguide.com\/es\/wp-json\/wp\/v2\/pages\/3998"}],"collection":[{"href":"https:\/\/nissantravelguide.com\/es\/wp-json\/wp\/v2\/pages"}],"about":[{"href":"https:\/\/nissantravelguide.com\/es\/wp-json\/wp\/v2\/types\/page"}],"author":[{"embeddable":true,"href":"https:\/\/nissantravelguide.com\/es\/wp-json\/wp\/v2\/users\/1"}],"replies":[{"embeddable":true,"href":"https:\/\/nissantravelguide.com\/es\/wp-json\/wp\/v2\/comments?post=3998"}],"version-history":[{"count":1,"href":"https:\/\/nissantravelguide.com\/es\/wp-json\/wp\/v2\/pages\/3998\/revisions"}],"predecessor-version":[{"id":4462,"href":"https:\/\/nissantravelguide.com\/es\/wp-json\/wp\/v2\/pages\/3998\/revisions\/4462"}],"up":[{"embeddable":true,"href":"https:\/\/nissantravelguide.com\/es\/wp-json\/wp\/v2\/pages\/2907"}],"wp:featuredmedia":[{"embeddable":true,"href":"https:\/\/nissantravelguide.com\/es\/wp-json\/wp\/v2\/media\/3274"}],"wp:attachment":[{"href":"https:\/\/nissantravelguide.com\/es\/wp-json\/wp\/v2\/media?parent=3998"}],"curies":[{"name":"wp","href":"https:\/\/api.w.org\/{rel}","templated":true}]}}