{"id":3999,"date":"2022-12-12T09:44:28","date_gmt":"2022-12-12T09:44:28","guid":{"rendered":"https:\/\/nissantravelguide.com\/budapest\/castillo-de-budapest\/"},"modified":"2022-12-12T09:44:28","modified_gmt":"2022-12-12T09:44:28","slug":"castillo-de-budapest","status":"publish","type":"page","link":"https:\/\/nissantravelguide.com\/es\/budapest\/castillo-de-budapest\/","title":{"rendered":"Castillo de Budapest"},"content":{"rendered":"<p class=\"p1\">El castillo de Buda, que domina la ciudad desde la cima de la colina V\u00e1rhegy, es uno de los s\u00edmbolos m\u00e1s ic\u00f3nicos de Budapest. El majestuoso castillo, que ofrece vistas incre\u00edbles que no necesitan un filtro de Instagram para destacar, alberga una serie de centros culturales. Desde la Galer\u00eda Nacional H\u00fangara hasta la Iglesia de Mat\u00edas, el funicular de la Colina del Castillo y los dulces manjares de Ruszwurm, estas atracciones permiten entrever el antiguo coraz\u00f3n de Budapest. Recomendaci\u00f3n estrella: aseg\u00farate de llevar calzado c\u00f3modo, ya que hay muchas calzadas adoquinadas por delante.<span class=\"Apple-converted-space\">\u00a0<\/span><\/p>\n","protected":false},"excerpt":{"rendered":"<p>El castillo de Buda, que domina la ciudad desde la cima de la colina V\u00e1rhegy, es uno de los s\u00edmbolos m\u00e1s ic\u00f3nicos de Budapest. El majestuoso castillo, que ofrece vistas incre\u00edbles que no necesitan un filtro de Instagram para destacar, alberga una serie de centros culturales. Desde la Galer\u00eda Nacional H\u00fangara hasta la Iglesia de [&hellip;]<\/p>\n","protected":false},"author":1,"featured_media":3079,"parent":2907,"menu_order":0,"comment_status":"closed","ping_status":"closed","template":"tpl-location.php","meta":{"_acf_changed":false,"footnotes":""},"acf":{"address":"Budapest, Szent Gy\u00f6rgy t\u00e9r 2, 1014 Hungary","location_type":"interest","map_link":"https:\/\/www.google.com\/maps\/place\/Buda+Castle\/@47.4962048,19.0395666,15z\/data=!4m5!3m4!1s0x0:0x3dce3a5fa9012576!8m2!3d47.4962048!4d19.0395666","trip_advisor":"https:\/\/www.tripadvisor.co.uk\/Attraction_Review-g274887-d276804-Reviews-Buda_Castle-Budapest_Central_Hungary.html","coordinates":{"latitude":"47.4962048","longitude":"19.0395666"},"charging_stations":[{"charging_station":"CHAdeMO (22.4kW) CCS (22.4kW): Pala Ut, 1011 (1.3km \/ 5 min)"}]},"aioseo_notices":[],"_links":{"self":[{"href":"https:\/\/nissantravelguide.com\/es\/wp-json\/wp\/v2\/pages\/3999"}],"collection":[{"href":"https:\/\/nissantravelguide.com\/es\/wp-json\/wp\/v2\/pages"}],"about":[{"href":"https:\/\/nissantravelguide.com\/es\/wp-json\/wp\/v2\/types\/page"}],"author":[{"embeddable":true,"href":"https:\/\/nissantravelguide.com\/es\/wp-json\/wp\/v2\/users\/1"}],"replies":[{"embeddable":true,"href":"https:\/\/nissantravelguide.com\/es\/wp-json\/wp\/v2\/comments?post=3999"}],"version-history":[{"count":0,"href":"https:\/\/nissantravelguide.com\/es\/wp-json\/wp\/v2\/pages\/3999\/revisions"}],"up":[{"embeddable":true,"href":"https:\/\/nissantravelguide.com\/es\/wp-json\/wp\/v2\/pages\/2907"}],"wp:featuredmedia":[{"embeddable":true,"href":"https:\/\/nissantravelguide.com\/es\/wp-json\/wp\/v2\/media\/3079"}],"wp:attachment":[{"href":"https:\/\/nissantravelguide.com\/es\/wp-json\/wp\/v2\/media?parent=3999"}],"curies":[{"name":"wp","href":"https:\/\/api.w.org\/{rel}","templated":true}]}}