{"id":4000,"date":"2022-12-12T09:45:03","date_gmt":"2022-12-12T09:45:03","guid":{"rendered":"https:\/\/nissantravelguide.com\/budapest\/galeria-nacional-hungara\/"},"modified":"2022-12-12T09:45:03","modified_gmt":"2022-12-12T09:45:03","slug":"galeria-nacional-hungara","status":"publish","type":"page","link":"https:\/\/nissantravelguide.com\/es\/budapest\/galeria-nacional-hungara\/","title":{"rendered":"Galer\u00eda Nacional H\u00fangara"},"content":{"rendered":"<p class=\"p1\">La Galer\u00eda Nacional H\u00fangara es la mayor colecci\u00f3n p\u00fablica que documenta y presenta el auge y el desarrollo de las bellas artes de Hungr\u00eda. El museo, que abarca cuatro pisos y varias alas del Castillo de Buda, alberga la historia del arte desde la \u00e9poca medieval hasta la pintura abstracta del siglo XX. Estamos seguros de que encontrar\u00e1s algo que te maravillar\u00e1 en su exposici\u00f3n de m\u00e1s de 10\u00a0000 pinturas, esculturas, dibujos y grabados.<\/p>\n","protected":false},"excerpt":{"rendered":"<p>La Galer\u00eda Nacional H\u00fangara es la mayor colecci\u00f3n p\u00fablica que documenta y presenta el auge y el desarrollo de las bellas artes de Hungr\u00eda. El museo, que abarca cuatro pisos y varias alas del Castillo de Buda, alberga la historia del arte desde la \u00e9poca medieval hasta la pintura abstracta del siglo XX. Estamos seguros [&hellip;]<\/p>\n","protected":false},"author":1,"featured_media":3315,"parent":2907,"menu_order":0,"comment_status":"closed","ping_status":"closed","template":"tpl-location.php","meta":{"_acf_changed":false,"footnotes":""},"acf":{"address":"Budapest, Szent Gy\u00f6rgy t\u00e9r 2, 1014 Hungary","location_type":"interest","map_link":"https:\/\/www.google.com\/maps\/place\/Hungarian+National+Gallery\/@47.4961134,19.0396622,15z\/data=!4m5!3m4!1s0x0:0x2fe2e46b9fd445cd!8m2!3d47.4961134!4d19.0396622","trip_advisor":"https:\/\/www.tripadvisor.co.uk\/Attraction_Review-g274887-d276806-Reviews-Hungarian_National_Gallery_Magyar_Nemzeti_Galeria-Budapest_Central_Hungary.html","coordinates":{"latitude":"47.4961134","longitude":"19.0396622"},"charging_stations":[{"charging_station":"CHAdeMO (22.4kW) \/ CCS (22.4kW): Pala Ut, 1011 (2.2 km \/ 9 min)"}]},"aioseo_notices":[],"_links":{"self":[{"href":"https:\/\/nissantravelguide.com\/es\/wp-json\/wp\/v2\/pages\/4000"}],"collection":[{"href":"https:\/\/nissantravelguide.com\/es\/wp-json\/wp\/v2\/pages"}],"about":[{"href":"https:\/\/nissantravelguide.com\/es\/wp-json\/wp\/v2\/types\/page"}],"author":[{"embeddable":true,"href":"https:\/\/nissantravelguide.com\/es\/wp-json\/wp\/v2\/users\/1"}],"replies":[{"embeddable":true,"href":"https:\/\/nissantravelguide.com\/es\/wp-json\/wp\/v2\/comments?post=4000"}],"version-history":[{"count":0,"href":"https:\/\/nissantravelguide.com\/es\/wp-json\/wp\/v2\/pages\/4000\/revisions"}],"up":[{"embeddable":true,"href":"https:\/\/nissantravelguide.com\/es\/wp-json\/wp\/v2\/pages\/2907"}],"wp:featuredmedia":[{"embeddable":true,"href":"https:\/\/nissantravelguide.com\/es\/wp-json\/wp\/v2\/media\/3315"}],"wp:attachment":[{"href":"https:\/\/nissantravelguide.com\/es\/wp-json\/wp\/v2\/media?parent=4000"}],"curies":[{"name":"wp","href":"https:\/\/api.w.org\/{rel}","templated":true}]}}