{"id":4001,"date":"2022-12-12T09:45:25","date_gmt":"2022-12-12T09:45:25","guid":{"rendered":"https:\/\/nissantravelguide.com\/budapest\/banos-de-szechenyi\/"},"modified":"2022-12-12T09:45:25","modified_gmt":"2022-12-12T09:45:25","slug":"banos-de-szechenyi","status":"publish","type":"page","link":"https:\/\/nissantravelguide.com\/es\/budapest\/banos-de-szechenyi\/","title":{"rendered":"Ba\u00f1os de Sz\u00e9chenyi"},"content":{"rendered":"<p class=\"p1\">\u00bfHas estado en Budapest (a menudo conocida como la ciudad de los balnearios) si no has estado en los ba\u00f1os de Szechenyi? Este spa natural de aguas termales, f\u00e1cilmente el lugar m\u00e1s instagrameable de la ciudad, es la atracci\u00f3n m\u00e1s visitada de la ciudad. Tambi\u00e9n es el mayor ba\u00f1o termal de Europa, y ofrece 18 piscinas, 10 saunas, varias terapias de masajes, tratamientos faciales y mucho, mucho m\u00e1s. Tendr\u00edas que buscar mucho para encontrar un lugar m\u00e1s relajante que los ba\u00f1os Szechenyi.<\/p>\n","protected":false},"excerpt":{"rendered":"<p>\u00bfHas estado en Budapest (a menudo conocida como la ciudad de los balnearios) si no has estado en los ba\u00f1os de Szechenyi? Este spa natural de aguas termales, f\u00e1cilmente el lugar m\u00e1s instagrameable de la ciudad, es la atracci\u00f3n m\u00e1s visitada de la ciudad. Tambi\u00e9n es el mayor ba\u00f1o termal de Europa, y ofrece 18 [&hellip;]<\/p>\n","protected":false},"author":1,"featured_media":3269,"parent":2907,"menu_order":0,"comment_status":"closed","ping_status":"closed","template":"tpl-location.php","meta":{"_acf_changed":false,"footnotes":""},"acf":{"address":"Budapest, \u00c1llatkerti krt. 9-11, 1146 Hungary","location_type":"interest","map_link":"https:\/\/www.google.com\/maps\/place\/Sz%C3%A9chenyi+Thermal+Bath\/@47.5186568,19.0823791,15z\/data=!4m5!3m4!1s0x0:0xcbc0c308b68d2412!8m2!3d47.5186568!4d19.0823791","trip_advisor":"https:\/\/www.tripadvisor.co.uk\/Attraction_Review-g274887-d279029-Reviews-Szechenyi_Baths_and_Pool-Budapest_Central_Hungary.html","coordinates":{"latitude":"47.5186568","longitude":"19.0823791"},"charging_stations":[{"charging_station":"Type 2, (22.1 kW): Mobiliti Charging Station, Andrassy Ut 121, 1062 (1km \/ 5 min)"}]},"aioseo_notices":[],"_links":{"self":[{"href":"https:\/\/nissantravelguide.com\/es\/wp-json\/wp\/v2\/pages\/4001"}],"collection":[{"href":"https:\/\/nissantravelguide.com\/es\/wp-json\/wp\/v2\/pages"}],"about":[{"href":"https:\/\/nissantravelguide.com\/es\/wp-json\/wp\/v2\/types\/page"}],"author":[{"embeddable":true,"href":"https:\/\/nissantravelguide.com\/es\/wp-json\/wp\/v2\/users\/1"}],"replies":[{"embeddable":true,"href":"https:\/\/nissantravelguide.com\/es\/wp-json\/wp\/v2\/comments?post=4001"}],"version-history":[{"count":0,"href":"https:\/\/nissantravelguide.com\/es\/wp-json\/wp\/v2\/pages\/4001\/revisions"}],"up":[{"embeddable":true,"href":"https:\/\/nissantravelguide.com\/es\/wp-json\/wp\/v2\/pages\/2907"}],"wp:featuredmedia":[{"embeddable":true,"href":"https:\/\/nissantravelguide.com\/es\/wp-json\/wp\/v2\/media\/3269"}],"wp:attachment":[{"href":"https:\/\/nissantravelguide.com\/es\/wp-json\/wp\/v2\/media?parent=4001"}],"curies":[{"name":"wp","href":"https:\/\/api.w.org\/{rel}","templated":true}]}}